{"id":3133,"date":"2026-03-25T17:17:04","date_gmt":"2026-03-25T20:17:04","guid":{"rendered":"https:\/\/isfdalmafuerte-bue.infd.edu.ar\/sitio\/?page_id=3133"},"modified":"2026-03-25T17:20:57","modified_gmt":"2026-03-25T20:20:57","slug":"podcast-pedagogias-del-algoritmo","status":"publish","type":"page","link":"https:\/\/isfdalmafuerte-bue.infd.edu.ar\/sitio\/podcast-pedagogias-del-algoritmo\/","title":{"rendered":"Podcast \u00abPedagog\u00edas del Algoritmo\u00bb"},"content":{"rendered":"\n<p>El podcast \u201cPedagog\u00edas del algoritmo: la Inteligencia Artificial tambi\u00e9n va a la escuela\u201d es un contenido producido por el Instituto Superior de Formaci\u00f3n Docente \u00abAlmafuerte\u00bb de Mar del Plata en el marco del desarrollo de sus proyectos de extensi\u00f3n. Invita a abordar cr\u00edticamente la relaci\u00f3n entre inteligencia artificial y educaci\u00f3n desde preguntas, opiniones y derivaciones que resignan toda pretensi\u00f3n de verdad. A lo largo de tres episodios, estudiantes, docentes, investigadorxs y especialistas reflexionan sobre algunas tensiones, desaf\u00edos y posibilidades que las Inteligencias Artificiales generan en las pr\u00e1cticas de ense\u00f1anza y aprendizaje.<\/p>\n\n\n\n<figure class=\"wp-block-embed is-type-rich is-provider-spotify wp-block-embed-spotify wp-embed-aspect-21-9 wp-has-aspect-ratio\"><div class=\"wp-block-embed__wrapper\">\n<iframe title=\"Spotify Embed: Ep. 01: Educar en la opacidad\" style=\"border-radius: 12px\" width=\"100%\" height=\"152\" frameborder=\"0\" allowfullscreen allow=\"autoplay; clipboard-write; encrypted-media; fullscreen; picture-in-picture\" loading=\"lazy\" src=\"https:\/\/open.spotify.com\/embed\/episode\/1kV7PDsFJCeN2qnsVsnHWs?utm_source=oembed\"><\/iframe>\n<\/div><\/figure>\n\n\n\n<p>Entrevistadxs: Gladys Fern\u00e1ndez, Miriam Kap, Lorena Ravalli, Mar\u00eda Marta Ulzurrun, Mar\u00eda Marta Yedaide, Marcos Llabra y Mariana Maggio.<\/p>\n\n\n\n<p>Recomendaciones a cargo de Profe Luisma.<\/p>\n\n\n\n<p>Producido por el ISFD Almafuerte bajo la coordinaci\u00f3n de Federico Ayciriet, David Bressan y Ana D&#8217;Angelo.<\/p>\n\n\n\n<p>Locuci\u00f3n: Martina Gargiulo.<\/p>\n\n\n\n<p><\/p>\n","protected":false},"excerpt":{"rendered":"<p>El podcast \u201cPedagog\u00edas del algoritmo: la Inteligencia Artificial tambi\u00e9n va a la escuela\u201d es un contenido producido por el Instituto Superior de Formaci\u00f3n Docente \u00abAlmafuerte\u00bb de Mar del Plata en el marco del desarrollo de sus proyectos de extensi\u00f3n. Invita a abordar cr\u00edticamente la relaci\u00f3n entre inteligencia artificial y educaci\u00f3n desde preguntas, opiniones y derivaciones &#8230; <a title=\"Podcast \u00abPedagog\u00edas del Algoritmo\u00bb\" class=\"read-more\" href=\"https:\/\/isfdalmafuerte-bue.infd.edu.ar\/sitio\/podcast-pedagogias-del-algoritmo\/\" aria-label=\"More on Podcast \u00abPedagog\u00edas del Algoritmo\u00bb\">[+]<\/a><\/p>\n","protected":false},"author":1269,"featured_media":0,"parent":0,"menu_order":0,"comment_status":"closed","ping_status":"closed","template":"","meta":[],"acf":[],"_links":{"self":[{"href":"https:\/\/isfdalmafuerte-bue.infd.edu.ar\/sitio\/wp-json\/wp\/v2\/pages\/3133"}],"collection":[{"href":"https:\/\/isfdalmafuerte-bue.infd.edu.ar\/sitio\/wp-json\/wp\/v2\/pages"}],"about":[{"href":"https:\/\/isfdalmafuerte-bue.infd.edu.ar\/sitio\/wp-json\/wp\/v2\/types\/page"}],"author":[{"embeddable":true,"href":"https:\/\/isfdalmafuerte-bue.infd.edu.ar\/sitio\/wp-json\/wp\/v2\/users\/1269"}],"replies":[{"embeddable":true,"href":"https:\/\/isfdalmafuerte-bue.infd.edu.ar\/sitio\/wp-json\/wp\/v2\/comments?post=3133"}],"version-history":[{"count":2,"href":"https:\/\/isfdalmafuerte-bue.infd.edu.ar\/sitio\/wp-json\/wp\/v2\/pages\/3133\/revisions"}],"predecessor-version":[{"id":3136,"href":"https:\/\/isfdalmafuerte-bue.infd.edu.ar\/sitio\/wp-json\/wp\/v2\/pages\/3133\/revisions\/3136"}],"wp:attachment":[{"href":"https:\/\/isfdalmafuerte-bue.infd.edu.ar\/sitio\/wp-json\/wp\/v2\/media?parent=3133"}],"curies":[{"name":"wp","href":"https:\/\/api.w.org\/{rel}","templated":true}]}}