{"id":3088,"date":"2025-11-28T12:17:39","date_gmt":"2025-11-28T15:17:39","guid":{"rendered":"https:\/\/isfdalmafuerte-bue.infd.edu.ar\/sitio\/?page_id=3088"},"modified":"2025-11-28T12:22:55","modified_gmt":"2025-11-28T15:22:55","slug":"proyectos-de-extension-2023","status":"publish","type":"page","link":"https:\/\/isfdalmafuerte-bue.infd.edu.ar\/sitio\/proyectos-de-extension-2023\/","title":{"rendered":"Proyectos de extensi\u00f3n 2023"},"content":{"rendered":"\n<p><strong>La cultura digital dice \u201cPresente\u201d.  Inclusi\u00f3n de tecnolog\u00edas en las aulas para una presencialidad resignificada<\/strong>. Propuesta de acompa\u00f1amiento a proyectos educativos mediados digitalmente en escuelas primarias municipales de Mar del Plata. A cargo de los profesores David Bressan y Federico Ayciriet. Informe disponible en https:\/\/drive.google.com\/file\/d\/1euAO6pZ6dUuWUBcAmvqoiIldG9nK1mqN\/view?usp=sharing<\/p>\n","protected":false},"excerpt":{"rendered":"<p>La cultura digital dice \u201cPresente\u201d. Inclusi\u00f3n de tecnolog\u00edas en las aulas para una presencialidad resignificada. Propuesta de acompa\u00f1amiento a proyectos educativos mediados digitalmente en escuelas primarias municipales de Mar del Plata. A cargo de los profesores David Bressan y Federico Ayciriet. Informe disponible en https:\/\/drive.google.com\/file\/d\/1euAO6pZ6dUuWUBcAmvqoiIldG9nK1mqN\/view?usp=sharing<\/p>\n","protected":false},"author":1269,"featured_media":0,"parent":0,"menu_order":0,"comment_status":"closed","ping_status":"closed","template":"","meta":[],"acf":[],"_links":{"self":[{"href":"https:\/\/isfdalmafuerte-bue.infd.edu.ar\/sitio\/wp-json\/wp\/v2\/pages\/3088"}],"collection":[{"href":"https:\/\/isfdalmafuerte-bue.infd.edu.ar\/sitio\/wp-json\/wp\/v2\/pages"}],"about":[{"href":"https:\/\/isfdalmafuerte-bue.infd.edu.ar\/sitio\/wp-json\/wp\/v2\/types\/page"}],"author":[{"embeddable":true,"href":"https:\/\/isfdalmafuerte-bue.infd.edu.ar\/sitio\/wp-json\/wp\/v2\/users\/1269"}],"replies":[{"embeddable":true,"href":"https:\/\/isfdalmafuerte-bue.infd.edu.ar\/sitio\/wp-json\/wp\/v2\/comments?post=3088"}],"version-history":[{"count":2,"href":"https:\/\/isfdalmafuerte-bue.infd.edu.ar\/sitio\/wp-json\/wp\/v2\/pages\/3088\/revisions"}],"predecessor-version":[{"id":3094,"href":"https:\/\/isfdalmafuerte-bue.infd.edu.ar\/sitio\/wp-json\/wp\/v2\/pages\/3088\/revisions\/3094"}],"wp:attachment":[{"href":"https:\/\/isfdalmafuerte-bue.infd.edu.ar\/sitio\/wp-json\/wp\/v2\/media?parent=3088"}],"curies":[{"name":"wp","href":"https:\/\/api.w.org\/{rel}","templated":true}]}}