{"id":3083,"date":"2025-11-28T09:54:26","date_gmt":"2025-11-28T12:54:26","guid":{"rendered":"https:\/\/isfdalmafuerte-bue.infd.edu.ar\/sitio\/?page_id=3083"},"modified":"2025-11-28T09:54:28","modified_gmt":"2025-11-28T12:54:28","slug":"notifuerte-agroquimicos-en-mar-del-plata-jovenes-y-memoria-2023","status":"publish","type":"page","link":"https:\/\/isfdalmafuerte-bue.infd.edu.ar\/sitio\/notifuerte-agroquimicos-en-mar-del-plata-jovenes-y-memoria-2023\/","title":{"rendered":"Notifuerte: agroqu\u00edmicos en Mar del Plata &#8211; J\u00f3venes y Memoria 2023"},"content":{"rendered":"\n<p>En 2023, trabajaron una problem\u00e1tica ambiental de la ciudad: los efectos de la fumigaci\u00f3n con agroqu\u00edmicos en la zona rural cercana al barrio Felix U. Camet y en el cintur\u00f3n frut\u00edhort\u00edcola. Investigaron sobre las transformaciones y debates en torno de las ordenanzas municipales que regulan la actividad en el digesto y a trav\u00e9s de una entrevista a un ex-funcionario del \u00e1rea de Ambiente. Para profundizar en lo referido a la salud entrevistaron a profesionales de la salud, docentes, cocineros de una escuela, vecinos y activistas. El producto final consisti\u00f3 en un video con formato de noticiero ficcionado.<\/p>\n\n\n\n<figure class=\"wp-block-embed aligncenter is-type-video is-provider-youtube wp-block-embed-youtube wp-embed-aspect-16-9 wp-has-aspect-ratio\"><div class=\"wp-block-embed__wrapper\">\n<iframe loading=\"lazy\" title=\"Notifuerte: agroqu\u00edmicos en Mar del Plata - J\u00f3venes y Memoria 2023\" width=\"1200\" height=\"675\" src=\"https:\/\/www.youtube.com\/embed\/IOYyZwvfBZo?feature=oembed\" frameborder=\"0\" allow=\"accelerometer; autoplay; clipboard-write; encrypted-media; gyroscope; picture-in-picture; web-share\" referrerpolicy=\"strict-origin-when-cross-origin\" allowfullscreen><\/iframe>\n<\/div><\/figure>\n","protected":false},"excerpt":{"rendered":"<p>En 2023, trabajaron una problem\u00e1tica ambiental de la ciudad: los efectos de la fumigaci\u00f3n con agroqu\u00edmicos en la zona rural cercana al barrio Felix U. Camet y en el cintur\u00f3n frut\u00edhort\u00edcola. Investigaron sobre las transformaciones y debates en torno de las ordenanzas municipales que regulan la actividad en el digesto y a trav\u00e9s de una &#8230; <a title=\"Notifuerte: agroqu\u00edmicos en Mar del Plata &#8211; J\u00f3venes y Memoria 2023\" class=\"read-more\" href=\"https:\/\/isfdalmafuerte-bue.infd.edu.ar\/sitio\/notifuerte-agroquimicos-en-mar-del-plata-jovenes-y-memoria-2023\/\" aria-label=\"More on Notifuerte: agroqu\u00edmicos en Mar del Plata &#8211; J\u00f3venes y Memoria 2023\">[+]<\/a><\/p>\n","protected":false},"author":1269,"featured_media":0,"parent":0,"menu_order":0,"comment_status":"closed","ping_status":"closed","template":"","meta":[],"acf":[],"_links":{"self":[{"href":"https:\/\/isfdalmafuerte-bue.infd.edu.ar\/sitio\/wp-json\/wp\/v2\/pages\/3083"}],"collection":[{"href":"https:\/\/isfdalmafuerte-bue.infd.edu.ar\/sitio\/wp-json\/wp\/v2\/pages"}],"about":[{"href":"https:\/\/isfdalmafuerte-bue.infd.edu.ar\/sitio\/wp-json\/wp\/v2\/types\/page"}],"author":[{"embeddable":true,"href":"https:\/\/isfdalmafuerte-bue.infd.edu.ar\/sitio\/wp-json\/wp\/v2\/users\/1269"}],"replies":[{"embeddable":true,"href":"https:\/\/isfdalmafuerte-bue.infd.edu.ar\/sitio\/wp-json\/wp\/v2\/comments?post=3083"}],"version-history":[{"count":1,"href":"https:\/\/isfdalmafuerte-bue.infd.edu.ar\/sitio\/wp-json\/wp\/v2\/pages\/3083\/revisions"}],"predecessor-version":[{"id":3084,"href":"https:\/\/isfdalmafuerte-bue.infd.edu.ar\/sitio\/wp-json\/wp\/v2\/pages\/3083\/revisions\/3084"}],"wp:attachment":[{"href":"https:\/\/isfdalmafuerte-bue.infd.edu.ar\/sitio\/wp-json\/wp\/v2\/media?parent=3083"}],"curies":[{"name":"wp","href":"https:\/\/api.w.org\/{rel}","templated":true}]}}