{"id":3072,"date":"2025-11-18T19:21:34","date_gmt":"2025-11-18T22:21:34","guid":{"rendered":"https:\/\/isfdalmafuerte-bue.infd.edu.ar\/sitio\/?page_id=3072"},"modified":"2025-11-18T19:27:08","modified_gmt":"2025-11-18T22:27:08","slug":"15-anos-consecutivos-del-isfd-almafuerte-en-jovenes-y-memoria","status":"publish","type":"page","link":"https:\/\/isfdalmafuerte-bue.infd.edu.ar\/sitio\/15-anos-consecutivos-del-isfd-almafuerte-en-jovenes-y-memoria\/","title":{"rendered":"15 a\u00f1os consecutivos del ISFD Almafuerte en J\u00f3venes y Memoria"},"content":{"rendered":"\n<p>Las estudiantes que cursaron el Taller Extracurricular Ciudadan\u00eda y Derechos Humanos participaron del encuentro de cierre del Programa J\u00f3venes y Memoria, en Camet. Acompa\u00f1adas por las docentes Paula Barral Sanchez y Cecilia Rustoyburu presentaron un video sobre los resultados del proyecto de investigaci\u00f3n de este a\u00f1o.<\/p>\n\n\n\n<p>Compartieron d\u00edas de debates sobre problem\u00e1ticas actuales, vulneraci\u00f3n de derechos y construcci\u00f3n de memorias colectivas junto a j\u00f3venes de otras ciudades de la provincia de Buenos Aires. Se trata de una experiencia formativa potente porque vivenciaron propuestas pedag\u00f3gicas cr\u00edticas y transformadoras.<\/p>\n\n\n\n<p><\/p>\n\n\n\n<iframe loading=\"lazy\" width=\"560\" height=\"315\" src=\"https:\/\/www.youtube.com\/embed\/QjtBmvxh2ww?si=yGqTDLZ-izEmyeYR\" title=\"YouTube video player\" frameborder=\"0\" allow=\"accelerometer; autoplay; clipboard-write; encrypted-media; gyroscope; picture-in-picture; web-share\" referrerpolicy=\"strict-origin-when-cross-origin\" allowfullscreen><\/iframe>\n","protected":false},"excerpt":{"rendered":"<p>Las estudiantes que cursaron el Taller Extracurricular Ciudadan\u00eda y Derechos Humanos participaron del encuentro de cierre del Programa J\u00f3venes y Memoria, en Camet. Acompa\u00f1adas por las docentes Paula Barral Sanchez y Cecilia Rustoyburu presentaron un video sobre los resultados del proyecto de investigaci\u00f3n de este a\u00f1o. Compartieron d\u00edas de debates sobre problem\u00e1ticas actuales, vulneraci\u00f3n de &#8230; <a title=\"15 a\u00f1os consecutivos del ISFD Almafuerte en J\u00f3venes y Memoria\" class=\"read-more\" href=\"https:\/\/isfdalmafuerte-bue.infd.edu.ar\/sitio\/15-anos-consecutivos-del-isfd-almafuerte-en-jovenes-y-memoria\/\" aria-label=\"More on 15 a\u00f1os consecutivos del ISFD Almafuerte en J\u00f3venes y Memoria\">[+]<\/a><\/p>\n","protected":false},"author":1269,"featured_media":0,"parent":0,"menu_order":0,"comment_status":"closed","ping_status":"closed","template":"","meta":[],"acf":[],"_links":{"self":[{"href":"https:\/\/isfdalmafuerte-bue.infd.edu.ar\/sitio\/wp-json\/wp\/v2\/pages\/3072"}],"collection":[{"href":"https:\/\/isfdalmafuerte-bue.infd.edu.ar\/sitio\/wp-json\/wp\/v2\/pages"}],"about":[{"href":"https:\/\/isfdalmafuerte-bue.infd.edu.ar\/sitio\/wp-json\/wp\/v2\/types\/page"}],"author":[{"embeddable":true,"href":"https:\/\/isfdalmafuerte-bue.infd.edu.ar\/sitio\/wp-json\/wp\/v2\/users\/1269"}],"replies":[{"embeddable":true,"href":"https:\/\/isfdalmafuerte-bue.infd.edu.ar\/sitio\/wp-json\/wp\/v2\/comments?post=3072"}],"version-history":[{"count":2,"href":"https:\/\/isfdalmafuerte-bue.infd.edu.ar\/sitio\/wp-json\/wp\/v2\/pages\/3072\/revisions"}],"predecessor-version":[{"id":3075,"href":"https:\/\/isfdalmafuerte-bue.infd.edu.ar\/sitio\/wp-json\/wp\/v2\/pages\/3072\/revisions\/3075"}],"wp:attachment":[{"href":"https:\/\/isfdalmafuerte-bue.infd.edu.ar\/sitio\/wp-json\/wp\/v2\/media?parent=3072"}],"curies":[{"name":"wp","href":"https:\/\/api.w.org\/{rel}","templated":true}]}}