{"id":3069,"date":"2025-11-18T19:02:31","date_gmt":"2025-11-18T22:02:31","guid":{"rendered":"https:\/\/isfdalmafuerte-bue.infd.edu.ar\/sitio\/?page_id=3069"},"modified":"2025-11-28T11:57:03","modified_gmt":"2025-11-28T14:57:03","slug":"ciclo-lectivo-2025","status":"publish","type":"page","link":"https:\/\/isfdalmafuerte-bue.infd.edu.ar\/sitio\/ciclo-lectivo-2025\/","title":{"rendered":"Ciclo lectivo 2025"},"content":{"rendered":"\n<p>Rese\u00f1as cr\u00edticas elaboradas por estudiantes de primer a\u00f1o en el marco del <strong>Taller de Lectura, Escritura y Oralidad (LEO)<\/strong>, a cargo de la Prof. Constanza Fuertes.<\/p>\n\n\n<div class=\"wp-block-image\">\n<figure class=\"aligncenter size-full\"><a href=\"https:\/\/www.canva.com\/design\/DAG4aRIfJPg\/HJS_38I9H4fuhWFd9Rl7RA\/view?utm_content=DAG4aRIfJPg&amp;utm_campaign=designshare&amp;utm_medium=link2&amp;utm_source=uniquelinks&amp;utlId=hc584d02eae\"><img decoding=\"async\" loading=\"lazy\" width=\"851\" height=\"483\" src=\"https:\/\/isfdalmafuerte-bue.infd.edu.ar\/sitio\/wp-content\/uploads\/2025\/11\/constanza.png\" alt=\"\" class=\"wp-image-3077\" srcset=\"https:\/\/isfdalmafuerte-bue.infd.edu.ar\/sitio\/wp-content\/uploads\/2025\/11\/constanza.png 851w, https:\/\/isfdalmafuerte-bue.infd.edu.ar\/sitio\/wp-content\/uploads\/2025\/11\/constanza-768x436.png 768w\" sizes=\"(max-width: 851px) 100vw, 851px\" \/><\/a><\/figure><\/div>\n\n\n<hr class=\"wp-block-separator has-alpha-channel-opacity\"\/>\n\n\n\n<p><\/p>\n\n\n\n<p><\/p>\n\n\n\n<p>Proyecto de articulaci\u00f3n entre \u00ab<strong>Medios audiovisuales, TIC&#8217;s y Educaci\u00f3n\u00bb y \u00abConfiguraciones<\/strong> <strong>culturales del sujeto de Educaci\u00f3n Primaria<\/strong>\u00ab. Ejercicio de indagaci\u00f3n en clave investigativa con trabajo de campo. Abordaje de consumos culturales y estrategias de cuidado en ni\u00f1xs y j\u00f3venes en escenarios mediados digitalmente.<\/p>\n\n\n\n<div style=\"width: 100%;\"><div style=\"position: relative; padding-bottom: 64.17%; padding-top: 0; height: 0;\"><iframe loading=\"lazy\" title=\"Consumos culturales y cuidado en tiempos de digitalidad\" frameborder=\"0\" width=\"1200\" height=\"770\" style=\"position: absolute; top: 0; left: 0; width: 100%; height: 100%;\" src=\"https:\/\/view.genially.com\/69053f48b75ea19582baee81\" type=\"text\/html\" allowscriptaccess=\"always\" allowfullscreen=\"true\" scrolling=\"yes\" allownetworking=\"all\"><\/iframe> <\/div> <\/div>\n","protected":false},"excerpt":{"rendered":"<p>Rese\u00f1as cr\u00edticas elaboradas por estudiantes de primer a\u00f1o en el marco del Taller de Lectura, Escritura y Oralidad (LEO), a cargo de la Prof. Constanza Fuertes. Proyecto de articulaci\u00f3n entre \u00abMedios audiovisuales, TIC&#8217;s y Educaci\u00f3n\u00bb y \u00abConfiguraciones culturales del sujeto de Educaci\u00f3n Primaria\u00ab. Ejercicio de indagaci\u00f3n en clave investigativa con trabajo de campo. Abordaje de &#8230; <a title=\"Ciclo lectivo 2025\" class=\"read-more\" href=\"https:\/\/isfdalmafuerte-bue.infd.edu.ar\/sitio\/ciclo-lectivo-2025\/\" aria-label=\"More on Ciclo lectivo 2025\">[+]<\/a><\/p>\n","protected":false},"author":140,"featured_media":0,"parent":0,"menu_order":0,"comment_status":"closed","ping_status":"closed","template":"","meta":[],"acf":[],"_links":{"self":[{"href":"https:\/\/isfdalmafuerte-bue.infd.edu.ar\/sitio\/wp-json\/wp\/v2\/pages\/3069"}],"collection":[{"href":"https:\/\/isfdalmafuerte-bue.infd.edu.ar\/sitio\/wp-json\/wp\/v2\/pages"}],"about":[{"href":"https:\/\/isfdalmafuerte-bue.infd.edu.ar\/sitio\/wp-json\/wp\/v2\/types\/page"}],"author":[{"embeddable":true,"href":"https:\/\/isfdalmafuerte-bue.infd.edu.ar\/sitio\/wp-json\/wp\/v2\/users\/140"}],"replies":[{"embeddable":true,"href":"https:\/\/isfdalmafuerte-bue.infd.edu.ar\/sitio\/wp-json\/wp\/v2\/comments?post=3069"}],"version-history":[{"count":4,"href":"https:\/\/isfdalmafuerte-bue.infd.edu.ar\/sitio\/wp-json\/wp\/v2\/pages\/3069\/revisions"}],"predecessor-version":[{"id":3086,"href":"https:\/\/isfdalmafuerte-bue.infd.edu.ar\/sitio\/wp-json\/wp\/v2\/pages\/3069\/revisions\/3086"}],"wp:attachment":[{"href":"https:\/\/isfdalmafuerte-bue.infd.edu.ar\/sitio\/wp-json\/wp\/v2\/media?parent=3069"}],"curies":[{"name":"wp","href":"https:\/\/api.w.org\/{rel}","templated":true}]}}