{"id":3025,"date":"2025-06-22T14:56:35","date_gmt":"2025-06-22T17:56:35","guid":{"rendered":"https:\/\/isfdalmafuerte-bue.infd.edu.ar\/sitio\/?page_id=3025"},"modified":"2025-06-22T14:56:37","modified_gmt":"2025-06-22T17:56:37","slug":"recursero-alfabetizacion-mediatica","status":"publish","type":"page","link":"https:\/\/isfdalmafuerte-bue.infd.edu.ar\/sitio\/recursero-alfabetizacion-mediatica\/","title":{"rendered":"Recursero: Alfabetizaci\u00f3n Medi\u00e1tica"},"content":{"rendered":"\n<p>Recursero sobre alfabetizaci\u00f3n medi\u00e1tica desarrollado por el ISFD Almafuerte. Recupera materiales de Educ.ar, Nuestra Escuela, INFoD Continuemos Estudiando, Fundaci\u00f3n Sadowsky, TEDx. Tambi\u00e9n cuenta con bibliograf\u00eda sugerida que ofrece una mirada local y nacional sobre Medios digitales y educaci\u00f3n, haciendo especial hincapi\u00e9 en la relaci\u00f3n entre Inteligencia Artificial y Escuela. <\/p>\n\n\n<div class=\"wp-block-image\">\n<figure class=\"aligncenter size-large is-resized\"><a href=\"https:\/\/drive.google.com\/file\/d\/1a7hFrCult_aiU6xnwWELb5gzkdkqXwO4\/view?usp=drive_link\"><img decoding=\"async\" loading=\"lazy\" src=\"https:\/\/isfdalmafuerte-bue.infd.edu.ar\/sitio\/wp-content\/uploads\/2025\/06\/IA-y-Educacion-1-1343x1900.png\" alt=\"\" class=\"wp-image-3026\" width=\"548\" height=\"775\" srcset=\"https:\/\/isfdalmafuerte-bue.infd.edu.ar\/sitio\/wp-content\/uploads\/2025\/06\/IA-y-Educacion-1-1343x1900.png 1343w, https:\/\/isfdalmafuerte-bue.infd.edu.ar\/sitio\/wp-content\/uploads\/2025\/06\/IA-y-Educacion-1-707x1000.png 707w, https:\/\/isfdalmafuerte-bue.infd.edu.ar\/sitio\/wp-content\/uploads\/2025\/06\/IA-y-Educacion-1-768x1086.png 768w, https:\/\/isfdalmafuerte-bue.infd.edu.ar\/sitio\/wp-content\/uploads\/2025\/06\/IA-y-Educacion-1-1086x1536.png 1086w, https:\/\/isfdalmafuerte-bue.infd.edu.ar\/sitio\/wp-content\/uploads\/2025\/06\/IA-y-Educacion-1-1448x2048.png 1448w, https:\/\/isfdalmafuerte-bue.infd.edu.ar\/sitio\/wp-content\/uploads\/2025\/06\/IA-y-Educacion-1.png 1587w\" sizes=\"(max-width: 548px) 100vw, 548px\" \/><\/a><\/figure><\/div>","protected":false},"excerpt":{"rendered":"<p>Recursero sobre alfabetizaci\u00f3n medi\u00e1tica desarrollado por el ISFD Almafuerte. Recupera materiales de Educ.ar, Nuestra Escuela, INFoD Continuemos Estudiando, Fundaci\u00f3n Sadowsky, TEDx. Tambi\u00e9n cuenta con bibliograf\u00eda sugerida que ofrece una mirada local y nacional sobre Medios digitales y educaci\u00f3n, haciendo especial hincapi\u00e9 en la relaci\u00f3n entre Inteligencia Artificial y Escuela.<\/p>\n","protected":false},"author":1269,"featured_media":0,"parent":0,"menu_order":0,"comment_status":"closed","ping_status":"closed","template":"","meta":[],"acf":[],"_links":{"self":[{"href":"https:\/\/isfdalmafuerte-bue.infd.edu.ar\/sitio\/wp-json\/wp\/v2\/pages\/3025"}],"collection":[{"href":"https:\/\/isfdalmafuerte-bue.infd.edu.ar\/sitio\/wp-json\/wp\/v2\/pages"}],"about":[{"href":"https:\/\/isfdalmafuerte-bue.infd.edu.ar\/sitio\/wp-json\/wp\/v2\/types\/page"}],"author":[{"embeddable":true,"href":"https:\/\/isfdalmafuerte-bue.infd.edu.ar\/sitio\/wp-json\/wp\/v2\/users\/1269"}],"replies":[{"embeddable":true,"href":"https:\/\/isfdalmafuerte-bue.infd.edu.ar\/sitio\/wp-json\/wp\/v2\/comments?post=3025"}],"version-history":[{"count":1,"href":"https:\/\/isfdalmafuerte-bue.infd.edu.ar\/sitio\/wp-json\/wp\/v2\/pages\/3025\/revisions"}],"predecessor-version":[{"id":3027,"href":"https:\/\/isfdalmafuerte-bue.infd.edu.ar\/sitio\/wp-json\/wp\/v2\/pages\/3025\/revisions\/3027"}],"wp:attachment":[{"href":"https:\/\/isfdalmafuerte-bue.infd.edu.ar\/sitio\/wp-json\/wp\/v2\/media?parent=3025"}],"curies":[{"name":"wp","href":"https:\/\/api.w.org\/{rel}","templated":true}]}}