{"id":2913,"date":"2023-12-15T10:49:03","date_gmt":"2023-12-15T13:49:03","guid":{"rendered":"https:\/\/isfdalmafuerte-bue.infd.edu.ar\/sitio\/?page_id=2913"},"modified":"2023-12-15T11:03:43","modified_gmt":"2023-12-15T14:03:43","slug":"producciones-ciclo-lectivo-2023","status":"publish","type":"page","link":"https:\/\/isfdalmafuerte-bue.infd.edu.ar\/sitio\/producciones-ciclo-lectivo-2023\/","title":{"rendered":"Producciones \u2013 Ciclo Lectivo 2023"},"content":{"rendered":"\n<p><\/p>\n\n\n\n<p><strong>Proyecto anual e interdisciplinario de 2do a\u00f1o, del que participan las materias Did\u00e1ctica de Pr\u00e1cticas del Lenguaje y la Literatura I y Educaci\u00f3n Art\u00edstica: \u00abTras las pistas del investigador: Itinerario de textos policiales\u00bb<\/strong><\/p>\n\n\n\n<p>La Literatura como un espacio que permite la exploraci\u00f3n y la apreciaci\u00f3n de los juegos del lenguaje, como as\u00ed tambi\u00e9n, el \u201chabitar\u201d -por un momento- otros mundos. Esta propuesta deseamos promover la adquisici\u00f3n de nuevos espacios, modos y recursos de producci\u00f3n e interpretaci\u00f3n art\u00edstica, brindando oportunidades para la construcci\u00f3n reflexiva.<\/p>\n\n\n<div class=\"wp-block-image\">\n<figure class=\"aligncenter size-full is-resized\"><a href=\"https:\/\/www.instagram.com\/proyectosegundoayb\/?hl=es\"><img decoding=\"async\" loading=\"lazy\" src=\"https:\/\/isfdalmafuerte-bue.infd.edu.ar\/sitio\/wp-content\/uploads\/2023\/12\/PROYECTO_2ab.png\" alt=\"\" class=\"wp-image-2920\" width=\"413\" height=\"274\" srcset=\"https:\/\/isfdalmafuerte-bue.infd.edu.ar\/sitio\/wp-content\/uploads\/2023\/12\/PROYECTO_2ab.png 799w, https:\/\/isfdalmafuerte-bue.infd.edu.ar\/sitio\/wp-content\/uploads\/2023\/12\/PROYECTO_2ab-768x508.png 768w\" sizes=\"(max-width: 413px) 100vw, 413px\" \/><\/a><figcaption class=\"wp-element-caption\"><a href=\"https:\/\/www.instagram.com\/proyectosegundoayb\/?hl=es\">Producciones en Instagram<\/a><\/figcaption><\/figure><\/div>\n\n\n<p><\/p>\n\n\n\n<p><strong>Taller de Lectura Escritura y Oralidad:<\/strong><\/p>\n\n\n\n<p class=\"has-text-align-center\"><a href=\"https:\/\/drive.google.com\/file\/d\/1mN6qiwJPC9-m7JeGFggOFyAe8VAJ_QEF\/view?usp=drive_link\">Taller-LEO-2023-Rese\u00f1as Descarga<\/a><\/p>\n\n\n<div class=\"wp-block-image\">\n<figure class=\"aligncenter size-full\"><a href=\"https:\/\/drive.google.com\/file\/d\/1mN6qiwJPC9-m7JeGFggOFyAe8VAJ_QEF\/view?usp=drive_link\"><img decoding=\"async\" loading=\"lazy\" width=\"681\" height=\"517\" src=\"https:\/\/isfdalmafuerte-bue.infd.edu.ar\/sitio\/wp-content\/uploads\/2023\/12\/Taller-de-LEO.png\" alt=\"\" class=\"wp-image-2914\"\/><\/a><\/figure><\/div>","protected":false},"excerpt":{"rendered":"<p>Proyecto anual e interdisciplinario de 2do a\u00f1o, del que participan las materias Did\u00e1ctica de Pr\u00e1cticas del Lenguaje y la Literatura I y Educaci\u00f3n Art\u00edstica: \u00abTras las pistas del investigador: Itinerario de textos policiales\u00bb La Literatura como un espacio que permite la exploraci\u00f3n y la apreciaci\u00f3n de los juegos del lenguaje, como as\u00ed tambi\u00e9n, el \u201chabitar\u201d &#8230; <a title=\"Producciones \u2013 Ciclo Lectivo 2023\" class=\"read-more\" href=\"https:\/\/isfdalmafuerte-bue.infd.edu.ar\/sitio\/producciones-ciclo-lectivo-2023\/\" aria-label=\"More on Producciones \u2013 Ciclo Lectivo 2023\">[+]<\/a><\/p>\n","protected":false},"author":140,"featured_media":0,"parent":0,"menu_order":0,"comment_status":"closed","ping_status":"closed","template":"","meta":[],"acf":[],"_links":{"self":[{"href":"https:\/\/isfdalmafuerte-bue.infd.edu.ar\/sitio\/wp-json\/wp\/v2\/pages\/2913"}],"collection":[{"href":"https:\/\/isfdalmafuerte-bue.infd.edu.ar\/sitio\/wp-json\/wp\/v2\/pages"}],"about":[{"href":"https:\/\/isfdalmafuerte-bue.infd.edu.ar\/sitio\/wp-json\/wp\/v2\/types\/page"}],"author":[{"embeddable":true,"href":"https:\/\/isfdalmafuerte-bue.infd.edu.ar\/sitio\/wp-json\/wp\/v2\/users\/140"}],"replies":[{"embeddable":true,"href":"https:\/\/isfdalmafuerte-bue.infd.edu.ar\/sitio\/wp-json\/wp\/v2\/comments?post=2913"}],"version-history":[{"count":3,"href":"https:\/\/isfdalmafuerte-bue.infd.edu.ar\/sitio\/wp-json\/wp\/v2\/pages\/2913\/revisions"}],"predecessor-version":[{"id":2921,"href":"https:\/\/isfdalmafuerte-bue.infd.edu.ar\/sitio\/wp-json\/wp\/v2\/pages\/2913\/revisions\/2921"}],"wp:attachment":[{"href":"https:\/\/isfdalmafuerte-bue.infd.edu.ar\/sitio\/wp-json\/wp\/v2\/media?parent=2913"}],"curies":[{"name":"wp","href":"https:\/\/api.w.org\/{rel}","templated":true}]}}