{"id":286,"date":"2016-10-31T13:17:59","date_gmt":"2016-10-31T16:17:59","guid":{"rendered":"https:\/\/isfdalmafuerte-bue.infd.edu.ar\/sitio\/?page_id=286"},"modified":"2026-03-25T17:06:50","modified_gmt":"2026-03-25T20:06:50","slug":"inicio","status":"publish","type":"page","link":"https:\/\/isfdalmafuerte-bue.infd.edu.ar\/sitio\/","title":{"rendered":"Inicio"},"content":{"rendered":"<p><a href=\"https:\/\/isfdalmafuerte-bue.infd.edu.ar\/aula\/escritorio.cgi\"><img decoding=\"async\" loading=\"lazy\" class=\"alignnone  wp-image-2560\" src=\"https:\/\/isfdalmafuerte-bue.infd.edu.ar\/sitio\/wp-content\/uploads\/2022\/05\/ISFD-Almafuerte-Campus-virtual-ok-1000x481.png\" alt=\"\" width=\"358\" height=\"172\" srcset=\"https:\/\/isfdalmafuerte-bue.infd.edu.ar\/sitio\/wp-content\/uploads\/2022\/05\/ISFD-Almafuerte-Campus-virtual-ok-1000x481.png 1000w, https:\/\/isfdalmafuerte-bue.infd.edu.ar\/sitio\/wp-content\/uploads\/2022\/05\/ISFD-Almafuerte-Campus-virtual-ok-768x370.png 768w, https:\/\/isfdalmafuerte-bue.infd.edu.ar\/sitio\/wp-content\/uploads\/2022\/05\/ISFD-Almafuerte-Campus-virtual-ok.png 1018w\" sizes=\"(max-width: 358px) 100vw, 358px\" \/><\/a> <a href=\"https:\/\/isfdalmafuerte-bue.infd.edu.ar\/sitio\/blog\/\"><img decoding=\"async\" loading=\"lazy\" class=\"alignnone size-full wp-image-2558\" src=\"https:\/\/isfdalmafuerte-bue.infd.edu.ar\/sitio\/wp-content\/uploads\/2022\/05\/ISFD-Almafuerte-Novedades-OK.png\" alt=\"\" width=\"357\" height=\"173\" \/><\/a> <a href=\"https:\/\/isfdalmafuerte-bue.infd.edu.ar\/sitio\/inscripciones-2026\/\"><img decoding=\"async\" loading=\"lazy\" class=\"alignnone wp-image-2559 size-full\" src=\"https:\/\/isfdalmafuerte-bue.infd.edu.ar\/sitio\/wp-content\/uploads\/2022\/05\/ISFD-Almafuerte-Inscripciones-ok.png\" alt=\"\" width=\"357\" height=\"173\" \/><\/a><\/p>\n<div id=\"metaslider-id-1457\" style=\"width: 100%;\" class=\"ml-slider-3-33-0 metaslider metaslider-flex metaslider-1457 ml-slider ms-theme-default\" role=\"region\" aria-roledescription=\"Slideshow\" aria-label=\"Slideshow\">\n    <div id=\"metaslider_container_1457\">\n        <div id=\"metaslider_1457\" class=\"flexslider\">\n            <ul aria-live=\"polite\" class=\"slides\">\n                <li style=\"display: block; width: 100%;\" class=\"slide-2725 ms-image\" aria-roledescription=\"slide\" aria-label=\"slide-2725\"><img src=\"https:\/\/isfdalmafuerte-bue.infd.edu.ar\/sitio\/wp-content\/uploads\/2025\/12\/IMG-20251114-WA0073.bmp\" height=\"300\" width=\"900\" alt=\"\" class=\"slider-1457 slide-2725\" title=\"IMG-20251114-WA0073\" \/><\/li>\n                <li style=\"display: none; width: 100%;\" class=\"slide-2822 ms-image\" aria-roledescription=\"slide\" aria-label=\"slide-2822\"><img src=\"https:\/\/isfdalmafuerte-bue.infd.edu.ar\/sitio\/wp-content\/uploads\/2023\/04\/WhatsApp-Image-2023-04-26-at-13.44.15-1.jpeg\" height=\"300\" width=\"900\" alt=\"\" class=\"slider-1457 slide-2822\" title=\"WhatsApp Image 2023-04-26 at 13.44.15 (1)\" \/><\/li>\n                <li style=\"display: none; width: 100%;\" class=\"slide-2824 ms-image\" aria-roledescription=\"slide\" aria-label=\"slide-2824\"><img src=\"https:\/\/isfdalmafuerte-bue.infd.edu.ar\/sitio\/wp-content\/uploads\/2023\/04\/imagen_home_2.jpg\" height=\"300\" width=\"900\" alt=\"\" class=\"slider-1457 slide-2824\" title=\"imagen_home_2\" \/><\/li>\n                <li style=\"display: none; width: 100%;\" class=\"slide-2840 ms-image\" aria-roledescription=\"slide\" aria-label=\"slide-2840\"><img src=\"https:\/\/isfdalmafuerte-bue.infd.edu.ar\/sitio\/wp-content\/uploads\/2023\/05\/feria_libro.jpg\" height=\"300\" width=\"900\" alt=\"\" class=\"slider-1457 slide-2840\" title=\"feria_libro\" \/><\/li>\n                <li style=\"display: none; width: 100%;\" class=\"slide-1680 ms-image\" aria-roledescription=\"slide\" aria-label=\"slide-1680\"><img src=\"https:\/\/isfdalmafuerte-bue.infd.edu.ar\/sitio\/wp-content\/uploads\/2019\/09\/Escuela-16_2.jpg\" height=\"300\" width=\"900\" alt=\"\" class=\"slider-1457 slide-1680\" title=\"Escuela 16_2\" \/><\/li>\n                <li style=\"display: none; width: 100%;\" class=\"slide-2826 ms-image\" aria-roledescription=\"slide\" aria-label=\"slide-2826\"><img src=\"https:\/\/isfdalmafuerte-bue.infd.edu.ar\/sitio\/wp-content\/uploads\/2023\/04\/home.png\" height=\"300\" width=\"900\" alt=\"\" class=\"slider-1457 slide-2826\" title=\"home\" \/><\/li>\n                <li style=\"display: none; width: 100%;\" class=\"slide-1488 ms-image\" aria-roledescription=\"slide\" aria-label=\"slide-1488\"><img src=\"https:\/\/isfdalmafuerte-bue.infd.edu.ar\/sitio\/wp-content\/uploads\/2019\/04\/slider_2-900x300.jpg\" height=\"300\" width=\"900\" alt=\"\" class=\"slider-1457 slide-1488\" title=\"slider_2\" \/><\/li>\n                <li style=\"display: none; width: 100%;\" class=\"slide-2723 ms-image\" aria-roledescription=\"slide\" aria-label=\"slide-2723\"><img src=\"https:\/\/isfdalmafuerte-bue.infd.edu.ar\/sitio\/wp-content\/uploads\/2022\/11\/IMG-20221015-WA0149.jpg\" height=\"300\" width=\"900\" alt=\"\" class=\"slider-1457 slide-2723\" title=\"IMG-20221015-WA0149\" \/><\/li>\n            <\/ul>\n        <\/div>\n        \n    <\/div>\n<\/div>\n<p>El Instituto Superior de Formaci\u00f3n Docente \u00abAlmafuerte\u00bb, forma parte del Sistema Educativo de la Municipalidad de General Pueyrredon, Mar del Plata.\u00a0Actualmente se cursa la Carrera del Profesorado de Educaci\u00f3n Primaria.\u00a0Es una instituci\u00f3n no arancelada, cuyo t\u00edtulo tiene validez nacional. A trav\u00e9s de este sitio en Internet y del Blog, nuestro Instituto comunica novedades, acerca informaci\u00f3n, comparte experiencias y brinda apoyo y asesoramiento a\u00a0alumnos, docentes e interesados en formar parte de esta comunidad educativa.<\/p>\n<p style=\"text-align: center;\"><iframe data-testid=\"embed-iframe\" style=\"border-radius:12px\" src=\"https:\/\/open.spotify.com\/embed\/show\/5aAFrVjbLgF4oGPAEN5RCw?utm_source=generator\" width=\"100%\" height=\"352\" frameBorder=\"0\" allowfullscreen=\"\" allow=\"autoplay; clipboard-write; encrypted-media; fullscreen; picture-in-picture\" loading=\"lazy\"><\/iframe><\/p>\n<p style=\"text-align: center;\">&#8212;&#8212;&#8212;&#8212;&#8212;&#8212;&#8212;&#8212;&#8212;&#8212;&#8212;&#8212;&#8212;&#8212;&#8212;&#8212;&#8212;&#8212;&#8212;&#8212;&#8212;&#8212;&#8212;&#8212;&#8212;&#8212;-<\/p>\n<p style=\"text-align: justify;\"><span style=\"color: #003300; font-size: 10pt;\" data-mce-mark=\"1\">Junto con varios cientos de Institutos, integramos la <strong><em><span style=\"color: #003300; font-size: 14pt;\" data-mce-mark=\"1\">Red\u00a0Virtual de Institutos Superiores de Formaci\u00f3n Docente<\/span><\/em><\/strong>\u00a0coordinada por el <strong><span style=\"color: #003300; font-size: 14pt;\" data-mce-mark=\"1\">INFD<\/span><\/strong> (Instituto Nacional de Formaci\u00f3n Docente) dependiente del Ministerio de Educaci\u00f3n de la Naci\u00f3n\u00a0 Argentina.<\/span><\/p>\n<p><span style=\"color: #003300; font-size: 14pt;\" data-mce-mark=\"1\"><img decoding=\"async\" loading=\"lazy\" class=\"wp-image-1539 aligncenter\" src=\"https:\/\/isfdalmafuerte-bue.infd.edu.ar\/sitio\/wp-content\/uploads\/2019\/05\/grafismo.png\" alt=\"\" width=\"138\" height=\"107\" srcset=\"https:\/\/isfdalmafuerte-bue.infd.edu.ar\/sitio\/wp-content\/uploads\/2019\/05\/grafismo.png 995w, https:\/\/isfdalmafuerte-bue.infd.edu.ar\/sitio\/wp-content\/uploads\/2019\/05\/grafismo-768x593.png 768w\" sizes=\"(max-width: 138px) 100vw, 138px\" \/><\/span><\/p>\n<style>.wp-show-posts-columns#wpsp-383 {margin-left: -2em; }.wp-show-posts-columns#wpsp-383 .wp-show-posts-inner {margin: 0 0 2em 2em; }<\/style><section id=\"wpsp-383\" class=\" wp-show-posts-columns wp-show-posts\" style=\"\"><article class=\" wp-show-posts-single post-2874 post type-post status-publish format-standard hentry category-sin-categoria wpsp-col-4\" itemtype=\"http:\/\/schema.org\/CreativeWork\" itemscope><div class=\"wp-show-posts-inner\" style=\"\">\t\t\t\t\t\t<header class=\"wp-show-posts-entry-header\">\n\t\t\t\t\t\t\t<h2 class=\"wp-show-posts-entry-title\" itemprop=\"headline\"><a href=\"https:\/\/isfdalmafuerte-bue.infd.edu.ar\/sitio\/sesion-del-consejo-academico-institucional-cai-el-20-10\/\" rel=\"bookmark\">Sesi\u00f3n del Consejo Acad\u00e9mico Institucional (CAI) el 27\/10<\/a><\/h2>\t\t\t\t\t\t<\/header><!-- .entry-header -->\n\t\t\t\t\t\t\t\t\t\t\t<div class=\"wp-show-posts-entry-summary\" itemprop=\"text\">\n\t\t\t\t\t\t\t<p>El pr\u00f3ximo jueves 27\/10 a las 12:30 horas el Consejo Acad\u00e9mico Institucional (CAI) del ISFD \u00abAlmafuerte\u00bb realizar\u00e1 una nueva sesi\u00f3n con el siguiente orden del d\u00eda: Recordamos que estas sesiones&#8230;<\/p>\n\t\t\t\t\t\t<\/div><!-- .entry-summary -->\n\t\t\t\t\t<\/div><!-- wp-show-posts-inner --><\/article><article class=\" wp-show-posts-single post-3041 post type-post status-publish format-standard hentry category-sin-categoria wpsp-col-4\" itemtype=\"http:\/\/schema.org\/CreativeWork\" itemscope><div class=\"wp-show-posts-inner\" style=\"\">\t\t\t\t\t\t<header class=\"wp-show-posts-entry-header\">\n\t\t\t\t\t\t\t<h2 class=\"wp-show-posts-entry-title\" itemprop=\"headline\"><a href=\"https:\/\/isfdalmafuerte-bue.infd.edu.ar\/sitio\/becas-progresar-nueva-etapa-de-reclamo-y-proximos-procesos-para-los-institutos-de-educacion-superior\/\" rel=\"bookmark\">Becas Progresar: nueva etapa de reclamo y pr\u00f3ximos procesos para los institutos de educaci\u00f3n superior<\/a><\/h2>\t\t\t\t\t\t<\/header><!-- .entry-header -->\n\t\t\t\t\t\t\t\t\t\t\t<div class=\"wp-show-posts-entry-summary\" itemprop=\"text\">\n\t\t\t\t\t\t\t<p>Nueva informaci\u00f3n referida a las becas PROGRESAR:\u00a0 Los reclamos los pueden activar las\/os estudiantes inscriptas\/os en la segunda convocatoria que no hayan sido adjudicada\/os por motivos acad\u00e9micos. El instructivo de&#8230;<\/p>\n\t\t\t\t\t\t<\/div><!-- .entry-summary -->\n\t\t\t\t\t<\/div><!-- wp-show-posts-inner --><\/article><article class=\" wp-show-posts-single post-3038 post type-post status-publish format-standard hentry category-sin-categoria wpsp-col-4\" itemtype=\"http:\/\/schema.org\/CreativeWork\" itemscope><div class=\"wp-show-posts-inner\" style=\"\">\t\t\t\t\t\t<header class=\"wp-show-posts-entry-header\">\n\t\t\t\t\t\t\t<h2 class=\"wp-show-posts-entry-title\" itemprop=\"headline\"><a href=\"https:\/\/isfdalmafuerte-bue.infd.edu.ar\/sitio\/asamblea-anual-de-cooperadora\/\" rel=\"bookmark\">Asamblea Anual de Cooperadora<\/a><\/h2>\t\t\t\t\t\t<\/header><!-- .entry-header -->\n\t\t\t\t\t\t\t\t\t\t\t<div class=\"wp-show-posts-entry-summary\" itemprop=\"text\">\n\t\t\t\t\t\t\t<p>Convocatoria a Asamblea Anual de Cooperadora para el d\u00eda 29 de agosto, en el horario de 9.30 hs. Lugar: Aula Serrano. Orden del d\u00eda: Tratamiento de Memoria y Balance Anual&#8230;<\/p>\n\t\t\t\t\t\t<\/div><!-- .entry-summary -->\n\t\t\t\t\t<\/div><!-- wp-show-posts-inner --><\/article><div class=\"wpsp-clear\"><\/div><\/section><!-- .wp-show-posts -->\n","protected":false},"excerpt":{"rendered":"<p>El Instituto Superior de Formaci\u00f3n Docente \u00abAlmafuerte\u00bb, forma parte del Sistema Educativo de la Municipalidad de General Pueyrredon, Mar del Plata.\u00a0Actualmente se cursa la Carrera del Profesorado de Educaci\u00f3n Primaria.\u00a0Es una instituci\u00f3n no arancelada, cuyo t\u00edtulo tiene validez nacional. A trav\u00e9s de este sitio en Internet y del Blog, nuestro Instituto comunica novedades, acerca informaci\u00f3n, &#8230; <a title=\"Asamblea Anual de Cooperadora\" class=\"read-more\" href=\"https:\/\/isfdalmafuerte-bue.infd.edu.ar\/sitio\/asamblea-anual-de-cooperadora\/\" aria-label=\"More on Asamblea Anual de Cooperadora\">[+]<\/a><\/p>\n","protected":false},"author":7,"featured_media":0,"parent":0,"menu_order":0,"comment_status":"closed","ping_status":"closed","template":"","meta":[],"acf":[],"_links":{"self":[{"href":"https:\/\/isfdalmafuerte-bue.infd.edu.ar\/sitio\/wp-json\/wp\/v2\/pages\/286"}],"collection":[{"href":"https:\/\/isfdalmafuerte-bue.infd.edu.ar\/sitio\/wp-json\/wp\/v2\/pages"}],"about":[{"href":"https:\/\/isfdalmafuerte-bue.infd.edu.ar\/sitio\/wp-json\/wp\/v2\/types\/page"}],"author":[{"embeddable":true,"href":"https:\/\/isfdalmafuerte-bue.infd.edu.ar\/sitio\/wp-json\/wp\/v2\/users\/7"}],"replies":[{"embeddable":true,"href":"https:\/\/isfdalmafuerte-bue.infd.edu.ar\/sitio\/wp-json\/wp\/v2\/comments?post=286"}],"version-history":[{"count":234,"href":"https:\/\/isfdalmafuerte-bue.infd.edu.ar\/sitio\/wp-json\/wp\/v2\/pages\/286\/revisions"}],"predecessor-version":[{"id":3132,"href":"https:\/\/isfdalmafuerte-bue.infd.edu.ar\/sitio\/wp-json\/wp\/v2\/pages\/286\/revisions\/3132"}],"wp:attachment":[{"href":"https:\/\/isfdalmafuerte-bue.infd.edu.ar\/sitio\/wp-json\/wp\/v2\/media?parent=286"}],"curies":[{"name":"wp","href":"https:\/\/api.w.org\/{rel}","templated":true}]}}