{"id":2782,"date":"2023-03-09T12:50:10","date_gmt":"2023-03-09T15:50:10","guid":{"rendered":"https:\/\/isfdalmafuerte-bue.infd.edu.ar\/sitio\/?page_id=2782"},"modified":"2023-03-17T11:01:25","modified_gmt":"2023-03-17T14:01:25","slug":"postitulos","status":"publish","type":"page","link":"https:\/\/isfdalmafuerte-bue.infd.edu.ar\/sitio\/postitulos\/","title":{"rendered":"Post\u00edtulos"},"content":{"rendered":"\n<p><\/p>\n\n\n\n<p>Post\u00edtulo de Actualizaci\u00f3n Acad\u00e9mica en Educaci\u00f3n Primaria de J\u00f3venes, Adultos y Adultos Mayores (JAyAM)<\/p>\n\n\n\n<p>El post\u00edtulo surge de la necesidad de revisitar las pr\u00e1cticas docentes en la educaci\u00f3n primaria de J\u00f3venes, Adultos y Adultos Mayores. Intenta propiciar la reconfiguraci\u00f3n del posicionamiento docente, mediante la promoci\u00f3n de pr\u00e1cticas pedag\u00f3gicas inclusivas y con perspectiva de g\u00e9nero, que articulen la educaci\u00f3n formal con los \u00e1mbitos de la vida ciudadana y laboral y con la continuidad de los estudios, en el marco de los ejes de la pol\u00edtica educativa.<\/p>\n\n\n\n<p>Destinado a docentes de Nivel Primario.<br>Duraci\u00f3n: 1 a\u00f1o.<br>Otorga puntaje.<br>D\u00eda de cursada: S\u00e1bados.<br>Trayecto formativo no arancelado.<\/p>\n\n\n\n<p><\/p>\n\n\n\n<ul>\n<li><a href=\"https:\/\/drive.google.com\/file\/d\/1TGbhac-StES1QV5vk_OkZLGHVR4CN8vH\/view?usp=share_link\" data-type=\"URL\" data-id=\"https:\/\/drive.google.com\/file\/d\/1TGbhac-StES1QV5vk_OkZLGHVR4CN8vH\/view?usp=share_link\">Clic para acceder al Dise\u00f1o Curricular<\/a><br><br><\/li>\n<\/ul>\n","protected":false},"excerpt":{"rendered":"<p>Post\u00edtulo de Actualizaci\u00f3n Acad\u00e9mica en Educaci\u00f3n Primaria de J\u00f3venes, Adultos y Adultos Mayores (JAyAM) El post\u00edtulo surge de la necesidad de revisitar las pr\u00e1cticas docentes en la educaci\u00f3n primaria de J\u00f3venes, Adultos y Adultos Mayores. Intenta propiciar la reconfiguraci\u00f3n del posicionamiento docente, mediante la promoci\u00f3n de pr\u00e1cticas pedag\u00f3gicas inclusivas y con perspectiva de g\u00e9nero, que &#8230; <a title=\"Post\u00edtulos\" class=\"read-more\" href=\"https:\/\/isfdalmafuerte-bue.infd.edu.ar\/sitio\/postitulos\/\" aria-label=\"More on Post\u00edtulos\">[+]<\/a><\/p>\n","protected":false},"author":1269,"featured_media":0,"parent":0,"menu_order":0,"comment_status":"closed","ping_status":"closed","template":"","meta":[],"acf":[],"_links":{"self":[{"href":"https:\/\/isfdalmafuerte-bue.infd.edu.ar\/sitio\/wp-json\/wp\/v2\/pages\/2782"}],"collection":[{"href":"https:\/\/isfdalmafuerte-bue.infd.edu.ar\/sitio\/wp-json\/wp\/v2\/pages"}],"about":[{"href":"https:\/\/isfdalmafuerte-bue.infd.edu.ar\/sitio\/wp-json\/wp\/v2\/types\/page"}],"author":[{"embeddable":true,"href":"https:\/\/isfdalmafuerte-bue.infd.edu.ar\/sitio\/wp-json\/wp\/v2\/users\/1269"}],"replies":[{"embeddable":true,"href":"https:\/\/isfdalmafuerte-bue.infd.edu.ar\/sitio\/wp-json\/wp\/v2\/comments?post=2782"}],"version-history":[{"count":6,"href":"https:\/\/isfdalmafuerte-bue.infd.edu.ar\/sitio\/wp-json\/wp\/v2\/pages\/2782\/revisions"}],"predecessor-version":[{"id":2810,"href":"https:\/\/isfdalmafuerte-bue.infd.edu.ar\/sitio\/wp-json\/wp\/v2\/pages\/2782\/revisions\/2810"}],"wp:attachment":[{"href":"https:\/\/isfdalmafuerte-bue.infd.edu.ar\/sitio\/wp-json\/wp\/v2\/media?parent=2782"}],"curies":[{"name":"wp","href":"https:\/\/api.w.org\/{rel}","templated":true}]}}