{"id":2755,"date":"2023-02-09T11:52:14","date_gmt":"2023-02-09T14:52:14","guid":{"rendered":"https:\/\/isfdalmafuerte-bue.infd.edu.ar\/sitio\/?page_id=2755"},"modified":"2023-02-09T11:52:15","modified_gmt":"2023-02-09T14:52:15","slug":"jovenes-y-memoria-a-40-anos-de-la-guerra-de-malvinas","status":"publish","type":"page","link":"https:\/\/isfdalmafuerte-bue.infd.edu.ar\/sitio\/jovenes-y-memoria-a-40-anos-de-la-guerra-de-malvinas\/","title":{"rendered":"J\u00f3venes y Memoria a 40 a\u00f1os de la Guerra de Malvinas"},"content":{"rendered":"\n<p>En el marco del 40 aniversario de la Guerra de Malvinas, el abordaje de este a\u00f1o retom\u00f3 el proyecto desarrollado en 2019, llamado \u00abMar del Plata tiene un h\u00e9roe\u00bb, en el que se cuestion\u00f3 el reconocimiento de de Pedro Edgardo Giachino como \u00abel primer ca\u00eddo de Malvinas\u00bb cuando, hab\u00eda formado parte de las fuerzas armadas y se lo vinculaba con cr\u00edmenes de lesa humanidad cometidos durante la \u00faltima dictadura c\u00edvico militar.<\/p>\n\n\n\n<p>De todos los lugares que llevan su nombre, las estudiantes eligieron la plaza del barrio Felix U. Camet para realizar una investigaci\u00f3n en torno a las representaciones y discursos que circulan sobre la figura de Giachino.<\/p>\n\n\n\n<p>\u00abAl comenzar con nuestra investigaci\u00f3n y adentrarnos al barrio empezamos a escuchar las diferentes voces de la comunidad y nos dimos cuenta que el barrio manten\u00eda dos posturas frente a la figura de Giachino y la plaza que lleva su nombre. Es importante mencionar que gran parte del barrio pertenece al ej\u00e9rcito (por su cercan\u00eda con el GADA) mientras que el otro sector es completamente ajeno a este, participa de comedores sociales, tienen huertas comunitarias, etc. El primer grupo reivindica a Giachino y reconoce la plaza con su nombre y el segundo desconoce el nombre de la plaza o esta en contra decide nombrarla como \u201cPlaza central\u201d ya que es la forma que tienen ellos de no reivindicarlo. Estando en contacto con la comunidad nos dimos cuenta que cada sector construye su identidad.<\/p>\n\n\n\n<p>Nosotres, docentes en formaci\u00f3n, salimos a buscar respuestas a la pregunta \u00bfPor qu\u00e9 en la ciudad de Mar del Plata existen diversos espacios que reivindican la figura de un represor? Necesitamos recorrer esos espacios para abrirnos camino y acercarnos a la comunidad para no detenernos. Pens\u00e1bamos que \u00edbamos a encontrarnos con una postura firme dentro del barrio que reivindica dicha figura resaltando una identidad conformada pero descubrimos distintas miradas y posturas que hacen a esa comunidad\u00bb.<\/p>\n","protected":false},"excerpt":{"rendered":"<p>En el marco del 40 aniversario de la Guerra de Malvinas, el abordaje de este a\u00f1o retom\u00f3 el proyecto desarrollado en 2019, llamado \u00abMar del Plata tiene un h\u00e9roe\u00bb, en el que se cuestion\u00f3 el reconocimiento de de Pedro Edgardo Giachino como \u00abel primer ca\u00eddo de Malvinas\u00bb cuando, hab\u00eda formado parte de las fuerzas armadas &#8230; <a title=\"J\u00f3venes y Memoria a 40 a\u00f1os de la Guerra de Malvinas\" class=\"read-more\" href=\"https:\/\/isfdalmafuerte-bue.infd.edu.ar\/sitio\/jovenes-y-memoria-a-40-anos-de-la-guerra-de-malvinas\/\" aria-label=\"More on J\u00f3venes y Memoria a 40 a\u00f1os de la Guerra de Malvinas\">[+]<\/a><\/p>\n","protected":false},"author":1269,"featured_media":0,"parent":0,"menu_order":0,"comment_status":"closed","ping_status":"closed","template":"","meta":[],"acf":[],"_links":{"self":[{"href":"https:\/\/isfdalmafuerte-bue.infd.edu.ar\/sitio\/wp-json\/wp\/v2\/pages\/2755"}],"collection":[{"href":"https:\/\/isfdalmafuerte-bue.infd.edu.ar\/sitio\/wp-json\/wp\/v2\/pages"}],"about":[{"href":"https:\/\/isfdalmafuerte-bue.infd.edu.ar\/sitio\/wp-json\/wp\/v2\/types\/page"}],"author":[{"embeddable":true,"href":"https:\/\/isfdalmafuerte-bue.infd.edu.ar\/sitio\/wp-json\/wp\/v2\/users\/1269"}],"replies":[{"embeddable":true,"href":"https:\/\/isfdalmafuerte-bue.infd.edu.ar\/sitio\/wp-json\/wp\/v2\/comments?post=2755"}],"version-history":[{"count":1,"href":"https:\/\/isfdalmafuerte-bue.infd.edu.ar\/sitio\/wp-json\/wp\/v2\/pages\/2755\/revisions"}],"predecessor-version":[{"id":2756,"href":"https:\/\/isfdalmafuerte-bue.infd.edu.ar\/sitio\/wp-json\/wp\/v2\/pages\/2755\/revisions\/2756"}],"wp:attachment":[{"href":"https:\/\/isfdalmafuerte-bue.infd.edu.ar\/sitio\/wp-json\/wp\/v2\/media?parent=2755"}],"curies":[{"name":"wp","href":"https:\/\/api.w.org\/{rel}","templated":true}]}}