{"id":2627,"date":"2022-08-04T09:36:03","date_gmt":"2022-08-04T12:36:03","guid":{"rendered":"https:\/\/isfdalmafuerte-bue.infd.edu.ar\/sitio\/?page_id=2627"},"modified":"2022-08-04T09:38:47","modified_gmt":"2022-08-04T12:38:47","slug":"bibliografia-sobre-esi","status":"publish","type":"page","link":"https:\/\/isfdalmafuerte-bue.infd.edu.ar\/sitio\/bibliografia-sobre-esi\/","title":{"rendered":"Bibliograf\u00eda sobre ESI"},"content":{"rendered":"\n<figure class=\"wp-block-table\"><table><tbody><tr><td>LIBROS<\/td><\/tr><tr><td><strong>CODIGO<\/strong><\/td><td class=\"has-text-align-left\" data-align=\"left\"><strong>TITULO<\/strong><\/td><td class=\"has-text-align-center\" data-align=\"center\"><strong>AUTOR<\/strong><\/td><td class=\"has-text-align-center\" data-align=\"center\"><strong>CANTIDAD<\/strong><\/td><td>&nbsp;<\/td><\/tr><tr><td>ESI&nbsp;&nbsp;&nbsp;&nbsp;&nbsp;&nbsp;&nbsp;&nbsp;&nbsp;&nbsp; 16<\/td><td class=\"has-text-align-left\" data-align=\"left\">LEER IM\u00c1GENES<\/td><td class=\"has-text-align-center\" data-align=\"center\">COLECCI\u00d3N DDHH, GENERO y ESI en la escuela<\/td><td class=\"has-text-align-center\" data-align=\"center\">2<\/td><td>MINISTERIO DE EDUCACI\u00d3N<\/td><\/tr><tr><\/tr><tr><td>ESI&nbsp;&nbsp;&nbsp;&nbsp;&nbsp;&nbsp;&nbsp;&nbsp;&nbsp;&nbsp; 17<\/td><td class=\"has-text-align-left\" data-align=\"left\">AMBIENTE<\/td><td class=\"has-text-align-center\" data-align=\"center\">COLECCI\u00d3N DDHH, GENERO y ESI en la escuela<\/td><td class=\"has-text-align-center\" data-align=\"center\">2<\/td><td>MINISTERIO DE EDUCACI\u00d3N<\/td><\/tr><tr><\/tr><tr><td>ESI&nbsp;&nbsp;&nbsp;&nbsp;&nbsp;&nbsp;&nbsp;&nbsp;&nbsp; 18<\/td><td class=\"has-text-align-left\" data-align=\"left\">EL G\u00c9NERO DE LA PATRIA una propuesta para mirar el pasado nacional desde una nueva agenda de derechos.<\/td><td class=\"has-text-align-center\" data-align=\"center\">TREBISACCE, POZZIO; FERNANDEZ CORDERO y OTRAS<\/td><td class=\"has-text-align-center\" data-align=\"center\">6<\/td><td>MINISTERIO DE EDUCACI\u00d3N<\/td><\/tr><tr><\/tr><tr><\/tr><tr><td>ESI&nbsp;&nbsp;&nbsp;&nbsp;&nbsp;&nbsp;&nbsp;&nbsp;&nbsp;&nbsp;&nbsp; 19&nbsp;<\/td><td class=\"has-text-align-left\" data-align=\"left\">EL G\u00c9NERO DE LA PATRIA L\u00e1minas conmemorativas al 24 DE MARZO<\/td><td class=\"has-text-align-center\" data-align=\"center\">&nbsp;<\/td><td class=\"has-text-align-center\" data-align=\"center\">5<\/td><td>MINISTERIO DE EDUCACI\u00d3N<\/td><\/tr><tr><\/tr><tr><td>ESI&nbsp;&nbsp;&nbsp;&nbsp;&nbsp;&nbsp;&nbsp;&nbsp;&nbsp;&nbsp; 20<\/td><td class=\"has-text-align-left\" data-align=\"left\">EL G\u00c9NERO DE LA PATRIA L\u00e1minas conmemorativas al 02 DE ABRIL<\/td><td class=\"has-text-align-center\" data-align=\"center\">&nbsp;<\/td><td class=\"has-text-align-center\" data-align=\"center\">5<\/td><td>MINISTERIO DE EDUCACI\u00d3N<\/td><\/tr><tr><\/tr><tr><td>ESI&nbsp;&nbsp;&nbsp;&nbsp;&nbsp;&nbsp;&nbsp;&nbsp;&nbsp;&nbsp; 21<\/td><td class=\"has-text-align-left\" data-align=\"left\">L\u00c1MINAS \u00abMALVINAS EN LA ESCUELA\u00bb Memoria, Soberan\u00eda y Democracia<\/td><td class=\"has-text-align-center\" data-align=\"center\">&nbsp;<\/td><td class=\"has-text-align-center\" data-align=\"center\">2<\/td><td>MINISTERIO DE EDUCACI\u00d3N<\/td><\/tr><tr><\/tr><tr><td>ESI&nbsp;&nbsp;&nbsp;&nbsp;&nbsp;&nbsp;&nbsp;&nbsp;&nbsp;&nbsp; 22<\/td><td class=\"has-text-align-left\" data-align=\"left\">EL G\u00c9NERO DE LA PATRIA L\u00e1minas conmemorativas al 01 DE MAYO&nbsp;<\/td><td class=\"has-text-align-center\" data-align=\"center\">&nbsp;<\/td><td class=\"has-text-align-center\" data-align=\"center\">5<\/td><td>MINISTERIO DE EDUCACI\u00d3N<\/td><\/tr><tr><\/tr><tr><td>ESI&nbsp;&nbsp;&nbsp;&nbsp;&nbsp;&nbsp;&nbsp;&nbsp;&nbsp; 23<\/td><td class=\"has-text-align-left\" data-align=\"left\">EL G\u00c9NERO DE LA PATRIA L\u00e1minas conmemorativas al 25 DE MAYO<\/td><td class=\"has-text-align-center\" data-align=\"center\">&nbsp;<\/td><td class=\"has-text-align-center\" data-align=\"center\">5<\/td><td>MINISTERIO DE EDUCACI\u00d3N<\/td><\/tr><tr><td>&nbsp;<\/td><\/tr><tr><td>ESI&nbsp;&nbsp;&nbsp;&nbsp;&nbsp;&nbsp;&nbsp;&nbsp;&nbsp; 24<\/td><td class=\"has-text-align-left\" data-align=\"left\">EL G\u00c9NERO DE LA PATRIA L\u00e1minas conmemorativas al 17 DE JUNIO<\/td><td class=\"has-text-align-center\" data-align=\"center\">&nbsp;<\/td><td class=\"has-text-align-center\" data-align=\"center\">5<\/td><td>MINISTERIO DE EDUCACI\u00d3N<\/td><\/tr><tr><\/tr><tr><td>ESI&nbsp;&nbsp;&nbsp;&nbsp;&nbsp;&nbsp;&nbsp;&nbsp;&nbsp; 25<\/td><td class=\"has-text-align-left\" data-align=\"left\">EL G\u00c9NERO DE LA PATRIA L\u00e1minas conmemorativas al 20 DE JUNIO<\/td><td class=\"has-text-align-center\" data-align=\"center\">&nbsp;<\/td><td class=\"has-text-align-center\" data-align=\"center\">5<\/td><td>MINISTERIO DE EDUCACI\u00d3N<\/td><\/tr><tr><\/tr><tr><td>ESI&nbsp;&nbsp;&nbsp;&nbsp;&nbsp;&nbsp;&nbsp;&nbsp;&nbsp; 26<\/td><td class=\"has-text-align-left\" data-align=\"left\">EL G\u00c9NERO DE LA PATRIA L\u00e1minas conmemorativas al 09 DE JULIO<\/td><td class=\"has-text-align-center\" data-align=\"center\">&nbsp;<\/td><td class=\"has-text-align-center\" data-align=\"center\">5<\/td><td>MINISTERIO DE EDUCACI\u00d3N<\/td><\/tr><tr><td>&nbsp;<\/td><\/tr><tr><td>ESI&nbsp;&nbsp;&nbsp;&nbsp;&nbsp;&nbsp;&nbsp;&nbsp;&nbsp; 27&nbsp;<\/td><td class=\"has-text-align-left\" data-align=\"left\">EL G\u00c9NERO DE LA PATRIA L\u00e1minas conmemorativas al 17 DE AGOSTO<\/td><td class=\"has-text-align-center\" data-align=\"center\">&nbsp;<\/td><td class=\"has-text-align-center\" data-align=\"center\">5<\/td><td>MINISTERIO DE EDUCACI\u00d3N<\/td><\/tr><tr><\/tr><tr><td>ESI&nbsp;&nbsp;&nbsp;&nbsp;&nbsp;&nbsp;&nbsp;&nbsp;&nbsp; 28<\/td><td class=\"has-text-align-left\" data-align=\"left\">EL G\u00c9NERO DE LA PATRIA L\u00e1minas conmemorativas al 11 DE SEPTIEMBRE<\/td><td class=\"has-text-align-center\" data-align=\"center\">&nbsp;<\/td><td class=\"has-text-align-center\" data-align=\"center\">5<\/td><td>MINISTERIO DE EDUCACI\u00d3N<\/td><\/tr><tr><\/tr><tr><td>ESI&nbsp;&nbsp;&nbsp;&nbsp;&nbsp;&nbsp;&nbsp;&nbsp;&nbsp; 29<\/td><td class=\"has-text-align-left\" data-align=\"left\">EL G\u00c9NERO DE LA PATRIA L\u00e1minas conmemorativas al 12 DE OCTUBRE<\/td><td class=\"has-text-align-center\" data-align=\"center\">&nbsp;<\/td><td class=\"has-text-align-center\" data-align=\"center\">5<\/td><td>MINISTERIO DE EDUCACI\u00d3N<\/td><\/tr><tr><\/tr><tr><td>ESI&nbsp;&nbsp;&nbsp;&nbsp;&nbsp;&nbsp;&nbsp;&nbsp; 30<\/td><td class=\"has-text-align-left\" data-align=\"left\">EL G\u00c9NERO DE LA PATRIA L\u00e1minas conmemorativas al 20 DE NOVIEMBRE<\/td><td class=\"has-text-align-center\" data-align=\"center\">&nbsp;<\/td><td class=\"has-text-align-center\" data-align=\"center\">5<\/td><td>MINISTERIO DE EDUCACI\u00d3N<\/td><\/tr><tr><\/tr><\/tbody><\/table><\/figure>\n","protected":false},"excerpt":{"rendered":"<p>LIBROS CODIGO TITULO AUTOR CANTIDAD &nbsp; ESI&nbsp;&nbsp;&nbsp;&nbsp;&nbsp;&nbsp;&nbsp;&nbsp;&nbsp;&nbsp; 16 LEER IM\u00c1GENES COLECCI\u00d3N DDHH, GENERO y ESI en la escuela 2 MINISTERIO DE EDUCACI\u00d3N ESI&nbsp;&nbsp;&nbsp;&nbsp;&nbsp;&nbsp;&nbsp;&nbsp;&nbsp;&nbsp; 17 AMBIENTE COLECCI\u00d3N DDHH, GENERO y ESI en la escuela 2 MINISTERIO DE EDUCACI\u00d3N ESI&nbsp;&nbsp;&nbsp;&nbsp;&nbsp;&nbsp;&nbsp;&nbsp;&nbsp; 18 EL G\u00c9NERO DE LA PATRIA una propuesta para mirar el pasado nacional desde una nueva agenda &#8230; <a title=\"Bibliograf\u00eda sobre ESI\" class=\"read-more\" href=\"https:\/\/isfdalmafuerte-bue.infd.edu.ar\/sitio\/bibliografia-sobre-esi\/\" aria-label=\"More on Bibliograf\u00eda sobre ESI\">[+]<\/a><\/p>\n","protected":false},"author":1269,"featured_media":0,"parent":0,"menu_order":0,"comment_status":"closed","ping_status":"closed","template":"","meta":[],"acf":[],"_links":{"self":[{"href":"https:\/\/isfdalmafuerte-bue.infd.edu.ar\/sitio\/wp-json\/wp\/v2\/pages\/2627"}],"collection":[{"href":"https:\/\/isfdalmafuerte-bue.infd.edu.ar\/sitio\/wp-json\/wp\/v2\/pages"}],"about":[{"href":"https:\/\/isfdalmafuerte-bue.infd.edu.ar\/sitio\/wp-json\/wp\/v2\/types\/page"}],"author":[{"embeddable":true,"href":"https:\/\/isfdalmafuerte-bue.infd.edu.ar\/sitio\/wp-json\/wp\/v2\/users\/1269"}],"replies":[{"embeddable":true,"href":"https:\/\/isfdalmafuerte-bue.infd.edu.ar\/sitio\/wp-json\/wp\/v2\/comments?post=2627"}],"version-history":[{"count":2,"href":"https:\/\/isfdalmafuerte-bue.infd.edu.ar\/sitio\/wp-json\/wp\/v2\/pages\/2627\/revisions"}],"predecessor-version":[{"id":2632,"href":"https:\/\/isfdalmafuerte-bue.infd.edu.ar\/sitio\/wp-json\/wp\/v2\/pages\/2627\/revisions\/2632"}],"wp:attachment":[{"href":"https:\/\/isfdalmafuerte-bue.infd.edu.ar\/sitio\/wp-json\/wp\/v2\/media?parent=2627"}],"curies":[{"name":"wp","href":"https:\/\/api.w.org\/{rel}","templated":true}]}}