{"id":2618,"date":"2022-07-13T08:04:05","date_gmt":"2022-07-13T11:04:05","guid":{"rendered":"https:\/\/isfdalmafuerte-bue.infd.edu.ar\/sitio\/?page_id=2618"},"modified":"2022-07-13T08:11:05","modified_gmt":"2022-07-13T11:11:05","slug":"jovenes-y-memoria-2021","status":"publish","type":"page","link":"https:\/\/isfdalmafuerte-bue.infd.edu.ar\/sitio\/jovenes-y-memoria-2021\/","title":{"rendered":"J\u00f3venes y Memoria 2021"},"content":{"rendered":"\n<div class=\"wp-block-image\"><figure class=\"aligncenter size-large is-resized\"><img decoding=\"async\" loading=\"lazy\" src=\"https:\/\/isfdalmafuerte-bue.infd.edu.ar\/sitio\/wp-content\/uploads\/2022\/07\/WhatsApp-Image-2022-07-11-at-7.03.27-PM.jpeg\" alt=\"\" class=\"wp-image-2624\" width=\"429\" height=\"342\"\/><\/figure><\/div>\n\n\n\n<p><\/p>\n\n\n\n<p>El grupo abord\u00f3 situaciones de discriminaci\u00f3n laboral en las escuelas de la ciudad. A partir de la problematizaci\u00f3n de un caso de despido por embarazo, el equipo decidi\u00f3 indagar en otras experiencias donde la diversidad sexual y corporal, los marcadores de g\u00e9nero y clase social, y los prejuicios racistas se traducen en casos de exclusi\u00f3n y estigmatizaci\u00f3n. Se realizaron entrevistas a dirigentes gremiales, una encuesta a docentes y se analizaron art\u00edculos period\u00edsticos.<\/p>\n\n\n\n<p>Los resultados se presentaron en el encuentro de Chapadmalal a trav\u00e9s de un video breve. En esa instancia, el grupo fue acompa\u00f1ado por estudiantes que participaron del taller en los a\u00f1os anteriores y sostienen su sentido de pertenencia con el espacio.<\/p>\n\n\n\n<div class=\"wp-block-image\"><figure class=\"aligncenter is-resized\"><img decoding=\"async\" loading=\"lazy\" src=\"https:\/\/isfdalmafuerte-bue.infd.edu.ar\/sitio\/wp-content\/uploads\/2022\/07\/WhatsApp-Image-2022-07-11-at-7.03.27-PM-1-1.jpeg\" alt=\"\" width=\"422\" height=\"317\"\/><\/figure><\/div>\n","protected":false},"excerpt":{"rendered":"<p>El grupo abord\u00f3 situaciones de discriminaci\u00f3n laboral en las escuelas de la ciudad. A partir de la problematizaci\u00f3n de un caso de despido por embarazo, el equipo decidi\u00f3 indagar en otras experiencias donde la diversidad sexual y corporal, los marcadores de g\u00e9nero y clase social, y los prejuicios racistas se traducen en casos de exclusi\u00f3n &#8230; <a title=\"J\u00f3venes y Memoria 2021\" class=\"read-more\" href=\"https:\/\/isfdalmafuerte-bue.infd.edu.ar\/sitio\/jovenes-y-memoria-2021\/\" aria-label=\"More on J\u00f3venes y Memoria 2021\">[+]<\/a><\/p>\n","protected":false},"author":1269,"featured_media":0,"parent":0,"menu_order":0,"comment_status":"closed","ping_status":"closed","template":"","meta":[],"acf":[],"_links":{"self":[{"href":"https:\/\/isfdalmafuerte-bue.infd.edu.ar\/sitio\/wp-json\/wp\/v2\/pages\/2618"}],"collection":[{"href":"https:\/\/isfdalmafuerte-bue.infd.edu.ar\/sitio\/wp-json\/wp\/v2\/pages"}],"about":[{"href":"https:\/\/isfdalmafuerte-bue.infd.edu.ar\/sitio\/wp-json\/wp\/v2\/types\/page"}],"author":[{"embeddable":true,"href":"https:\/\/isfdalmafuerte-bue.infd.edu.ar\/sitio\/wp-json\/wp\/v2\/users\/1269"}],"replies":[{"embeddable":true,"href":"https:\/\/isfdalmafuerte-bue.infd.edu.ar\/sitio\/wp-json\/wp\/v2\/comments?post=2618"}],"version-history":[{"count":3,"href":"https:\/\/isfdalmafuerte-bue.infd.edu.ar\/sitio\/wp-json\/wp\/v2\/pages\/2618\/revisions"}],"predecessor-version":[{"id":2626,"href":"https:\/\/isfdalmafuerte-bue.infd.edu.ar\/sitio\/wp-json\/wp\/v2\/pages\/2618\/revisions\/2626"}],"wp:attachment":[{"href":"https:\/\/isfdalmafuerte-bue.infd.edu.ar\/sitio\/wp-json\/wp\/v2\/media?parent=2618"}],"curies":[{"name":"wp","href":"https:\/\/api.w.org\/{rel}","templated":true}]}}