{"id":2612,"date":"2022-07-08T10:56:25","date_gmt":"2022-07-08T13:56:25","guid":{"rendered":"https:\/\/isfdalmafuerte-bue.infd.edu.ar\/sitio\/?page_id=2612"},"modified":"2022-07-08T10:56:26","modified_gmt":"2022-07-08T13:56:26","slug":"extension-y-formacion-continua-2020","status":"publish","type":"page","link":"https:\/\/isfdalmafuerte-bue.infd.edu.ar\/sitio\/extension-y-formacion-continua-2020\/","title":{"rendered":"Extensi\u00f3n y formaci\u00f3n continua 2020"},"content":{"rendered":"\n<p><strong>\u00ab\u00bfLa escuela C\u00edclope? Demoler estereotipos visuales desde la ESI en la escuela primaria\u00bb<\/strong>. Curso para docentes de Nivel Primario a cargo de las Profesoras Paula Barral S\u00e1nchez, Agustina Cepeda y Lilia V\u00e1zquez Lorda. Destinado a docentes de Nivel Primario de todas las instituciones educativas del Partido de General Pueyrredon.<\/p>\n\n\n\n<p><strong>\u00abLa Educaci\u00f3n Sexual Integral en el Nivel Secundario: Propuestas Interdisciplinarias para su transversalizaci\u00f3n\u00bb<\/strong>. Curso para docentes de Nivel Secundario a cargo de lxs profesoxs Cecilia Rustoyburu, Paula Barral S\u00e1nchez y Cristian Darouiche. Destinado a docentes de Nivel Secundario de todas las instituciones educativas del Partido de General Pueyrredon.<\/p>\n\n\n\n<p><strong>\u00abEducaci\u00f3n Sexual con perspectiva de g\u00e9nero para Nivel Inicial: Una herramienta para la protecci\u00f3n de los derechos de lxs ni\u00f1xs\u00bb.<\/strong> Curso para docentes de Nivel Inicial a cargo de las profesoras Agustina Cepeda, Lilia V\u00e1zquez Lorda y Estefan\u00eda Martynowskyj. Destinado a docentes de Nivel Inicial de todas las instituciones educativas del Partido de General Pueyrredon.<\/p>\n","protected":false},"excerpt":{"rendered":"<p>\u00ab\u00bfLa escuela C\u00edclope? Demoler estereotipos visuales desde la ESI en la escuela primaria\u00bb. Curso para docentes de Nivel Primario a cargo de las Profesoras Paula Barral S\u00e1nchez, Agustina Cepeda y Lilia V\u00e1zquez Lorda. Destinado a docentes de Nivel Primario de todas las instituciones educativas del Partido de General Pueyrredon. \u00abLa Educaci\u00f3n Sexual Integral en el &#8230; <a title=\"Extensi\u00f3n y formaci\u00f3n continua 2020\" class=\"read-more\" href=\"https:\/\/isfdalmafuerte-bue.infd.edu.ar\/sitio\/extension-y-formacion-continua-2020\/\" aria-label=\"More on Extensi\u00f3n y formaci\u00f3n continua 2020\">[+]<\/a><\/p>\n","protected":false},"author":1269,"featured_media":0,"parent":0,"menu_order":0,"comment_status":"closed","ping_status":"closed","template":"","meta":[],"acf":[],"_links":{"self":[{"href":"https:\/\/isfdalmafuerte-bue.infd.edu.ar\/sitio\/wp-json\/wp\/v2\/pages\/2612"}],"collection":[{"href":"https:\/\/isfdalmafuerte-bue.infd.edu.ar\/sitio\/wp-json\/wp\/v2\/pages"}],"about":[{"href":"https:\/\/isfdalmafuerte-bue.infd.edu.ar\/sitio\/wp-json\/wp\/v2\/types\/page"}],"author":[{"embeddable":true,"href":"https:\/\/isfdalmafuerte-bue.infd.edu.ar\/sitio\/wp-json\/wp\/v2\/users\/1269"}],"replies":[{"embeddable":true,"href":"https:\/\/isfdalmafuerte-bue.infd.edu.ar\/sitio\/wp-json\/wp\/v2\/comments?post=2612"}],"version-history":[{"count":1,"href":"https:\/\/isfdalmafuerte-bue.infd.edu.ar\/sitio\/wp-json\/wp\/v2\/pages\/2612\/revisions"}],"predecessor-version":[{"id":2613,"href":"https:\/\/isfdalmafuerte-bue.infd.edu.ar\/sitio\/wp-json\/wp\/v2\/pages\/2612\/revisions\/2613"}],"wp:attachment":[{"href":"https:\/\/isfdalmafuerte-bue.infd.edu.ar\/sitio\/wp-json\/wp\/v2\/media?parent=2612"}],"curies":[{"name":"wp","href":"https:\/\/api.w.org\/{rel}","templated":true}]}}