{"id":2553,"date":"2022-05-12T12:38:29","date_gmt":"2022-05-12T15:38:29","guid":{"rendered":"https:\/\/isfdalmafuerte-bue.infd.edu.ar\/sitio\/?page_id=2553"},"modified":"2025-10-28T11:06:46","modified_gmt":"2025-10-28T14:06:46","slug":"regimen-de-correlatividades","status":"publish","type":"page","link":"https:\/\/isfdalmafuerte-bue.infd.edu.ar\/sitio\/regimen-de-correlatividades\/","title":{"rendered":"R\u00e9gimen de correlatividades"},"content":{"rendered":"\n<p>A continuaci\u00f3n presentamos el r\u00e9gimen de correlatividades vigente para el Profesorado de Educaci\u00f3n Primaria. <\/p>\n\n\n\n<p><\/p>\n\n\n\n<p>Para descargar el cuadro en formato PDF, pod\u00e9s hacer <a href=\"https:\/\/drive.google.com\/file\/d\/1r_rEG_1yOxFvAs6EoXjA6MtEbgBgc7xK\/view?usp=sharing\">CLICK AC\u00c1<\/a><\/p>\n\n\n\n<p><\/p>\n","protected":false},"excerpt":{"rendered":"<p>A continuaci\u00f3n presentamos el r\u00e9gimen de correlatividades vigente para el Profesorado de Educaci\u00f3n Primaria. Para descargar el cuadro en formato PDF, pod\u00e9s hacer CLICK AC\u00c1<\/p>\n","protected":false},"author":1269,"featured_media":0,"parent":0,"menu_order":0,"comment_status":"closed","ping_status":"closed","template":"","meta":[],"acf":[],"_links":{"self":[{"href":"https:\/\/isfdalmafuerte-bue.infd.edu.ar\/sitio\/wp-json\/wp\/v2\/pages\/2553"}],"collection":[{"href":"https:\/\/isfdalmafuerte-bue.infd.edu.ar\/sitio\/wp-json\/wp\/v2\/pages"}],"about":[{"href":"https:\/\/isfdalmafuerte-bue.infd.edu.ar\/sitio\/wp-json\/wp\/v2\/types\/page"}],"author":[{"embeddable":true,"href":"https:\/\/isfdalmafuerte-bue.infd.edu.ar\/sitio\/wp-json\/wp\/v2\/users\/1269"}],"replies":[{"embeddable":true,"href":"https:\/\/isfdalmafuerte-bue.infd.edu.ar\/sitio\/wp-json\/wp\/v2\/comments?post=2553"}],"version-history":[{"count":7,"href":"https:\/\/isfdalmafuerte-bue.infd.edu.ar\/sitio\/wp-json\/wp\/v2\/pages\/2553\/revisions"}],"predecessor-version":[{"id":3052,"href":"https:\/\/isfdalmafuerte-bue.infd.edu.ar\/sitio\/wp-json\/wp\/v2\/pages\/2553\/revisions\/3052"}],"wp:attachment":[{"href":"https:\/\/isfdalmafuerte-bue.infd.edu.ar\/sitio\/wp-json\/wp\/v2\/media?parent=2553"}],"curies":[{"name":"wp","href":"https:\/\/api.w.org\/{rel}","templated":true}]}}