{"id":2461,"date":"2022-03-21T11:01:03","date_gmt":"2022-03-21T14:01:03","guid":{"rendered":"https:\/\/isfdalmafuerte-bue.infd.edu.ar\/sitio\/?page_id=2461"},"modified":"2022-03-21T11:14:47","modified_gmt":"2022-03-21T14:14:47","slug":"ciclo-lectivo-2021","status":"publish","type":"page","link":"https:\/\/isfdalmafuerte-bue.infd.edu.ar\/sitio\/ciclo-lectivo-2021\/","title":{"rendered":"Ciclo Lectivo 2021"},"content":{"rendered":"\n<p>Taller de LEO: \u00abLa lectura, escritura y oralidad en tiempos de pandemia: una experiencia de Taller\u00bb <a href=\"https:\/\/drive.google.com\/file\/d\/1E5OuCSbt-iJoKSjbia0pJpvh4ntrwfq8\/view?usp=sharing\">click ac\u00e1<\/a><\/p>\n\n\n\n<p>Art\u00edculo sobre experiencia educativa en el marco de la cursada 2021: Ayciriet, F., Migliorata, P., &amp; Minuch\u00edn, J. (2022). Corporeidades, digitalidad y narrativas visuales sobre la formaci\u00f3n docente en pandemia.\u00a0<em>Revista de Educaci\u00f3n<\/em>, (25.2), 129-143. <a href=\"http:\/\/fh.mdp.edu.ar\/revistas\/index.php\/r_educ\/article\/view\/5845\">click ac\u00e1<\/a><\/p>\n","protected":false},"excerpt":{"rendered":"<p>Taller de LEO: \u00abLa lectura, escritura y oralidad en tiempos de pandemia: una experiencia de Taller\u00bb click ac\u00e1 Art\u00edculo sobre experiencia educativa en el marco de la cursada 2021: Ayciriet, F., Migliorata, P., &amp; Minuch\u00edn, J. (2022). Corporeidades, digitalidad y narrativas visuales sobre la formaci\u00f3n docente en pandemia.\u00a0Revista de Educaci\u00f3n, (25.2), 129-143. click ac\u00e1<\/p>\n","protected":false},"author":1269,"featured_media":0,"parent":0,"menu_order":0,"comment_status":"closed","ping_status":"closed","template":"","meta":[],"acf":[],"_links":{"self":[{"href":"https:\/\/isfdalmafuerte-bue.infd.edu.ar\/sitio\/wp-json\/wp\/v2\/pages\/2461"}],"collection":[{"href":"https:\/\/isfdalmafuerte-bue.infd.edu.ar\/sitio\/wp-json\/wp\/v2\/pages"}],"about":[{"href":"https:\/\/isfdalmafuerte-bue.infd.edu.ar\/sitio\/wp-json\/wp\/v2\/types\/page"}],"author":[{"embeddable":true,"href":"https:\/\/isfdalmafuerte-bue.infd.edu.ar\/sitio\/wp-json\/wp\/v2\/users\/1269"}],"replies":[{"embeddable":true,"href":"https:\/\/isfdalmafuerte-bue.infd.edu.ar\/sitio\/wp-json\/wp\/v2\/comments?post=2461"}],"version-history":[{"count":1,"href":"https:\/\/isfdalmafuerte-bue.infd.edu.ar\/sitio\/wp-json\/wp\/v2\/pages\/2461\/revisions"}],"predecessor-version":[{"id":2462,"href":"https:\/\/isfdalmafuerte-bue.infd.edu.ar\/sitio\/wp-json\/wp\/v2\/pages\/2461\/revisions\/2462"}],"wp:attachment":[{"href":"https:\/\/isfdalmafuerte-bue.infd.edu.ar\/sitio\/wp-json\/wp\/v2\/media?parent=2461"}],"curies":[{"name":"wp","href":"https:\/\/api.w.org\/{rel}","templated":true}]}}