{"id":2321,"date":"2021-10-28T09:56:31","date_gmt":"2021-10-28T12:56:31","guid":{"rendered":"https:\/\/isfdalmafuerte-bue.infd.edu.ar\/sitio\/?page_id=2321"},"modified":"2021-10-28T09:56:39","modified_gmt":"2021-10-28T12:56:39","slug":"edicion-2012","status":"publish","type":"page","link":"https:\/\/isfdalmafuerte-bue.infd.edu.ar\/sitio\/edicion-2012\/","title":{"rendered":"Edici\u00f3n 2012"},"content":{"rendered":"\n<p>En 2012, en \u201cColor\u00edn, colorado\u2026 no nos hemos olvidado\u201d se estudi\u00f3 la vida cotidiana durante la \u00faltima dictadura militar desde las experiencias de quienes eran ni\u00f1os y ni\u00f1as. Las docentes en formaci\u00f3n realizaron entrevistas a hombres y mujeres que viv\u00edan en la ciudad de Mar del Plata para reconstruir el impacto del Terrorismo de Estado en la infancia. Luego elaboraron una obra de teatro donde narraron algunos de los episodios relatados por los entrevistados: el cierre de algunas carreras en la universidad, la prohibici\u00f3n de la canci\u00f3n \u201cLa avenida de los tilos\u201d, la detenci\u00f3n y desaparici\u00f3n de una hermana, el autoritarismo y la censura en las escuelas, la b\u00fasqueda de las madres. La obra se estren\u00f3 en la escuela primaria N\u00ba 46, de Gloria de La Peregrina, ante alumnos de 5\u00ba y 6\u00ba a\u00f1o.&nbsp;&nbsp;<\/p>\n\n\n\n<div class=\"wp-block-image\"><figure class=\"aligncenter\"><img decoding=\"async\" loading=\"lazy\" width=\"567\" height=\"377\" src=\"https:\/\/isfdalmafuerte-bue.infd.edu.ar\/sitio\/wp-content\/uploads\/2020\/12\/2012_c.png\" alt=\"\" class=\"wp-image-2011\"\/><\/figure><\/div>\n","protected":false},"excerpt":{"rendered":"<p>En 2012, en \u201cColor\u00edn, colorado\u2026 no nos hemos olvidado\u201d se estudi\u00f3 la vida cotidiana durante la \u00faltima dictadura militar desde las experiencias de quienes eran ni\u00f1os y ni\u00f1as. Las docentes en formaci\u00f3n realizaron entrevistas a hombres y mujeres que viv\u00edan en la ciudad de Mar del Plata para reconstruir el impacto del Terrorismo de Estado &#8230; <a title=\"Edici\u00f3n 2012\" class=\"read-more\" href=\"https:\/\/isfdalmafuerte-bue.infd.edu.ar\/sitio\/edicion-2012\/\" aria-label=\"More on Edici\u00f3n 2012\">[+]<\/a><\/p>\n","protected":false},"author":1269,"featured_media":0,"parent":0,"menu_order":0,"comment_status":"closed","ping_status":"closed","template":"","meta":[],"acf":[],"_links":{"self":[{"href":"https:\/\/isfdalmafuerte-bue.infd.edu.ar\/sitio\/wp-json\/wp\/v2\/pages\/2321"}],"collection":[{"href":"https:\/\/isfdalmafuerte-bue.infd.edu.ar\/sitio\/wp-json\/wp\/v2\/pages"}],"about":[{"href":"https:\/\/isfdalmafuerte-bue.infd.edu.ar\/sitio\/wp-json\/wp\/v2\/types\/page"}],"author":[{"embeddable":true,"href":"https:\/\/isfdalmafuerte-bue.infd.edu.ar\/sitio\/wp-json\/wp\/v2\/users\/1269"}],"replies":[{"embeddable":true,"href":"https:\/\/isfdalmafuerte-bue.infd.edu.ar\/sitio\/wp-json\/wp\/v2\/comments?post=2321"}],"version-history":[{"count":1,"href":"https:\/\/isfdalmafuerte-bue.infd.edu.ar\/sitio\/wp-json\/wp\/v2\/pages\/2321\/revisions"}],"predecessor-version":[{"id":2328,"href":"https:\/\/isfdalmafuerte-bue.infd.edu.ar\/sitio\/wp-json\/wp\/v2\/pages\/2321\/revisions\/2328"}],"wp:attachment":[{"href":"https:\/\/isfdalmafuerte-bue.infd.edu.ar\/sitio\/wp-json\/wp\/v2\/media?parent=2321"}],"curies":[{"name":"wp","href":"https:\/\/api.w.org\/{rel}","templated":true}]}}