{"id":2320,"date":"2021-10-28T09:57:25","date_gmt":"2021-10-28T12:57:25","guid":{"rendered":"https:\/\/isfdalmafuerte-bue.infd.edu.ar\/sitio\/?page_id=2320"},"modified":"2021-10-28T09:57:27","modified_gmt":"2021-10-28T12:57:27","slug":"edicion-2011","status":"publish","type":"page","link":"https:\/\/isfdalmafuerte-bue.infd.edu.ar\/sitio\/edicion-2011\/","title":{"rendered":"Edici\u00f3n 2011"},"content":{"rendered":"\n<p>En 2011, en \u201cSembrando el futuro desde la libertad del presente\u201d abordaron relatos sobre el autoritarismo en las instituciones educativas tanto durante la dictadura militar como en el presente. Los resultados se materializaron en una revista que presenta entrevistas sobre c\u00f3mo era estudiar magisterio y ser hijo de un detenido-desaparecido en el escenario del terrorismo de Estado, algunos documentos sobre las pol\u00edticas de persecuci\u00f3n ideol\u00f3gica en las escuelas y una problematizaci\u00f3n sobre la continuidad de algunas pr\u00e1cticas autoritarias en la actualidad.&nbsp;En el encuentro de cierre en Chapadmalal, les estudiantes presentaron una performance que interpel\u00f3 la participaci\u00f3n de les adolescentes del p\u00fablico. La revista se distribuy\u00f3 en algunas escuelas secundarias municipales de Mar del Plata.<\/p>\n\n\n\n<figure class=\"wp-block-embed is-type-rich is-provider-gestor-del-servicio wp-block-embed-gestor-del-servicio wp-embed-aspect-4-3 wp-has-aspect-ratio\"><div class=\"wp-block-embed__wrapper\">\n<iframe loading=\"lazy\" title=\"J\u00f3venes y Memoria ISFD Almafuerte 2011\" width=\"1200\" height=\"900\" src=\"https:\/\/www.youtube.com\/embed\/7C25m60UxTg?feature=oembed\" frameborder=\"0\" allow=\"accelerometer; autoplay; clipboard-write; encrypted-media; gyroscope; picture-in-picture\" allowfullscreen><\/iframe>\n<\/div><\/figure>\n","protected":false},"excerpt":{"rendered":"<p>En 2011, en \u201cSembrando el futuro desde la libertad del presente\u201d abordaron relatos sobre el autoritarismo en las instituciones educativas tanto durante la dictadura militar como en el presente. Los resultados se materializaron en una revista que presenta entrevistas sobre c\u00f3mo era estudiar magisterio y ser hijo de un detenido-desaparecido en el escenario del terrorismo &#8230; <a title=\"Edici\u00f3n 2011\" class=\"read-more\" href=\"https:\/\/isfdalmafuerte-bue.infd.edu.ar\/sitio\/edicion-2011\/\" aria-label=\"More on Edici\u00f3n 2011\">[+]<\/a><\/p>\n","protected":false},"author":1269,"featured_media":0,"parent":0,"menu_order":0,"comment_status":"closed","ping_status":"closed","template":"","meta":[],"acf":[],"_links":{"self":[{"href":"https:\/\/isfdalmafuerte-bue.infd.edu.ar\/sitio\/wp-json\/wp\/v2\/pages\/2320"}],"collection":[{"href":"https:\/\/isfdalmafuerte-bue.infd.edu.ar\/sitio\/wp-json\/wp\/v2\/pages"}],"about":[{"href":"https:\/\/isfdalmafuerte-bue.infd.edu.ar\/sitio\/wp-json\/wp\/v2\/types\/page"}],"author":[{"embeddable":true,"href":"https:\/\/isfdalmafuerte-bue.infd.edu.ar\/sitio\/wp-json\/wp\/v2\/users\/1269"}],"replies":[{"embeddable":true,"href":"https:\/\/isfdalmafuerte-bue.infd.edu.ar\/sitio\/wp-json\/wp\/v2\/comments?post=2320"}],"version-history":[{"count":1,"href":"https:\/\/isfdalmafuerte-bue.infd.edu.ar\/sitio\/wp-json\/wp\/v2\/pages\/2320\/revisions"}],"predecessor-version":[{"id":2330,"href":"https:\/\/isfdalmafuerte-bue.infd.edu.ar\/sitio\/wp-json\/wp\/v2\/pages\/2320\/revisions\/2330"}],"wp:attachment":[{"href":"https:\/\/isfdalmafuerte-bue.infd.edu.ar\/sitio\/wp-json\/wp\/v2\/media?parent=2320"}],"curies":[{"name":"wp","href":"https:\/\/api.w.org\/{rel}","templated":true}]}}