{"id":2319,"date":"2021-10-28T09:55:39","date_gmt":"2021-10-28T12:55:39","guid":{"rendered":"https:\/\/isfdalmafuerte-bue.infd.edu.ar\/sitio\/?page_id=2319"},"modified":"2021-10-28T09:55:46","modified_gmt":"2021-10-28T12:55:46","slug":"edicion-2013","status":"publish","type":"page","link":"https:\/\/isfdalmafuerte-bue.infd.edu.ar\/sitio\/edicion-2013\/","title":{"rendered":"Edici\u00f3n 2013"},"content":{"rendered":"\n<p>En 2013, en \u201c\u00bfViolentos? Nosotros no, son los otros que no son como nosotros\u201d, se analiz\u00f3 c\u00f3mo se manifiesta la violencia institucional en las escuelas primarias. Para acceder a testimonios de ni\u00f1os, ni\u00f1as y adolescentes sobre este tipo de experiencias, las estudiantes que formaron parte del proyecto planificaron y realizaron talleres en escuelas primarias y secundarias. En esta oportunidad, tambi\u00e9n se eligi\u00f3 presentar las conclusiones a trav\u00e9s de obra de teatro. En el proceso de construcci\u00f3n colectiva del gui\u00f3n se decidi\u00f3 poner en escena los testimonios e incorporar una problematizaci\u00f3n de dos cuestiones emergentes del trabajo de campo: la vinculaci\u00f3n de la violencia escolar con el&nbsp;<em>bullying<\/em>&nbsp;y la forma en que la escuela interviene \u2013o no \u2013 ante a la represi\u00f3n policial sobre los alumnos. Luego de la presentaci\u00f3n en Chapadmalal, la obra form\u00f3 parte del Festival organizado por el Consejo Local de Promoci\u00f3n de los Derechos de los Ni\u00f1os realizado el 30 de noviembre en el Espacio Cultural Unzu\u00e9. En esa oportunidad, pudimos compartir nuestro trabajo con los ni\u00f1os de distintos barrios de la ciudad. Ese a\u00f1o, junto al resto de las escuelas que participaron de J\u00f3venes y Memoria, recibimos un reconocimiento del Consejo Deliberante del Partido de General Pueyrredon.&nbsp;<\/p>\n\n\n\n<figure class=\"wp-block-embed is-type-rich is-provider-gestor-del-servicio wp-block-embed-gestor-del-servicio wp-embed-aspect-4-3 wp-has-aspect-ratio\"><div class=\"wp-block-embed__wrapper\">\n<iframe loading=\"lazy\" title=\"Jovenes y Memoria 2013 ISFD Almafuerte\" width=\"1200\" height=\"900\" src=\"https:\/\/www.youtube.com\/embed\/8T2Bx75bIPg?feature=oembed\" frameborder=\"0\" allow=\"accelerometer; autoplay; clipboard-write; encrypted-media; gyroscope; picture-in-picture\" allowfullscreen><\/iframe>\n<\/div><\/figure>\n","protected":false},"excerpt":{"rendered":"<p>En 2013, en \u201c\u00bfViolentos? Nosotros no, son los otros que no son como nosotros\u201d, se analiz\u00f3 c\u00f3mo se manifiesta la violencia institucional en las escuelas primarias. Para acceder a testimonios de ni\u00f1os, ni\u00f1as y adolescentes sobre este tipo de experiencias, las estudiantes que formaron parte del proyecto planificaron y realizaron talleres en escuelas primarias y &#8230; <a title=\"Edici\u00f3n 2013\" class=\"read-more\" href=\"https:\/\/isfdalmafuerte-bue.infd.edu.ar\/sitio\/edicion-2013\/\" aria-label=\"More on Edici\u00f3n 2013\">[+]<\/a><\/p>\n","protected":false},"author":1269,"featured_media":0,"parent":0,"menu_order":0,"comment_status":"closed","ping_status":"closed","template":"","meta":[],"acf":[],"_links":{"self":[{"href":"https:\/\/isfdalmafuerte-bue.infd.edu.ar\/sitio\/wp-json\/wp\/v2\/pages\/2319"}],"collection":[{"href":"https:\/\/isfdalmafuerte-bue.infd.edu.ar\/sitio\/wp-json\/wp\/v2\/pages"}],"about":[{"href":"https:\/\/isfdalmafuerte-bue.infd.edu.ar\/sitio\/wp-json\/wp\/v2\/types\/page"}],"author":[{"embeddable":true,"href":"https:\/\/isfdalmafuerte-bue.infd.edu.ar\/sitio\/wp-json\/wp\/v2\/users\/1269"}],"replies":[{"embeddable":true,"href":"https:\/\/isfdalmafuerte-bue.infd.edu.ar\/sitio\/wp-json\/wp\/v2\/comments?post=2319"}],"version-history":[{"count":1,"href":"https:\/\/isfdalmafuerte-bue.infd.edu.ar\/sitio\/wp-json\/wp\/v2\/pages\/2319\/revisions"}],"predecessor-version":[{"id":2327,"href":"https:\/\/isfdalmafuerte-bue.infd.edu.ar\/sitio\/wp-json\/wp\/v2\/pages\/2319\/revisions\/2327"}],"wp:attachment":[{"href":"https:\/\/isfdalmafuerte-bue.infd.edu.ar\/sitio\/wp-json\/wp\/v2\/media?parent=2319"}],"curies":[{"name":"wp","href":"https:\/\/api.w.org\/{rel}","templated":true}]}}