{"id":2314,"date":"2021-10-28T09:52:37","date_gmt":"2021-10-28T12:52:37","guid":{"rendered":"https:\/\/isfdalmafuerte-bue.infd.edu.ar\/sitio\/?page_id=2314"},"modified":"2021-10-28T09:52:38","modified_gmt":"2021-10-28T12:52:38","slug":"edicion-2016","status":"publish","type":"page","link":"https:\/\/isfdalmafuerte-bue.infd.edu.ar\/sitio\/edicion-2016\/","title":{"rendered":"Edici\u00f3n 2016"},"content":{"rendered":"\n<p>En 2016, el proyecto realizado para el programa \u00abJ\u00f3venes y memoria\u00bb abord\u00f3 los recortes presupuestarios que implement\u00f3 el estado provincial. Focalizamos en el sistema educativo, espec\u00edficamente en la provisi\u00f3n de los comedores escolares. El hambre es violencia institucional. En el marco del proyecto \u201cLos comedores escolares y los derechos vulnerados\u201d, las estudiantes realizaron entrevistas a docentes, directivos y personas encargadas de las cocinas de las escuelas. Tambi\u00e9n analizaron noticias e informes period\u00edsticos. Los resultaron se volcaron en una revista:<\/p>\n\n\n\n<div class=\"wp-block-image\"><figure class=\"aligncenter\"><a href=\"https:\/\/issuu.com\/cecirusto8\/docs\/completa\"><img decoding=\"async\" loading=\"lazy\" width=\"959\" height=\"557\" src=\"https:\/\/isfdalmafuerte-bue.infd.edu.ar\/sitio\/wp-content\/uploads\/2020\/12\/isuu.png\" alt=\"\" class=\"wp-image-2038\" srcset=\"https:\/\/isfdalmafuerte-bue.infd.edu.ar\/sitio\/wp-content\/uploads\/2020\/12\/isuu.png 959w, https:\/\/isfdalmafuerte-bue.infd.edu.ar\/sitio\/wp-content\/uploads\/2020\/12\/isuu-768x446.png 768w\" sizes=\"(max-width: 959px) 100vw, 959px\" \/><\/a><\/figure><\/div>\n\n\n\n<p>\u00abViolencia es Mentir. Los comedores escolares en la ciudad de Mar del Plata\u00bb&nbsp;\u2013&nbsp;<a href=\"https:\/\/issuu.com\/cecirusto8\/docs\/completa\">https:\/\/issuu.com\/cecirusto8\/docs\/completa<\/a><\/p>\n","protected":false},"excerpt":{"rendered":"<p>En 2016, el proyecto realizado para el programa \u00abJ\u00f3venes y memoria\u00bb abord\u00f3 los recortes presupuestarios que implement\u00f3 el estado provincial. Focalizamos en el sistema educativo, espec\u00edficamente en la provisi\u00f3n de los comedores escolares. El hambre es violencia institucional. En el marco del proyecto \u201cLos comedores escolares y los derechos vulnerados\u201d, las estudiantes realizaron entrevistas a &#8230; <a title=\"Edici\u00f3n 2016\" class=\"read-more\" href=\"https:\/\/isfdalmafuerte-bue.infd.edu.ar\/sitio\/edicion-2016\/\" aria-label=\"More on Edici\u00f3n 2016\">[+]<\/a><\/p>\n","protected":false},"author":140,"featured_media":0,"parent":0,"menu_order":0,"comment_status":"closed","ping_status":"closed","template":"","meta":[],"acf":[],"_links":{"self":[{"href":"https:\/\/isfdalmafuerte-bue.infd.edu.ar\/sitio\/wp-json\/wp\/v2\/pages\/2314"}],"collection":[{"href":"https:\/\/isfdalmafuerte-bue.infd.edu.ar\/sitio\/wp-json\/wp\/v2\/pages"}],"about":[{"href":"https:\/\/isfdalmafuerte-bue.infd.edu.ar\/sitio\/wp-json\/wp\/v2\/types\/page"}],"author":[{"embeddable":true,"href":"https:\/\/isfdalmafuerte-bue.infd.edu.ar\/sitio\/wp-json\/wp\/v2\/users\/140"}],"replies":[{"embeddable":true,"href":"https:\/\/isfdalmafuerte-bue.infd.edu.ar\/sitio\/wp-json\/wp\/v2\/comments?post=2314"}],"version-history":[{"count":1,"href":"https:\/\/isfdalmafuerte-bue.infd.edu.ar\/sitio\/wp-json\/wp\/v2\/pages\/2314\/revisions"}],"predecessor-version":[{"id":2316,"href":"https:\/\/isfdalmafuerte-bue.infd.edu.ar\/sitio\/wp-json\/wp\/v2\/pages\/2314\/revisions\/2316"}],"wp:attachment":[{"href":"https:\/\/isfdalmafuerte-bue.infd.edu.ar\/sitio\/wp-json\/wp\/v2\/media?parent=2314"}],"curies":[{"name":"wp","href":"https:\/\/api.w.org\/{rel}","templated":true}]}}