{"id":2313,"date":"2021-10-28T09:51:17","date_gmt":"2021-10-28T12:51:17","guid":{"rendered":"https:\/\/isfdalmafuerte-bue.infd.edu.ar\/sitio\/?page_id=2313"},"modified":"2021-10-28T09:51:18","modified_gmt":"2021-10-28T12:51:18","slug":"edicion-2017","status":"publish","type":"page","link":"https:\/\/isfdalmafuerte-bue.infd.edu.ar\/sitio\/edicion-2017\/","title":{"rendered":"Edici\u00f3n 2017"},"content":{"rendered":"\n<p>En 2017 el proyecto presentado en J\u00f3venes y Memoria fue \u201cEl Batancito: J\u00f3venes y encierro. La vida entre carencias y derechos vulnerados\u201d. All\u00ed se analiz\u00f3 y se busc\u00f3 visibilizar la situaci\u00f3n de los j\u00f3venes institucionalizados en el Centro Cerrado Bat\u00e1n-Mar del Plata. Se problematizaron los discursos que apelan al encierro como una pol\u00edtica de castigo para los adolescentes que han cometido hechos que est\u00e1n en conflicto con la ley penal. <\/p>\n\n\n\n<p>A pesar de lo establecido por las leyes de nuestro pa\u00eds, el \u201cBatancito\u201d es percibido como una c\u00e1rcel de menores. Con la investigaci\u00f3n comprendimos que esto est\u00e1 relacionado con la legitimaci\u00f3n que han alcanzado ciertos discursos de\u00a0<em>mano dura<\/em>\u00a0y su relaci\u00f3n con la construcci\u00f3n de ciertas representaciones sociales sobre la juventud de los sectores populares y su relaci\u00f3n con el delito. Por esto, el proyecto se enfoc\u00f3 en conocer\u00a0<em>qu\u00e9 sentidos adopta el Centro Cerrado de Bat\u00e1n-Mar del Plata en nuestra ciudad<\/em>.\u00a0<em>\u00bfEs percibido c\u00f3mo una c\u00e1rcel o como una herramienta de reinserci\u00f3n social?\u00a0<\/em>A su vez tambi\u00e9n se indag\u00f3 en los sentidos que se construyen en torno a la escuela primaria y secundaria all\u00ed dentro, y qu\u00e9 lugar ocupa la educaci\u00f3n en la vida de los j\u00f3venes y en el proceso de construcci\u00f3n de nuevos proyectos de vida.\u00a0 Durante la investigaci\u00f3n se trabaj\u00f3 con los informes anuales de la CPM, noticias period\u00edsticas de diarios locales, y con la legislaci\u00f3n hist\u00f3rica y vigente en relaci\u00f3n a les menores y el contexto de encierro. A su vez se entrevist\u00f3 a diferentes personas que trabajan en el Centro Cerrado de Bat\u00e1n, entre ellas talleristas, maestras, asistentes de minoridad, una trabajadora social parte del programa de reinserci\u00f3n y acompa\u00f1amiento, y la coordinadora general de talleres. Tambi\u00e9n se entrevist\u00f3 a Juan Tapia (juez de garant\u00edas de la ciudad), a Nicol\u00e1s Wlasic (integrante de la Comisi\u00f3n Provincial por la Memoria) y a Ana Caro (fiscal de flagrancia). Las estudiantes tuvieron la posibilidad de visitar el Centro Cerrado y de compartir un tiempo junto a los j\u00f3venes privados de su libertad en un taller de cer\u00e1mica. El producto final fue un video que puso en tensi\u00f3n el discurso del sistema penal de menores, las leyes vigentes, los programas socioeducativos y la realidad que viven les j\u00f3venes all\u00ed.\u00a0<\/p>\n\n\n\n<div class=\"wp-block-image\"><figure class=\"aligncenter\"><img decoding=\"async\" loading=\"lazy\" width=\"526\" height=\"304\" src=\"https:\/\/isfdalmafuerte-bue.infd.edu.ar\/sitio\/wp-content\/uploads\/2020\/12\/batancito.png\" alt=\"\" class=\"wp-image-2021\"\/><\/figure><\/div>\n","protected":false},"excerpt":{"rendered":"<p>En 2017 el proyecto presentado en J\u00f3venes y Memoria fue \u201cEl Batancito: J\u00f3venes y encierro. La vida entre carencias y derechos vulnerados\u201d. All\u00ed se analiz\u00f3 y se busc\u00f3 visibilizar la situaci\u00f3n de los j\u00f3venes institucionalizados en el Centro Cerrado Bat\u00e1n-Mar del Plata. Se problematizaron los discursos que apelan al encierro como una pol\u00edtica de castigo &#8230; <a title=\"Edici\u00f3n 2017\" class=\"read-more\" href=\"https:\/\/isfdalmafuerte-bue.infd.edu.ar\/sitio\/edicion-2017\/\" aria-label=\"More on Edici\u00f3n 2017\">[+]<\/a><\/p>\n","protected":false},"author":140,"featured_media":0,"parent":0,"menu_order":0,"comment_status":"closed","ping_status":"closed","template":"","meta":[],"acf":[],"_links":{"self":[{"href":"https:\/\/isfdalmafuerte-bue.infd.edu.ar\/sitio\/wp-json\/wp\/v2\/pages\/2313"}],"collection":[{"href":"https:\/\/isfdalmafuerte-bue.infd.edu.ar\/sitio\/wp-json\/wp\/v2\/pages"}],"about":[{"href":"https:\/\/isfdalmafuerte-bue.infd.edu.ar\/sitio\/wp-json\/wp\/v2\/types\/page"}],"author":[{"embeddable":true,"href":"https:\/\/isfdalmafuerte-bue.infd.edu.ar\/sitio\/wp-json\/wp\/v2\/users\/140"}],"replies":[{"embeddable":true,"href":"https:\/\/isfdalmafuerte-bue.infd.edu.ar\/sitio\/wp-json\/wp\/v2\/comments?post=2313"}],"version-history":[{"count":1,"href":"https:\/\/isfdalmafuerte-bue.infd.edu.ar\/sitio\/wp-json\/wp\/v2\/pages\/2313\/revisions"}],"predecessor-version":[{"id":2315,"href":"https:\/\/isfdalmafuerte-bue.infd.edu.ar\/sitio\/wp-json\/wp\/v2\/pages\/2313\/revisions\/2315"}],"wp:attachment":[{"href":"https:\/\/isfdalmafuerte-bue.infd.edu.ar\/sitio\/wp-json\/wp\/v2\/media?parent=2313"}],"curies":[{"name":"wp","href":"https:\/\/api.w.org\/{rel}","templated":true}]}}