{"id":2296,"date":"2021-10-21T11:51:33","date_gmt":"2021-10-21T14:51:33","guid":{"rendered":"https:\/\/isfdalmafuerte-bue.infd.edu.ar\/sitio\/?page_id=2296"},"modified":"2021-10-28T09:42:33","modified_gmt":"2021-10-28T12:42:33","slug":"extension-y-capacitacion-2017","status":"publish","type":"page","link":"https:\/\/isfdalmafuerte-bue.infd.edu.ar\/sitio\/extension-y-capacitacion-2017\/","title":{"rendered":"Extensi\u00f3n y formaci\u00f3n continua 2017"},"content":{"rendered":"\n<p><strong>Pr\u00e1ctica docente y conocimiento del pasado reciente<\/strong><br>Prof. Cazaux, P. y Barrag\u00e1n, I.<\/p>\n\n\n\n<p><strong>Cuestionar los estereotipos visuales desde la E.S.I<\/strong><br>Prof. Barral S\u00e1nchez, P.<\/p>\n\n\n\n<p><strong>La ense\u00f1anza de las operaciones en la Escuela Primaria<\/strong><br>Prof. Barrag\u00e1n, L.<\/p>\n","protected":false},"excerpt":{"rendered":"<p>Pr\u00e1ctica docente y conocimiento del pasado recienteProf. Cazaux, P. y Barrag\u00e1n, I. Cuestionar los estereotipos visuales desde la E.S.IProf. Barral S\u00e1nchez, P. La ense\u00f1anza de las operaciones en la Escuela PrimariaProf. Barrag\u00e1n, L.<\/p>\n","protected":false},"author":140,"featured_media":0,"parent":0,"menu_order":0,"comment_status":"closed","ping_status":"closed","template":"","meta":[],"acf":[],"_links":{"self":[{"href":"https:\/\/isfdalmafuerte-bue.infd.edu.ar\/sitio\/wp-json\/wp\/v2\/pages\/2296"}],"collection":[{"href":"https:\/\/isfdalmafuerte-bue.infd.edu.ar\/sitio\/wp-json\/wp\/v2\/pages"}],"about":[{"href":"https:\/\/isfdalmafuerte-bue.infd.edu.ar\/sitio\/wp-json\/wp\/v2\/types\/page"}],"author":[{"embeddable":true,"href":"https:\/\/isfdalmafuerte-bue.infd.edu.ar\/sitio\/wp-json\/wp\/v2\/users\/140"}],"replies":[{"embeddable":true,"href":"https:\/\/isfdalmafuerte-bue.infd.edu.ar\/sitio\/wp-json\/wp\/v2\/comments?post=2296"}],"version-history":[{"count":3,"href":"https:\/\/isfdalmafuerte-bue.infd.edu.ar\/sitio\/wp-json\/wp\/v2\/pages\/2296\/revisions"}],"predecessor-version":[{"id":2305,"href":"https:\/\/isfdalmafuerte-bue.infd.edu.ar\/sitio\/wp-json\/wp\/v2\/pages\/2296\/revisions\/2305"}],"wp:attachment":[{"href":"https:\/\/isfdalmafuerte-bue.infd.edu.ar\/sitio\/wp-json\/wp\/v2\/media?parent=2296"}],"curies":[{"name":"wp","href":"https:\/\/api.w.org\/{rel}","templated":true}]}}