{"id":2293,"date":"2021-10-21T11:47:10","date_gmt":"2021-10-21T14:47:10","guid":{"rendered":"https:\/\/isfdalmafuerte-bue.infd.edu.ar\/sitio\/?page_id=2293"},"modified":"2021-10-28T09:42:58","modified_gmt":"2021-10-28T12:42:58","slug":"extension-y-capacitacion-2016","status":"publish","type":"page","link":"https:\/\/isfdalmafuerte-bue.infd.edu.ar\/sitio\/extension-y-capacitacion-2016\/","title":{"rendered":"Extensi\u00f3n y formaci\u00f3n continua 2016"},"content":{"rendered":"\n<p><strong>La convivencia en las instituciones educativas. Dificultades y herramientas comunicacionales de intervenci\u00f3n.<\/strong><br>Prof. Ortiz, A. B. <\/p>\n\n\n\n<p><strong>Aprender sirve, servir ense\u00f1a.<\/strong><br>Prof. Puglisi, S. y Bridi, G.<\/p>\n\n\n\n<p><strong>Educaci\u00f3n Sexual Integral con perspectiva de g\u00e9nero.<\/strong><br>Prof. Cepeda, A. y V\u00e1zquez Lorda. L. <\/p>\n\n\n\n<p><strong>Maestros creativos, maestros artistas.<\/strong><br>Prof. Giordano, M. y V\u00e1zquez Loyza, M. F. <\/p>\n","protected":false},"excerpt":{"rendered":"<p>La convivencia en las instituciones educativas. Dificultades y herramientas comunicacionales de intervenci\u00f3n.Prof. Ortiz, A. B. Aprender sirve, servir ense\u00f1a.Prof. Puglisi, S. y Bridi, G. Educaci\u00f3n Sexual Integral con perspectiva de g\u00e9nero.Prof. Cepeda, A. y V\u00e1zquez Lorda. L. Maestros creativos, maestros artistas.Prof. Giordano, M. y V\u00e1zquez Loyza, M. F.<\/p>\n","protected":false},"author":140,"featured_media":0,"parent":0,"menu_order":0,"comment_status":"closed","ping_status":"closed","template":"","meta":[],"acf":[],"_links":{"self":[{"href":"https:\/\/isfdalmafuerte-bue.infd.edu.ar\/sitio\/wp-json\/wp\/v2\/pages\/2293"}],"collection":[{"href":"https:\/\/isfdalmafuerte-bue.infd.edu.ar\/sitio\/wp-json\/wp\/v2\/pages"}],"about":[{"href":"https:\/\/isfdalmafuerte-bue.infd.edu.ar\/sitio\/wp-json\/wp\/v2\/types\/page"}],"author":[{"embeddable":true,"href":"https:\/\/isfdalmafuerte-bue.infd.edu.ar\/sitio\/wp-json\/wp\/v2\/users\/140"}],"replies":[{"embeddable":true,"href":"https:\/\/isfdalmafuerte-bue.infd.edu.ar\/sitio\/wp-json\/wp\/v2\/comments?post=2293"}],"version-history":[{"count":2,"href":"https:\/\/isfdalmafuerte-bue.infd.edu.ar\/sitio\/wp-json\/wp\/v2\/pages\/2293\/revisions"}],"predecessor-version":[{"id":2306,"href":"https:\/\/isfdalmafuerte-bue.infd.edu.ar\/sitio\/wp-json\/wp\/v2\/pages\/2293\/revisions\/2306"}],"wp:attachment":[{"href":"https:\/\/isfdalmafuerte-bue.infd.edu.ar\/sitio\/wp-json\/wp\/v2\/media?parent=2293"}],"curies":[{"name":"wp","href":"https:\/\/api.w.org\/{rel}","templated":true}]}}