{"id":2290,"date":"2021-10-21T11:34:39","date_gmt":"2021-10-21T14:34:39","guid":{"rendered":"https:\/\/isfdalmafuerte-bue.infd.edu.ar\/sitio\/?page_id=2290"},"modified":"2021-10-28T09:44:01","modified_gmt":"2021-10-28T12:44:01","slug":"extension-y-capacitacion-2014","status":"publish","type":"page","link":"https:\/\/isfdalmafuerte-bue.infd.edu.ar\/sitio\/extension-y-capacitacion-2014\/","title":{"rendered":"Extensi\u00f3n y formaci\u00f3n continua 2014"},"content":{"rendered":"\n<p><strong>Convivencia en la escuela: Un tema de comunicaci\u00f3n humana. Formas de construir la convivencia, negociaci\u00f3n, mediaci\u00f3n.<\/strong><br>Prof. Ortiz, A. B.<\/p>\n\n\n\n<p><strong>Perspectiva comunicacional de los conflictos escolares.<\/strong><br>Prof. Ortiz, A. B.<\/p>\n\n\n\n<p><strong>Ateneo pedag\u00f3gico: haciendo ciencias en el Nivel Inicial.<\/strong><br>Prof. P\u00e9rez, L.<\/p>\n\n\n\n<p><strong>Violencias. Reflexionando sobre aspectos conceptuales y conocimientos de sentido com\u00fan. Una mirada interdisciplinaria.<\/strong><br>Prof. Castro, L. y Di Scala, V.<\/p>\n\n\n\n<p><strong>Educaci\u00f3n sexual integral con perspectiva de g\u00e9nero.<\/strong><br>Prof. Cepeda, A. y Rustoyburu, C.<\/p>\n\n\n\n<p><strong>\u00bfPor que hablar de diversidad cultural en las escuelas de Mar del Plata? Enfoques, estrategias y contenidos para la educaci\u00f3n intercultural.<br><\/strong>Prof. D&#8217;Angelo<\/p>\n\n\n\n<p><strong>Leer y escribir en cada una de las materias de la escuela secundaria. Concepciones y pr\u00e1cticas acerca de la escritura y la lectura vigentes en los docentes de nivel secundario.<\/strong><br>Prof. Galluzzi, M. y Martinez, S.<\/p>\n\n\n\n<p><strong>Taller de adaptaci\u00f3n teatral. Del texto narrativo al texto dram\u00e1tico.<\/strong><br>Prof. Banco, M.<\/p>\n\n\n\n<p><strong>Crecer juntos como actores sociales<\/strong><br>Prof. Trakal, Estefan\u00eda, Arena, A. y Ginestet, M.<\/p>\n\n\n\n<p><\/p>\n\n\n\n<p><\/p>\n","protected":false},"excerpt":{"rendered":"<p>Convivencia en la escuela: Un tema de comunicaci\u00f3n humana. Formas de construir la convivencia, negociaci\u00f3n, mediaci\u00f3n.Prof. Ortiz, A. B. Perspectiva comunicacional de los conflictos escolares.Prof. Ortiz, A. B. Ateneo pedag\u00f3gico: haciendo ciencias en el Nivel Inicial.Prof. P\u00e9rez, L. Violencias. Reflexionando sobre aspectos conceptuales y conocimientos de sentido com\u00fan. Una mirada interdisciplinaria.Prof. Castro, L. y Di &#8230; <a title=\"Extensi\u00f3n y formaci\u00f3n continua 2014\" class=\"read-more\" href=\"https:\/\/isfdalmafuerte-bue.infd.edu.ar\/sitio\/extension-y-capacitacion-2014\/\" aria-label=\"More on Extensi\u00f3n y formaci\u00f3n continua 2014\">[+]<\/a><\/p>\n","protected":false},"author":140,"featured_media":0,"parent":0,"menu_order":0,"comment_status":"closed","ping_status":"closed","template":"","meta":[],"acf":[],"_links":{"self":[{"href":"https:\/\/isfdalmafuerte-bue.infd.edu.ar\/sitio\/wp-json\/wp\/v2\/pages\/2290"}],"collection":[{"href":"https:\/\/isfdalmafuerte-bue.infd.edu.ar\/sitio\/wp-json\/wp\/v2\/pages"}],"about":[{"href":"https:\/\/isfdalmafuerte-bue.infd.edu.ar\/sitio\/wp-json\/wp\/v2\/types\/page"}],"author":[{"embeddable":true,"href":"https:\/\/isfdalmafuerte-bue.infd.edu.ar\/sitio\/wp-json\/wp\/v2\/users\/140"}],"replies":[{"embeddable":true,"href":"https:\/\/isfdalmafuerte-bue.infd.edu.ar\/sitio\/wp-json\/wp\/v2\/comments?post=2290"}],"version-history":[{"count":2,"href":"https:\/\/isfdalmafuerte-bue.infd.edu.ar\/sitio\/wp-json\/wp\/v2\/pages\/2290\/revisions"}],"predecessor-version":[{"id":2308,"href":"https:\/\/isfdalmafuerte-bue.infd.edu.ar\/sitio\/wp-json\/wp\/v2\/pages\/2290\/revisions\/2308"}],"wp:attachment":[{"href":"https:\/\/isfdalmafuerte-bue.infd.edu.ar\/sitio\/wp-json\/wp\/v2\/media?parent=2290"}],"curies":[{"name":"wp","href":"https:\/\/api.w.org\/{rel}","templated":true}]}}