{"id":2284,"date":"2021-10-21T11:00:35","date_gmt":"2021-10-21T14:00:35","guid":{"rendered":"https:\/\/isfdalmafuerte-bue.infd.edu.ar\/sitio\/?page_id=2284"},"modified":"2021-10-28T09:44:24","modified_gmt":"2021-10-28T12:44:24","slug":"extension-y-capacitacion-2013","status":"publish","type":"page","link":"https:\/\/isfdalmafuerte-bue.infd.edu.ar\/sitio\/extension-y-capacitacion-2013\/","title":{"rendered":"Extensi\u00f3n y formaci\u00f3n continua 2013"},"content":{"rendered":"\n<p><strong>La comunicaci\u00f3n humana como herramienta en el aula de Nivel Secundario.<\/strong><br>Prof. Ortiz, A. B.<\/p>\n\n\n\n<p><strong>Educaci\u00f3n Sexual Integral con perspectiva de g\u00e9nero. Recursos y propuestas para el nivel primario.<\/strong><br>Prof. Rustoyburu, C. y Cepeda, A.<\/p>\n\n\n\n<p><strong>La investigaci\u00f3n cient\u00edfica en la escuela: Actualizaciones de perspectivas epistemol\u00f3gicas y metodol\u00f3gicas.<\/strong><br>Prof. Lombardi, C. Acosta, S.<\/p>\n\n\n\n<p><strong>\u00bfCu\u00e1ntos cuentos nos contaron? Filosof\u00eda para ni\u00f1xs. <\/strong><br>Lazzaris, S., Galluzzi, M. y Quecia, M.<\/p>\n\n\n\n<p><strong>\u00bfA qu\u00e9 jugamos? <\/strong><br>Migliorata, P. y Piergentilli, J.<\/p>\n\n\n\n<p><strong>Ateneo Educativo: Revista para la profesionalizaci\u00f3n docente<\/strong><br>P\u00e9rez, F. y Segretin, C.<br><\/p>\n","protected":false},"excerpt":{"rendered":"<p>La comunicaci\u00f3n humana como herramienta en el aula de Nivel Secundario.Prof. Ortiz, A. B. Educaci\u00f3n Sexual Integral con perspectiva de g\u00e9nero. Recursos y propuestas para el nivel primario.Prof. Rustoyburu, C. y Cepeda, A. La investigaci\u00f3n cient\u00edfica en la escuela: Actualizaciones de perspectivas epistemol\u00f3gicas y metodol\u00f3gicas.Prof. Lombardi, C. Acosta, S. \u00bfCu\u00e1ntos cuentos nos contaron? Filosof\u00eda para &#8230; <a title=\"Extensi\u00f3n y formaci\u00f3n continua 2013\" class=\"read-more\" href=\"https:\/\/isfdalmafuerte-bue.infd.edu.ar\/sitio\/extension-y-capacitacion-2013\/\" aria-label=\"More on Extensi\u00f3n y formaci\u00f3n continua 2013\">[+]<\/a><\/p>\n","protected":false},"author":140,"featured_media":0,"parent":0,"menu_order":0,"comment_status":"closed","ping_status":"closed","template":"","meta":[],"acf":[],"_links":{"self":[{"href":"https:\/\/isfdalmafuerte-bue.infd.edu.ar\/sitio\/wp-json\/wp\/v2\/pages\/2284"}],"collection":[{"href":"https:\/\/isfdalmafuerte-bue.infd.edu.ar\/sitio\/wp-json\/wp\/v2\/pages"}],"about":[{"href":"https:\/\/isfdalmafuerte-bue.infd.edu.ar\/sitio\/wp-json\/wp\/v2\/types\/page"}],"author":[{"embeddable":true,"href":"https:\/\/isfdalmafuerte-bue.infd.edu.ar\/sitio\/wp-json\/wp\/v2\/users\/140"}],"replies":[{"embeddable":true,"href":"https:\/\/isfdalmafuerte-bue.infd.edu.ar\/sitio\/wp-json\/wp\/v2\/comments?post=2284"}],"version-history":[{"count":2,"href":"https:\/\/isfdalmafuerte-bue.infd.edu.ar\/sitio\/wp-json\/wp\/v2\/pages\/2284\/revisions"}],"predecessor-version":[{"id":2309,"href":"https:\/\/isfdalmafuerte-bue.infd.edu.ar\/sitio\/wp-json\/wp\/v2\/pages\/2284\/revisions\/2309"}],"wp:attachment":[{"href":"https:\/\/isfdalmafuerte-bue.infd.edu.ar\/sitio\/wp-json\/wp\/v2\/media?parent=2284"}],"curies":[{"name":"wp","href":"https:\/\/api.w.org\/{rel}","templated":true}]}}