{"id":2278,"date":"2021-10-21T10:49:04","date_gmt":"2021-10-21T13:49:04","guid":{"rendered":"https:\/\/isfdalmafuerte-bue.infd.edu.ar\/sitio\/?page_id=2278"},"modified":"2021-10-28T09:43:39","modified_gmt":"2021-10-28T12:43:39","slug":"extension-y-capacitacion-2015","status":"publish","type":"page","link":"https:\/\/isfdalmafuerte-bue.infd.edu.ar\/sitio\/extension-y-capacitacion-2015\/","title":{"rendered":"Extensi\u00f3n y formaci\u00f3n continua 2015"},"content":{"rendered":"\n<p><strong>La evaluaci\u00f3n como parte de la ense\u00f1anza en la Escuela Secundaria<\/strong><br>Profesoras. &nbsp;Galluzzi, Mar\u00eda C. y Martinez, Silvia<\/p>\n\n\n\n<p><strong>La historia reciente en el nivel primario.<\/strong><br>Profesores: Perez, Laura y Bargas, Esteban<\/p>\n\n\n\n<p><strong>El teatro y las pr\u00e1cticas corporales expresivas en el Nivel Inicial.<\/strong><br>Profesores: Migliorata, Pablo y Minuchin, Jos\u00e9<\/p>\n\n\n\n<p><strong>Las im\u00e1genes como recurso pedag\u00f3gico.<\/strong><br>Profesor. Fernandez Villar, Eduardo&nbsp;<\/p>\n\n\n\n<p><strong>Desarrollo te\u00f3rico pr\u00e1ctico de po\u00e9ticas teatrales.<\/strong><br>Profesores:\u00a0Fernandez Villar, Eduardo y Mart\u00edn, Cecilia<\/p>\n\n\n\n<p><strong>El juego en el Nivel Inicial (PNFP-Nuestra EScuela).<\/strong><br>Profesores: Migliorata, Pablo y Perez, Fernanda<\/p>\n\n\n\n<p><strong>Perspectiva comuniccional para la prevenci\u00f3n y la intyervenci\u00f3n en los conflictos y la violencia en la escuela.<\/strong><br>Profesora: Ortiz, Ana B.<\/p>\n\n\n\n<p><strong>Ateneo Pedag\u00f3gico: Haciendo Ciencias en el Nivel Inicial.<\/strong><br>Profesora: P\u00e9rez, Laura<\/p>\n","protected":false},"excerpt":{"rendered":"<p>La evaluaci\u00f3n como parte de la ense\u00f1anza en la Escuela SecundariaProfesoras. &nbsp;Galluzzi, Mar\u00eda C. y Martinez, Silvia La historia reciente en el nivel primario.Profesores: Perez, Laura y Bargas, Esteban El teatro y las pr\u00e1cticas corporales expresivas en el Nivel Inicial.Profesores: Migliorata, Pablo y Minuchin, Jos\u00e9 Las im\u00e1genes como recurso pedag\u00f3gico.Profesor. Fernandez Villar, Eduardo&nbsp; Desarrollo te\u00f3rico &#8230; <a title=\"Extensi\u00f3n y formaci\u00f3n continua 2015\" class=\"read-more\" href=\"https:\/\/isfdalmafuerte-bue.infd.edu.ar\/sitio\/extension-y-capacitacion-2015\/\" aria-label=\"More on Extensi\u00f3n y formaci\u00f3n continua 2015\">[+]<\/a><\/p>\n","protected":false},"author":140,"featured_media":0,"parent":0,"menu_order":0,"comment_status":"closed","ping_status":"closed","template":"","meta":[],"acf":[],"_links":{"self":[{"href":"https:\/\/isfdalmafuerte-bue.infd.edu.ar\/sitio\/wp-json\/wp\/v2\/pages\/2278"}],"collection":[{"href":"https:\/\/isfdalmafuerte-bue.infd.edu.ar\/sitio\/wp-json\/wp\/v2\/pages"}],"about":[{"href":"https:\/\/isfdalmafuerte-bue.infd.edu.ar\/sitio\/wp-json\/wp\/v2\/types\/page"}],"author":[{"embeddable":true,"href":"https:\/\/isfdalmafuerte-bue.infd.edu.ar\/sitio\/wp-json\/wp\/v2\/users\/140"}],"replies":[{"embeddable":true,"href":"https:\/\/isfdalmafuerte-bue.infd.edu.ar\/sitio\/wp-json\/wp\/v2\/comments?post=2278"}],"version-history":[{"count":2,"href":"https:\/\/isfdalmafuerte-bue.infd.edu.ar\/sitio\/wp-json\/wp\/v2\/pages\/2278\/revisions"}],"predecessor-version":[{"id":2307,"href":"https:\/\/isfdalmafuerte-bue.infd.edu.ar\/sitio\/wp-json\/wp\/v2\/pages\/2278\/revisions\/2307"}],"wp:attachment":[{"href":"https:\/\/isfdalmafuerte-bue.infd.edu.ar\/sitio\/wp-json\/wp\/v2\/media?parent=2278"}],"curies":[{"name":"wp","href":"https:\/\/api.w.org\/{rel}","templated":true}]}}