{"id":2272,"date":"2021-10-21T10:44:08","date_gmt":"2021-10-21T13:44:08","guid":{"rendered":"https:\/\/isfdalmafuerte-bue.infd.edu.ar\/sitio\/?page_id=2272"},"modified":"2021-10-28T09:41:15","modified_gmt":"2021-10-28T12:41:15","slug":"extension-y-capacitacion-2019","status":"publish","type":"page","link":"https:\/\/isfdalmafuerte-bue.infd.edu.ar\/sitio\/extension-y-capacitacion-2019\/","title":{"rendered":"Extensi\u00f3n y formaci\u00f3n continua 2019"},"content":{"rendered":"\n<p><strong>\u201c<em>Ense\u00f1ar Ciencias Sociales en contexto: revisitando las pr\u00e1cticas\u201d<\/em><\/strong>, para equipos de Conducci\u00f3n y Docentes de Ciencias Sociales de 1\u00b0 y 2\u00b0 ciclo de escuelas primarias municipales. A cargo del Prof. Estegban Bargas.<\/p>\n\n\n\n<p><strong><em>\u201cConstrucciones geom\u00e9tricas de 2\u00b0 Ciclo de EP. Del l\u00e1piz y papel a la geometr\u00eda din\u00e1mica\u201d<\/em><\/strong>. Dentro de los prop\u00f3sitos del curso, puede mencionarse la b\u00fasqueda de gestar propuestas para avanzar en la valoraci\u00f3n del dominio geom\u00e9trico como un espacio de producci\u00f3n de ideas sobre relaciones y propiedades de las figuras como un aporte al sentido formativo de la matem\u00e1tica, promover instancias reflexivas que contribuyan a la problematizaci\u00f3n, y analizar propuestas did\u00e1cticas para la apropiaci\u00f3n de concepciones de recorridos did\u00e1cticos. A cargo de la Prof. Natalia Riccardi.<\/p>\n\n\n\n<p><em><strong>\u00abLa ense\u00f1anza de fracciones en el 2\u00b0 Ciclo de la EP\u00bb<\/strong><\/em>. A cargo de la Prof. Laura Barrag\u00e1n<\/p>\n\n\n\n<p><em><strong>\u00abIntroducci\u00f3n a la educaci\u00f3n bioc\u00e9ntrica en la EP: una pedagog\u00eda de la afectividad\u00bb<\/strong><\/em>. A cargo de la Prof. Paula Darwich.<\/p>\n","protected":false},"excerpt":{"rendered":"<p>\u201cEnse\u00f1ar Ciencias Sociales en contexto: revisitando las pr\u00e1cticas\u201d, para equipos de Conducci\u00f3n y Docentes de Ciencias Sociales de 1\u00b0 y 2\u00b0 ciclo de escuelas primarias municipales. A cargo del Prof. Estegban Bargas. \u201cConstrucciones geom\u00e9tricas de 2\u00b0 Ciclo de EP. Del l\u00e1piz y papel a la geometr\u00eda din\u00e1mica\u201d. Dentro de los prop\u00f3sitos del curso, puede mencionarse &#8230; <a title=\"Extensi\u00f3n y formaci\u00f3n continua 2019\" class=\"read-more\" href=\"https:\/\/isfdalmafuerte-bue.infd.edu.ar\/sitio\/extension-y-capacitacion-2019\/\" aria-label=\"More on Extensi\u00f3n y formaci\u00f3n continua 2019\">[+]<\/a><\/p>\n","protected":false},"author":140,"featured_media":0,"parent":0,"menu_order":0,"comment_status":"closed","ping_status":"closed","template":"","meta":[],"acf":[],"_links":{"self":[{"href":"https:\/\/isfdalmafuerte-bue.infd.edu.ar\/sitio\/wp-json\/wp\/v2\/pages\/2272"}],"collection":[{"href":"https:\/\/isfdalmafuerte-bue.infd.edu.ar\/sitio\/wp-json\/wp\/v2\/pages"}],"about":[{"href":"https:\/\/isfdalmafuerte-bue.infd.edu.ar\/sitio\/wp-json\/wp\/v2\/types\/page"}],"author":[{"embeddable":true,"href":"https:\/\/isfdalmafuerte-bue.infd.edu.ar\/sitio\/wp-json\/wp\/v2\/users\/140"}],"replies":[{"embeddable":true,"href":"https:\/\/isfdalmafuerte-bue.infd.edu.ar\/sitio\/wp-json\/wp\/v2\/comments?post=2272"}],"version-history":[{"count":2,"href":"https:\/\/isfdalmafuerte-bue.infd.edu.ar\/sitio\/wp-json\/wp\/v2\/pages\/2272\/revisions"}],"predecessor-version":[{"id":2303,"href":"https:\/\/isfdalmafuerte-bue.infd.edu.ar\/sitio\/wp-json\/wp\/v2\/pages\/2272\/revisions\/2303"}],"wp:attachment":[{"href":"https:\/\/isfdalmafuerte-bue.infd.edu.ar\/sitio\/wp-json\/wp\/v2\/media?parent=2272"}],"curies":[{"name":"wp","href":"https:\/\/api.w.org\/{rel}","templated":true}]}}