{"id":2221,"date":"2025-11-04T08:42:37","date_gmt":"2025-11-04T11:42:37","guid":{"rendered":"https:\/\/isfdalmafuerte-bue.infd.edu.ar\/sitio\/?page_id=2221"},"modified":"2026-02-18T13:37:15","modified_gmt":"2026-02-18T16:37:15","slug":"inscripciones-2026","status":"publish","type":"page","link":"https:\/\/isfdalmafuerte-bue.infd.edu.ar\/sitio\/inscripciones-2026\/","title":{"rendered":"Pre-inscripci\u00f3n abierta"},"content":{"rendered":"<div class=\"wp-block-image\">\n<figure class=\"aligncenter size-large\"><img decoding=\"async\" loading=\"lazy\" width=\"960\" height=\"241\" src=\"https:\/\/isfdalmafuerte-bue.infd.edu.ar\/sitio\/wp-content\/uploads\/2019\/02\/2.jpg\" alt=\"\" class=\"wp-image-1466\" srcset=\"https:\/\/isfdalmafuerte-bue.infd.edu.ar\/sitio\/wp-content\/uploads\/2019\/02\/2.jpg 960w, https:\/\/isfdalmafuerte-bue.infd.edu.ar\/sitio\/wp-content\/uploads\/2019\/02\/2-768x193.jpg 768w\" sizes=\"(max-width: 960px) 100vw, 960px\" \/><\/figure><\/div>\n\n\n<pre class=\"wp-block-preformatted\">\u00a1Se encuentra abierta la preinscripci\u00f3n para el ISFD Almafuerte!\n\nSi est\u00e1s interesadxs en el Profesorado de Educaci\u00f3n Primaria del ISFD Almafuerte, pod\u00e9s acercarte al instituto (Necochea 3672) de lunes a viernes de 8:30 a 12:30 horas o escribir a institutoalmafuerte@gmail.com<\/pre>\n\n\n\n<p><strong>Requisitos para la inscripci\u00f3n:<\/strong><\/p>\n\n\n\n<ul>\n<li>Completar y enviar el formulario de ingreso. <a href=\"http:\/\/formularios.mardelplata.gob.ar\/?id=981\" data-type=\"URL\" data-id=\"formularios.mardelplata.gob.ar\/?id=981\" target=\"_blank\" rel=\"noreferrer noopener\">LINK A FORMULARIO<\/a><\/li>\n\n\n\n<li>Documentaci\u00f3n para presentar posteriormente:<br>&#8211; Original y copia del DNI<br>&#8211; Original y copia de la Partida de Nacimiento<br>&#8211; Constancia de alumno regular del \u00faltimo a\u00f1o de secundaria o T\u00edtulo Secundario (en caso de haber sido emitido antes del 2010, deber\u00e1 estar registrado por el Consejo Escolar)<br>&#8211; Dos fotos tama\u00f1o 4&#215;4 (del rostro, de frente)<br>&#8211; Certificado de aptitud psicof\u00edsica (si es de una entidad privada, deber\u00e1 estar legalizado en el Centro M\u00e9dico: San Luis 1978).<br>&#8211; Folio oficio<\/li>\n<\/ul>\n\n\n\n<p><strong>La carrera<\/strong><\/p>\n\n\n\n<p>El <strong>Profesorado de Educaci\u00f3n Primaria<\/strong> tiene un plan de estudios de cuatro a\u00f1os y ofrece el t\u00edtulo de Profesor\/a de Educaci\u00f3n Primaria con certificaci\u00f3n oficial de validez provincial y nacional.&nbsp;<\/p>\n\n\n\n<p><strong>Nuestro instituto<\/strong><\/p>\n\n\n\n<p>El ISFD Almafuerte es una instituci\u00f3n no arancelada que depende de la Secretar\u00eda de Educaci\u00f3n del Partido de Gral. Pueyrredon. Funciona en el <strong>turno ma\u00f1ana -con pr\u00e1cticas docentes en contraturno-<\/strong>, en Necochea N\u00b0 3672, Mar del Plata.<\/p>\n\n\n\n<p><\/p>\n","protected":false},"excerpt":{"rendered":"<p>\u00a1Se encuentra abierta la preinscripci\u00f3n para el ISFD Almafuerte! Si est\u00e1s interesadxs en el Profesorado de Educaci\u00f3n Primaria del ISFD Almafuerte, pod\u00e9s acercarte al instituto (Necochea 3672) de lunes a viernes de 8:30 a 12:30 horas o escribir a institutoalmafuerte@gmail.com Requisitos para la inscripci\u00f3n: La carrera El Profesorado de Educaci\u00f3n Primaria tiene un plan de &#8230; <a title=\"Pre-inscripci\u00f3n abierta\" class=\"read-more\" href=\"https:\/\/isfdalmafuerte-bue.infd.edu.ar\/sitio\/inscripciones-2026\/\" aria-label=\"More on Pre-inscripci\u00f3n abierta\">[+]<\/a><\/p>\n","protected":false},"author":1269,"featured_media":0,"parent":0,"menu_order":0,"comment_status":"closed","ping_status":"closed","template":"","meta":[],"acf":[],"_links":{"self":[{"href":"https:\/\/isfdalmafuerte-bue.infd.edu.ar\/sitio\/wp-json\/wp\/v2\/pages\/2221"}],"collection":[{"href":"https:\/\/isfdalmafuerte-bue.infd.edu.ar\/sitio\/wp-json\/wp\/v2\/pages"}],"about":[{"href":"https:\/\/isfdalmafuerte-bue.infd.edu.ar\/sitio\/wp-json\/wp\/v2\/types\/page"}],"author":[{"embeddable":true,"href":"https:\/\/isfdalmafuerte-bue.infd.edu.ar\/sitio\/wp-json\/wp\/v2\/users\/1269"}],"replies":[{"embeddable":true,"href":"https:\/\/isfdalmafuerte-bue.infd.edu.ar\/sitio\/wp-json\/wp\/v2\/comments?post=2221"}],"version-history":[{"count":44,"href":"https:\/\/isfdalmafuerte-bue.infd.edu.ar\/sitio\/wp-json\/wp\/v2\/pages\/2221\/revisions"}],"predecessor-version":[{"id":3125,"href":"https:\/\/isfdalmafuerte-bue.infd.edu.ar\/sitio\/wp-json\/wp\/v2\/pages\/2221\/revisions\/3125"}],"wp:attachment":[{"href":"https:\/\/isfdalmafuerte-bue.infd.edu.ar\/sitio\/wp-json\/wp\/v2\/media?parent=2221"}],"curies":[{"name":"wp","href":"https:\/\/api.w.org\/{rel}","templated":true}]}}