{"id":1911,"date":"2020-07-08T18:45:08","date_gmt":"2020-07-08T21:45:08","guid":{"rendered":"https:\/\/isfdalmafuerte-bue.infd.edu.ar\/sitio\/?page_id=1911"},"modified":"2020-07-08T18:45:08","modified_gmt":"2020-07-08T21:45:08","slug":"mesas-de-examen-agosto-2020","status":"publish","type":"page","link":"https:\/\/isfdalmafuerte-bue.infd.edu.ar\/sitio\/mesas-de-examen-agosto-2020\/","title":{"rendered":"Mesas de examen &#8211; Agosto 2020"},"content":{"rendered":"<p>Estimadxs estudiantes, ya se encuentran disponibles los formularios de inscripci\u00f3n para las mesas de examen final del turno agosto 2020.<\/p>\n<p>A continuaci\u00f3n les compartimos los documentos que deben atender para concretar el registro online para acceder a la instancia de evaluaci\u00f3n:<\/p>\n<ul>\n<li><a href=\"https:\/\/docs.google.com\/forms\/d\/1kt7gQUWqP1qqIkjiTr__29mtlOjnkqjMzCZ16ICFpWs\" target=\"_blank\" rel=\"noopener\" data-saferedirecturl=\"https:\/\/www.google.com\/url?q=https:\/\/docs.google.com\/forms\/d\/1kt7gQUWqP1qqIkjiTr__29mtlOjnkqjMzCZ16ICFpWs&amp;source=gmail&amp;ust=1594327496093000&amp;usg=AFQjCNEMe0p3JxMIPR9Q_XViHFzpehZ4ug\">FORMULARIO DE INSCRIPCI\u00d3N A MESAS &#8211; AGOSTO 2020<\/a><\/li>\n<li><a href=\"https:\/\/drive.google.com\/file\/d\/1BZe9taO_4xa6F2sj7HjsGsO-ERfmaTmO\/view?usp=sharing\" target=\"_blank\" rel=\"noopener\" data-saferedirecturl=\"https:\/\/www.google.com\/url?q=https:\/\/drive.google.com\/file\/d\/1BZe9taO_4xa6F2sj7HjsGsO-ERfmaTmO\/view?usp%3Dsharing&amp;source=gmail&amp;ust=1594327496094000&amp;usg=AFQjCNFWEsclD62osjBK_CNsNtVPc6SXqQ\">PAUTAS PARA ESTUDIANTES<\/a><\/li>\n<li><a href=\"https:\/\/drive.google.com\/file\/d\/1yklTTWhN523raAjTOW3rDEikCJSrOh4e\/view?usp=sharing\" target=\"_blank\" rel=\"noopener\" data-saferedirecturl=\"https:\/\/www.google.com\/url?q=https:\/\/drive.google.com\/file\/d\/1yklTTWhN523raAjTOW3rDEikCJSrOh4e\/view?usp%3Dsharing&amp;source=gmail&amp;ust=1594327496094000&amp;usg=AFQjCNHdn3jv1nnFcavffLjvAIu511-MfQ\">MODALIDAD DE EVALUACI\u00d3N\u00a0POR MATERIA<\/a><\/li>\n<\/ul>\n<p>Si tienen alguna inquietud, puede escribir a institutoalmafuerte@gmail.com con el asunto \u00abConsulta: Mesas de examen &#8211; Agosto 2020\u00bb.<\/p>\n","protected":false},"excerpt":{"rendered":"<p>Estimadxs estudiantes, ya se encuentran disponibles los formularios de inscripci\u00f3n para las mesas de examen final del turno agosto 2020. A continuaci\u00f3n les compartimos los documentos que deben atender para concretar el registro online para acceder a la instancia de evaluaci\u00f3n: FORMULARIO DE INSCRIPCI\u00d3N A MESAS &#8211; AGOSTO 2020 PAUTAS PARA ESTUDIANTES MODALIDAD DE EVALUACI\u00d3N\u00a0POR &#8230; <a title=\"Mesas de examen &#8211; Agosto 2020\" class=\"read-more\" href=\"https:\/\/isfdalmafuerte-bue.infd.edu.ar\/sitio\/mesas-de-examen-agosto-2020\/\" aria-label=\"More on Mesas de examen &#8211; Agosto 2020\">[+]<\/a><\/p>\n","protected":false},"author":140,"featured_media":0,"parent":0,"menu_order":0,"comment_status":"closed","ping_status":"closed","template":"","meta":[],"acf":[],"_links":{"self":[{"href":"https:\/\/isfdalmafuerte-bue.infd.edu.ar\/sitio\/wp-json\/wp\/v2\/pages\/1911"}],"collection":[{"href":"https:\/\/isfdalmafuerte-bue.infd.edu.ar\/sitio\/wp-json\/wp\/v2\/pages"}],"about":[{"href":"https:\/\/isfdalmafuerte-bue.infd.edu.ar\/sitio\/wp-json\/wp\/v2\/types\/page"}],"author":[{"embeddable":true,"href":"https:\/\/isfdalmafuerte-bue.infd.edu.ar\/sitio\/wp-json\/wp\/v2\/users\/140"}],"replies":[{"embeddable":true,"href":"https:\/\/isfdalmafuerte-bue.infd.edu.ar\/sitio\/wp-json\/wp\/v2\/comments?post=1911"}],"version-history":[{"count":1,"href":"https:\/\/isfdalmafuerte-bue.infd.edu.ar\/sitio\/wp-json\/wp\/v2\/pages\/1911\/revisions"}],"predecessor-version":[{"id":1912,"href":"https:\/\/isfdalmafuerte-bue.infd.edu.ar\/sitio\/wp-json\/wp\/v2\/pages\/1911\/revisions\/1912"}],"wp:attachment":[{"href":"https:\/\/isfdalmafuerte-bue.infd.edu.ar\/sitio\/wp-json\/wp\/v2\/media?parent=1911"}],"curies":[{"name":"wp","href":"https:\/\/api.w.org\/{rel}","templated":true}]}}