{"id":1304,"date":"2018-09-12T17:16:28","date_gmt":"2018-09-12T20:16:28","guid":{"rendered":"https:\/\/isfdalmafuerte-bue.infd.edu.ar\/sitio\/?page_id=1304"},"modified":"2026-03-12T17:10:05","modified_gmt":"2026-03-12T20:10:05","slug":"normativas","status":"publish","type":"page","link":"https:\/\/isfdalmafuerte-bue.infd.edu.ar\/sitio\/normativas\/","title":{"rendered":"Normativas en vigencia"},"content":{"rendered":"<p>R\u00e9gimen Acad\u00e9mico Institucional \u00a0<a href=\"https:\/\/drive.google.com\/file\/d\/1Ts62ppg5-TTeR2gVKotpYMLfOHLrkoJe\/view?usp=sharing\">Material para descargar<\/a><\/p>\n<p>Acuerdo Institucional de Convivencia (IAC) <a href=\"https:\/\/drive.google.com\/file\/d\/1k6XjvM1JL9Dyomrat-PMDroRDXHM14A4\/view?usp=drivesdk\">Documento para descargar<\/a><\/p>\n<p>Orientaciones para la lectura del R\u00e9gimen Acad\u00e9mico Marco (RAM) 2025: Documento con orientaciones para estudiantes &#8211; RAM 2025<\/p>\n<p>Resoluci\u00f3n Provincial 4044\/09 (Consejo Acad\u00e9mico institucional):\u00a0<a href=\"https:\/\/isfdalmafuerte-bue.infd.edu.ar\/sitio\/wp-content\/uploads\/2018\/09\/res_4044_09_deroga_res918_01.pdf\">res_4044_09_deroga_res918_01<\/a><\/p>\n<p>Ley Nacional 26877 (Centro de Estudiantes):\u00a0<a href=\"https:\/\/isfdalmafuerte-bue.infd.edu.ar\/sitio\/wp-content\/uploads\/2018\/09\/legislacin-nacional-26877.pdf\">legislacin-nacional-26877<\/a><\/p>\n<p>Ley Provincial 14581 (Centro de Estudiante): <a href=\"http:\/\/www.gob.gba.gov.ar\/legislacion\/legislacion\/l-14581.html\">Ley Provincial<\/a><\/p>\n<p>Resoluci\u00f3n Provincial 4900 (Centro de Estudiantes): <a href=\"https:\/\/isfdalmafuerte-bue.infd.edu.ar\/sitio\/wp-content\/uploads\/2018\/09\/4900centrodeestudiantes.pdf\">Centro de estudiantes<\/a><\/p>\n<p>Estatuto del Centro de Estudiantes del ISFD \u00abAlmafuerte\u00bb: <a href=\"https:\/\/isfdalmafuerte-bue.infd.edu.ar\/sitio\/wp-content\/uploads\/2018\/09\/Estatuto-del-centro-digitalizado-bien-2.docx\">Estatuto CEA<\/a><\/p>\n<p>Dise\u00f1o Curricular del <a href=\"http:\/\/servicios.abc.gov.ar\/lainstitucion\/organismos\/consejogeneral\/disenioscurriculares\/documentosdescarga\/dcurricularsuperior.pdf\">Profesorado de Educaci\u00f3n Primaria<\/a><\/p>\n<p>Ley Nacional 26.150\/06 (ESI) &#8211; <a href=\"https:\/\/www.argentina.gob.ar\/sites\/default\/files\/ley26150-58ad9d8c6494a.pdf\">Programa Nacional de Educaci\u00f3n Sexual Integral<\/a><\/p>\n<p>Ley Provincial <a href=\"https:\/\/intranet.hcdiputados-ba.gov.ar\/refleg\/l14744.pdf\">N\u00b0 14.744 Educaci\u00f3n Sexual Integral (ESI)<\/a><\/p>\n<p>Gu\u00eda de Orientaci\u00f3n para la Intervenci\u00f3n en Situaciones Conflictivas en el Escenario Escolar &#8211; <a href=\"https:\/\/drive.google.com\/file\/d\/18mT5jBAPNzfBtV2X94iv-MNxSW8wU5Un\/view?usp=drive_link\">Documentos<\/a><\/p>\n","protected":false},"excerpt":{"rendered":"<p>R\u00e9gimen Acad\u00e9mico Institucional \u00a0Material para descargar Acuerdo Institucional de Convivencia (IAC) Documento para descargar Orientaciones para la lectura del R\u00e9gimen Acad\u00e9mico Marco (RAM) 2025: Documento con orientaciones para estudiantes &#8211; RAM 2025 Resoluci\u00f3n Provincial 4044\/09 (Consejo Acad\u00e9mico institucional):\u00a0res_4044_09_deroga_res918_01 Ley Nacional 26877 (Centro de Estudiantes):\u00a0legislacin-nacional-26877 Ley Provincial 14581 (Centro de Estudiante): Ley Provincial Resoluci\u00f3n Provincial 4900 &#8230; <a title=\"Normativas en vigencia\" class=\"read-more\" href=\"https:\/\/isfdalmafuerte-bue.infd.edu.ar\/sitio\/normativas\/\" aria-label=\"More on Normativas en vigencia\">[+]<\/a><\/p>\n","protected":false},"author":1269,"featured_media":0,"parent":0,"menu_order":0,"comment_status":"closed","ping_status":"closed","template":"","meta":[],"acf":[],"_links":{"self":[{"href":"https:\/\/isfdalmafuerte-bue.infd.edu.ar\/sitio\/wp-json\/wp\/v2\/pages\/1304"}],"collection":[{"href":"https:\/\/isfdalmafuerte-bue.infd.edu.ar\/sitio\/wp-json\/wp\/v2\/pages"}],"about":[{"href":"https:\/\/isfdalmafuerte-bue.infd.edu.ar\/sitio\/wp-json\/wp\/v2\/types\/page"}],"author":[{"embeddable":true,"href":"https:\/\/isfdalmafuerte-bue.infd.edu.ar\/sitio\/wp-json\/wp\/v2\/users\/1269"}],"replies":[{"embeddable":true,"href":"https:\/\/isfdalmafuerte-bue.infd.edu.ar\/sitio\/wp-json\/wp\/v2\/comments?post=1304"}],"version-history":[{"count":17,"href":"https:\/\/isfdalmafuerte-bue.infd.edu.ar\/sitio\/wp-json\/wp\/v2\/pages\/1304\/revisions"}],"predecessor-version":[{"id":3128,"href":"https:\/\/isfdalmafuerte-bue.infd.edu.ar\/sitio\/wp-json\/wp\/v2\/pages\/1304\/revisions\/3128"}],"wp:attachment":[{"href":"https:\/\/isfdalmafuerte-bue.infd.edu.ar\/sitio\/wp-json\/wp\/v2\/media?parent=1304"}],"curies":[{"name":"wp","href":"https:\/\/api.w.org\/{rel}","templated":true}]}}