{"id":1262,"date":"2018-08-29T19:19:53","date_gmt":"2018-08-29T22:19:53","guid":{"rendered":"https:\/\/isfdalmafuerte-bue.infd.edu.ar\/sitio\/reglamento-2\/"},"modified":"2023-04-28T11:10:48","modified_gmt":"2023-04-28T14:10:48","slug":"reglamento-2","status":"publish","type":"page","link":"https:\/\/isfdalmafuerte-bue.infd.edu.ar\/sitio\/reglamento-2\/","title":{"rendered":"Reglamento de la biblioteca"},"content":{"rendered":"<h5><u>REGLAMENTO DE LA BIBLIOTECA <\/u><u>DEL I.S.F.D. ALMAFUERTE 2023<\/u><\/h5>\n<h5>Descargar <a href=\"https:\/\/isfdalmafuerte-bue.infd.edu.ar\/sitio\/wp-content\/uploads\/2023\/04\/REGLAMENTO-DE-LA-BIBLIOTECA.pdf\">versi\u00f3n en PDF<\/a><\/h5>\n<h5><\/h5>\n<h5><u><span style=\"color: #339966;\">REQUISITOS PARA ASOCIARSE Y SOLICITAR PR\u00c9STAMOS<\/span><\/u><span style=\"color: #339966;\">:<\/span><\/h5>\n<ul>\n<li>El horario de funcionamiento de la biblioteca ser\u00e1 de lunes a viernes de 8 a 12 hs.<\/li>\n<li>Tener abonada la cuota anual de cooperadora del ciclo lectivo en curso. Quien no se asocie podr\u00e1 realizar consultas en la biblioteca pero en ning\u00fan caso podr\u00e1 retirar libros de la misma (tampoco para fotocopiar).<\/li>\n<li>Para asociarse, los docentes en formaci\u00f3n deber\u00e1n concurrir a la biblioteca en horario de 8 a 11:45 hs. con la LIBRETA DE ESTUDIANTE y el RECIBO DE PAGO DE COOPERADORA.<\/li>\n<li>Una vez asociados y cada vez que se retire un ejemplar de la biblioteca, deber\u00e1n presentar la LIBRETA DE ESTUDIANTES, donde quedar\u00e1 asentada la cantidad de ejemplares prestados, fechas de retiro, devoluci\u00f3n y suspensiones si las hubiera. (La libreta ser\u00e1 solicitada tanto para los libros que se presten para utilizar en el d\u00eda fuera de la biblioteca como los que se presten para llevarlos a domicilio).<\/li>\n<li>Dicho pr\u00e9stamo tambi\u00e9n quedar\u00e1 asentado en una planilla que quedar\u00e1 en la biblioteca con los datos del solicitante: Nombre y apellido, libros \u00f3 ejemplares, fecha de retiro, firma, fecha de devoluci\u00f3n y suspensi\u00f3n si la hubiere.<\/li>\n<li>Los alumnos de primer a\u00f1o que a\u00fan no posean la libreta de estudiantes podr\u00e1n igualmente pedir libros prestados si cumplen con todos los requisitos restantes.<\/li>\n<li>Los docentes en formaci\u00f3n podr\u00e1n retirar hasta 3 libros por vez. Los libros ser\u00e1n prestados por el t\u00e9rmino de 5 d\u00edas, pudiendo ser renovado por un t\u00e9rmino igual.<\/li>\n<li>Si el libro a renovar es solicitado por varios docentes en formaci\u00f3n y no hay copias del mismo, la renovaci\u00f3n no proceder\u00e1. Si el libro solicitado es pedido por varios docentes al mismo tiempo y no hay copias del mismo, el libro podr\u00e1 ser prestado por menos de 5 d\u00edas e incluso prestarse en el d\u00eda para sacar fotocopias.<\/li>\n<li>Se sancionar\u00e1 al docente en formaci\u00f3n que sobrepase el periodo autorizado de pr\u00e9stamo con tantos d\u00edas sin pr\u00e9stamo como d\u00edas de retraso tuvo.<\/li>\n<li>Se sancionar\u00e1 a los docentes en formaci\u00f3n que no devuelvan el material \u00f3 lo devuelvan roto, solicit\u00e1ndoles su completa reposici\u00f3n.<\/li>\n<li>Para el pr\u00e9stamo colectivo para utilizar en clase, el docente responsable de la clase se har\u00e1 cargo del libro y deber\u00e1 devolverlo cuando finalice su hora (Quedando asentado dicho pr\u00e9stamo en la planilla de la biblioteca)<\/li>\n<li>Todo el material de la biblioteca puede consultarse en la plataforma haciendo <a href=\"https:\/\/docs.google.com\/spreadsheets\/d\/1IbIdeX6Tvymg-URtIHxwCJB0yVv_llfyaloyhimxdM8\/edit\">CLIC AC\u00c1<\/a>.<\/li>\n<\/ul>\n","protected":false},"excerpt":{"rendered":"<p>REGLAMENTO DE LA BIBLIOTECA DEL I.S.F.D. ALMAFUERTE 2023 Descargar versi\u00f3n en PDF REQUISITOS PARA ASOCIARSE Y SOLICITAR PR\u00c9STAMOS: El horario de funcionamiento de la biblioteca ser\u00e1 de lunes a viernes de 8 a 12 hs. Tener abonada la cuota anual de cooperadora del ciclo lectivo en curso. Quien no se asocie podr\u00e1 realizar consultas en &#8230; <a title=\"Reglamento de la biblioteca\" class=\"read-more\" href=\"https:\/\/isfdalmafuerte-bue.infd.edu.ar\/sitio\/reglamento-2\/\" aria-label=\"More on Reglamento de la biblioteca\">[+]<\/a><\/p>\n","protected":false},"author":140,"featured_media":0,"parent":0,"menu_order":0,"comment_status":"closed","ping_status":"closed","template":"","meta":[],"acf":[],"_links":{"self":[{"href":"https:\/\/isfdalmafuerte-bue.infd.edu.ar\/sitio\/wp-json\/wp\/v2\/pages\/1262"}],"collection":[{"href":"https:\/\/isfdalmafuerte-bue.infd.edu.ar\/sitio\/wp-json\/wp\/v2\/pages"}],"about":[{"href":"https:\/\/isfdalmafuerte-bue.infd.edu.ar\/sitio\/wp-json\/wp\/v2\/types\/page"}],"author":[{"embeddable":true,"href":"https:\/\/isfdalmafuerte-bue.infd.edu.ar\/sitio\/wp-json\/wp\/v2\/users\/140"}],"replies":[{"embeddable":true,"href":"https:\/\/isfdalmafuerte-bue.infd.edu.ar\/sitio\/wp-json\/wp\/v2\/comments?post=1262"}],"version-history":[{"count":3,"href":"https:\/\/isfdalmafuerte-bue.infd.edu.ar\/sitio\/wp-json\/wp\/v2\/pages\/1262\/revisions"}],"predecessor-version":[{"id":2832,"href":"https:\/\/isfdalmafuerte-bue.infd.edu.ar\/sitio\/wp-json\/wp\/v2\/pages\/1262\/revisions\/2832"}],"wp:attachment":[{"href":"https:\/\/isfdalmafuerte-bue.infd.edu.ar\/sitio\/wp-json\/wp\/v2\/media?parent=1262"}],"curies":[{"name":"wp","href":"https:\/\/api.w.org\/{rel}","templated":true}]}}