{"id":1253,"date":"2018-08-29T19:19:50","date_gmt":"2018-08-29T22:19:50","guid":{"rendered":"https:\/\/isfdalmafuerte-bue.infd.edu.ar\/sitio\/proyectos-de-extension-y-capacitacion\/"},"modified":"2025-12-05T12:12:55","modified_gmt":"2025-12-05T15:12:55","slug":"proyectos-de-extension-y-capacitacion","status":"publish","type":"page","link":"https:\/\/isfdalmafuerte-bue.infd.edu.ar\/sitio\/proyectos-de-extension-y-capacitacion\/","title":{"rendered":"Proyectos de extensi\u00f3n y capacitaci\u00f3n"},"content":{"rendered":"\n<p>Desde el a\u00f1o 2012, el ISFD \u00abAlmafuerte\u00bb ha consolidado el desarrollo de proyectos de extensi\u00f3n y capacitaci\u00f3n abriendo la comunidad educativa local un importante abanico de propuestas. En ese contexto, cada a\u00f1o se habilitan espacios de encuentro y formaci\u00f3n en el que participan docentes, estudiantes, directivos, especialistas y otros actores.<\/p>\n\n\n\n<p>Los proyectos de extensi\u00f3n y capacitaci\u00f3n constituyen uno de los nodos que entraman la vida institucional del Almafuerte y constituyen un rasgo distintivo de su identidad en la medida que complementa y potencia el alcance de las acciones vinculadas a las \u00e1reas de docencia e investigaci\u00f3n. <\/p>\n\n\n<p><img decoding=\"async\" class=\"aligncenter\" src=\"https:\/\/isfdalmafuerte-bue.infd.edu.ar\/sitio\/wp-content\/uploads\/2018\/08\/DSC00535_320x200.jpg\" border=\"0\" \/><\/p>\n<p>\u00a0<\/p>","protected":false},"excerpt":{"rendered":"<p>Desde el a\u00f1o 2012, el ISFD \u00abAlmafuerte\u00bb ha consolidado el desarrollo de proyectos de extensi\u00f3n y capacitaci\u00f3n abriendo la comunidad educativa local un importante abanico de propuestas. En ese contexto, cada a\u00f1o se habilitan espacios de encuentro y formaci\u00f3n en el que participan docentes, estudiantes, directivos, especialistas y otros actores. Los proyectos de extensi\u00f3n y &#8230; <a title=\"Proyectos de extensi\u00f3n y capacitaci\u00f3n\" class=\"read-more\" href=\"https:\/\/isfdalmafuerte-bue.infd.edu.ar\/sitio\/proyectos-de-extension-y-capacitacion\/\" aria-label=\"More on Proyectos de extensi\u00f3n y capacitaci\u00f3n\">[+]<\/a><\/p>\n","protected":false},"author":140,"featured_media":0,"parent":0,"menu_order":0,"comment_status":"closed","ping_status":"closed","template":"","meta":[],"acf":[],"_links":{"self":[{"href":"https:\/\/isfdalmafuerte-bue.infd.edu.ar\/sitio\/wp-json\/wp\/v2\/pages\/1253"}],"collection":[{"href":"https:\/\/isfdalmafuerte-bue.infd.edu.ar\/sitio\/wp-json\/wp\/v2\/pages"}],"about":[{"href":"https:\/\/isfdalmafuerte-bue.infd.edu.ar\/sitio\/wp-json\/wp\/v2\/types\/page"}],"author":[{"embeddable":true,"href":"https:\/\/isfdalmafuerte-bue.infd.edu.ar\/sitio\/wp-json\/wp\/v2\/users\/140"}],"replies":[{"embeddable":true,"href":"https:\/\/isfdalmafuerte-bue.infd.edu.ar\/sitio\/wp-json\/wp\/v2\/comments?post=1253"}],"version-history":[{"count":4,"href":"https:\/\/isfdalmafuerte-bue.infd.edu.ar\/sitio\/wp-json\/wp\/v2\/pages\/1253\/revisions"}],"predecessor-version":[{"id":3115,"href":"https:\/\/isfdalmafuerte-bue.infd.edu.ar\/sitio\/wp-json\/wp\/v2\/pages\/1253\/revisions\/3115"}],"wp:attachment":[{"href":"https:\/\/isfdalmafuerte-bue.infd.edu.ar\/sitio\/wp-json\/wp\/v2\/media?parent=1253"}],"curies":[{"name":"wp","href":"https:\/\/api.w.org\/{rel}","templated":true}]}}