{"id":1249,"date":"2018-08-29T19:19:48","date_gmt":"2018-08-29T22:19:48","guid":{"rendered":"https:\/\/isfdalmafuerte-bue.infd.edu.ar\/sitio\/c-a-i\/"},"modified":"2023-11-16T13:47:41","modified_gmt":"2023-11-16T16:47:41","slug":"c-a-i","status":"publish","type":"page","link":"https:\/\/isfdalmafuerte-bue.infd.edu.ar\/sitio\/c-a-i\/","title":{"rendered":"C.A.I."},"content":{"rendered":"<p><span style=\"font-size: 10pt;\">El Consejo Acad\u00e9mico Institucional es un \u00f3rgano colegiado de asesoramiento, propuesta, debate y decisi\u00f3n, para una gesti\u00f3n participativa, en el marco de la autonom\u00eda institucional en la unidad del sistema del nivel superior.<\/span><\/p>\n<p><a href=\"https:\/\/drive.google.com\/file\/d\/1axvXaXBgtiduobwQnFvHJ2R1_f4NL5to\/view?usp=sharing\"><span style=\"font-size: 10pt;\">REGLAMENTO INTERNO DEL CONSEJO ACAD\u00c9MICO INSTITUCIONAL<\/span><\/a><\/p>\n\n\n<p><strong>N\u00f3mina de consejeros<\/strong><\/p>\n\n\n\n<figure class=\"wp-block-table\"><table><tbody><tr><td><strong>Estudiantes<\/strong><br><em>Titulares:<\/em><br>J\u00e9sica Bruno<br>Yanina Bruzzone<br><br><em>Suplentes:<\/em><br>Patricia Ruiz D\u00edaz<br>Tamara Casco Sosa<br><br><strong><em>No docentes:<\/em><\/strong><br><em>Titular:<\/em><br>Rodrigo Escalante<br><br><em>Suplente:<\/em><br>Leonardo Rivas<\/td><td><strong>Docentes:<\/strong><br><em>Titulares:<\/em><br>Ignacio Pereyra<br>Soledad Vitali<br>Constanza Fuertes<br><br><em>Suplentes:<\/em><br>Virginia Perrone                                          <br>Paula Duhalde<br>Federico Ayciriet<br><br><br><br><br><br><br><\/td><\/tr><\/tbody><\/table><\/figure>\n","protected":false},"excerpt":{"rendered":"<p>El Consejo Acad\u00e9mico Institucional es un \u00f3rgano colegiado de asesoramiento, propuesta, debate y decisi\u00f3n, para una gesti\u00f3n participativa, en el marco de la autonom\u00eda institucional en la unidad del sistema del nivel superior. REGLAMENTO INTERNO DEL CONSEJO ACAD\u00c9MICO INSTITUCIONAL N\u00f3mina de consejeros EstudiantesTitulares:J\u00e9sica BrunoYanina Bruzzone Suplentes:Patricia Ruiz D\u00edazTamara Casco Sosa No docentes:Titular:Rodrigo Escalante Suplente:Leonardo Rivas &#8230; <a title=\"C.A.I.\" class=\"read-more\" href=\"https:\/\/isfdalmafuerte-bue.infd.edu.ar\/sitio\/c-a-i\/\" aria-label=\"More on C.A.I.\">[+]<\/a><\/p>\n","protected":false},"author":1269,"featured_media":0,"parent":0,"menu_order":0,"comment_status":"closed","ping_status":"closed","template":"","meta":[],"acf":[],"_links":{"self":[{"href":"https:\/\/isfdalmafuerte-bue.infd.edu.ar\/sitio\/wp-json\/wp\/v2\/pages\/1249"}],"collection":[{"href":"https:\/\/isfdalmafuerte-bue.infd.edu.ar\/sitio\/wp-json\/wp\/v2\/pages"}],"about":[{"href":"https:\/\/isfdalmafuerte-bue.infd.edu.ar\/sitio\/wp-json\/wp\/v2\/types\/page"}],"author":[{"embeddable":true,"href":"https:\/\/isfdalmafuerte-bue.infd.edu.ar\/sitio\/wp-json\/wp\/v2\/users\/1269"}],"replies":[{"embeddable":true,"href":"https:\/\/isfdalmafuerte-bue.infd.edu.ar\/sitio\/wp-json\/wp\/v2\/comments?post=1249"}],"version-history":[{"count":12,"href":"https:\/\/isfdalmafuerte-bue.infd.edu.ar\/sitio\/wp-json\/wp\/v2\/pages\/1249\/revisions"}],"predecessor-version":[{"id":2903,"href":"https:\/\/isfdalmafuerte-bue.infd.edu.ar\/sitio\/wp-json\/wp\/v2\/pages\/1249\/revisions\/2903"}],"wp:attachment":[{"href":"https:\/\/isfdalmafuerte-bue.infd.edu.ar\/sitio\/wp-json\/wp\/v2\/media?parent=1249"}],"curies":[{"name":"wp","href":"https:\/\/api.w.org\/{rel}","templated":true}]}}