{"id":1227,"date":"2018-08-29T19:19:39","date_gmt":"2018-08-29T22:19:39","guid":{"rendered":"https:\/\/isfdalmafuerte-bue.infd.edu.ar\/sitio\/informacion-general\/"},"modified":"2021-10-11T14:54:53","modified_gmt":"2021-10-11T17:54:53","slug":"informacion-general","status":"publish","type":"page","link":"https:\/\/isfdalmafuerte-bue.infd.edu.ar\/sitio\/informacion-general\/","title":{"rendered":"Informaci\u00f3n general"},"content":{"rendered":"<p style=\"text-align: center;\"><img decoding=\"async\" src=\"https:\/\/isfdalmafuerte-bue.infd.edu.ar\/sitio\/wp-content\/uploads\/2018\/08\/info.jpg\" border=\"0\" \/><\/p>\n<h3><strong>\u00a0<span style=\"font-family: verdana,geneva; font-size: 10pt;\">Carrera <\/span><\/strong><\/h3>\n<h3><span style=\"font-size: 10pt;\">\u00a0 \u00a0 \u00a0&#8211; Profesorado de Educaci\u00f3n Primaria\u00a0\u00a0\u00a0\u00a0\u00a0<\/span><span style=\"font-size: 10pt;\">\u00a0\u00a0<\/span><\/h3>\n<h6><strong><span style=\"font-size: 10pt; font-family: verdana,geneva;\"><br \/>\nModalidad:<\/span><\/strong> <strong style=\"font-weight: 400;\">presencial <\/strong><\/h6>\n<h6><span style=\"font-family: Verdana; font-size: 10pt;\"><strong>Destinatarios:<\/strong> Egresados de nivel Secundario <\/span><\/h6>\n<h6><span style=\"font-family: Verdana; font-size: 10pt;\"><strong>Resoluci\u00f3n<\/strong> N\u00ba 4154\/07 <\/span><\/h6>\n<h6><\/h6>\n<h6 class=\"Estilo6\"><span style=\"font-family: Verdana;\"><strong>Incumbencias del t\u00edtulo:<\/strong> <\/span><\/h6>\n<h6 class=\"Estilo6\"><span style=\"font-family: Verdana; font-size: 10pt;\">\u00a0\u00a0\u00a0\u00a0 Profesor\/a de Educaci\u00f3n Primaria<br \/>\n<\/span><\/h6>\n<h6 class=\"Estilo6\"><span style=\"font-family: Verdana; font-size: 10pt;\"><strong>Validez:<\/strong> T\u00edtulo Oficial de validez Provincial y Nacional <\/span><\/h6>\n<h6 class=\"Estilo6\"><span style=\"font-family: Verdana; font-size: 10pt;\"><strong>Duraci\u00f3n:<\/strong> Cuatro a\u00f1os<\/span><\/h6>\n<h6><span style=\"font-family: Verdana; font-size: 10pt;\"><strong>Horario:<\/strong> Turno ma\u00f1ana extendido (entre las 8.00 y las 15.30 hs)<\/span><\/h6>\n<h6 class=\"Estilo6\"><span style=\"font-family: Verdana; font-size: 10pt;\"><strong>Inscripci\u00f3n<\/strong>: Personal en Necochea 3672 a partir de la segunda semana de noviembre en el horario de 9:00 a\u00a0 12:00. Cada a\u00f1o, el per\u00edodo de inscripci\u00f3n se comunica a trav\u00e9s del sitio web oficial y las redes sociales del instituto (Blog, Instagram, Twitter y Facebook)\u00a0<\/span><\/h6>\n<h6><\/h6>\n<h6><span style=\"font-family: Verdana; font-size: 10pt;\"><a title=\"Formulario inscripcion curso inicio\" href=\"upload\/A1.doc\" target=\"_blank\" rel=\"noopener\"><strong>Planilla de inscripci\u00f3n<\/strong><\/a><\/span><\/h6>\n<h6 class=\"Estilo6\"><span style=\"font-family: Verdana;\"><strong>Requisitos<\/strong>: <\/span><\/h6>\n<ul>\n<li class=\"Estilo6\"><span style=\"font-family: Verdana; font-size: 10pt;\">Certificado de Estudios medio o polimodal. (original y fotocopia) Registrado en el Consejo Escolar. <\/span><\/li>\n<li class=\"Estilo6\"><span style=\"font-family: Verdana; font-size: 10pt;\">Documento Nacional de Identidad. (original y fotocopia)<\/span><\/li>\n<li>Certificado de Aptitud Psicof\u00edsica.<\/li>\n<li>Dos (2) Fotos tipo carnet.<\/li>\n<li class=\"Estilo6\"><span style=\"font-family: Verdana; font-size: 10pt;\"><strong>Curso de ingreso:<\/strong>\u00a0El curso el obligatorio. Averiguar inicio a partir de \u00a0la 1\u00ba semana de marzo.<\/span><\/li>\n<\/ul>\n<p class=\"Estilo6\"><span style=\"font-family: Verdana; font-size: 10pt;\"><img decoding=\"async\" style=\"display: block; margin-left: auto; margin-right: auto;\" title=\"Alumnos trabajando\" src=\"https:\/\/isfdalmafuerte-bue.infd.edu.ar\/sitio\/wp-content\/uploads\/2018\/08\/DSC00428_320x200.jpg\" alt=\"Alumnos trabajando\" border=\"0\" \/><br \/>\n<\/span><\/p>\n","protected":false},"excerpt":{"rendered":"<p>\u00a0Carrera \u00a0 \u00a0 \u00a0&#8211; Profesorado de Educaci\u00f3n Primaria\u00a0\u00a0\u00a0\u00a0\u00a0\u00a0\u00a0 Modalidad: presencial Destinatarios: Egresados de nivel Secundario Resoluci\u00f3n N\u00ba 4154\/07 Incumbencias del t\u00edtulo: \u00a0\u00a0\u00a0\u00a0 Profesor\/a de Educaci\u00f3n Primaria Validez: T\u00edtulo Oficial de validez Provincial y Nacional Duraci\u00f3n: Cuatro a\u00f1os Horario: Turno ma\u00f1ana extendido (entre las 8.00 y las 15.30 hs) Inscripci\u00f3n: Personal en Necochea 3672 a partir &#8230; <a title=\"Informaci\u00f3n general\" class=\"read-more\" href=\"https:\/\/isfdalmafuerte-bue.infd.edu.ar\/sitio\/informacion-general\/\" aria-label=\"More on Informaci\u00f3n general\">[+]<\/a><\/p>\n","protected":false},"author":140,"featured_media":0,"parent":0,"menu_order":0,"comment_status":"closed","ping_status":"closed","template":"","meta":[],"acf":[],"_links":{"self":[{"href":"https:\/\/isfdalmafuerte-bue.infd.edu.ar\/sitio\/wp-json\/wp\/v2\/pages\/1227"}],"collection":[{"href":"https:\/\/isfdalmafuerte-bue.infd.edu.ar\/sitio\/wp-json\/wp\/v2\/pages"}],"about":[{"href":"https:\/\/isfdalmafuerte-bue.infd.edu.ar\/sitio\/wp-json\/wp\/v2\/types\/page"}],"author":[{"embeddable":true,"href":"https:\/\/isfdalmafuerte-bue.infd.edu.ar\/sitio\/wp-json\/wp\/v2\/users\/140"}],"replies":[{"embeddable":true,"href":"https:\/\/isfdalmafuerte-bue.infd.edu.ar\/sitio\/wp-json\/wp\/v2\/comments?post=1227"}],"version-history":[{"count":2,"href":"https:\/\/isfdalmafuerte-bue.infd.edu.ar\/sitio\/wp-json\/wp\/v2\/pages\/1227\/revisions"}],"predecessor-version":[{"id":2235,"href":"https:\/\/isfdalmafuerte-bue.infd.edu.ar\/sitio\/wp-json\/wp\/v2\/pages\/1227\/revisions\/2235"}],"wp:attachment":[{"href":"https:\/\/isfdalmafuerte-bue.infd.edu.ar\/sitio\/wp-json\/wp\/v2\/media?parent=1227"}],"curies":[{"name":"wp","href":"https:\/\/api.w.org\/{rel}","templated":true}]}}