{"id":1222,"date":"2018-08-29T19:19:37","date_gmt":"2018-08-29T22:19:37","guid":{"rendered":"https:\/\/isfdalmafuerte-bue.infd.edu.ar\/sitio\/publicaciones-2\/"},"modified":"2024-04-16T15:54:36","modified_gmt":"2024-04-16T18:54:36","slug":"publicaciones-2","status":"publish","type":"page","link":"https:\/\/isfdalmafuerte-bue.infd.edu.ar\/sitio\/publicaciones-2\/","title":{"rendered":"Publicaciones"},"content":{"rendered":"<p style=\"text-align: center;\"><img decoding=\"async\" src=\"https:\/\/isfdalmafuerte-bue.infd.edu.ar\/sitio\/wp-content\/uploads\/2018\/08\/publicaciones.jpg\" border=\"0\" \/><\/p>\n<p><span style=\"font-size: 10pt;\"><strong>Publicaci\u00f3n: Ayciriet, F., Chaet, D&#8217;Antonio, S, G, Fernandez, G. y Pedrini, N.<\/strong>\u00a0(2015)<em>\u00a0L@s chic@s en primera plana. Discursos vigentes sobre la ni\u00f1ez en escuelas primarias municipales del Partido de Gral. Pueyrredon y medios gr\u00e1ficos marplatenses<\/em>. [Versi\u00f3n para lector digital]. Disponible en<a href=\"upload\/Publicacion-_Informe_de_Investigacion_-_Ls_chics_en_primera_plana_1.pdf\">\u00a0http:\/\/isfdalmafuerte.bue.infd.edu.ar\/sitio\/upload\/Publicacion-_Informe_de_Investigacion_-_Ls_chics_en_primera_plana_1.pdf<\/a>\u00a0Mar del Plata, Argentina: ISFD Almafuerte. ISBN 978-987-46082-0-8<\/span><\/p>\n<p><span style=\"font-size: 10pt;\"><strong>Publicaci\u00f3n: Migliorata, P. y P\u00e9rez, F.<\/strong>\u00a0(2015)\u00a0<em>El nivel inicial en juego, Proyectos que abren puertas.<\/em>[Versi\u00f3n para lector digital]. Disponible en\u00a0<a href=\"upload\/Publicacion_-_Nivel_Inicial_en_juego_II_1.pdf\">http:\/\/isfdalmafuerte.bue.infd.edu.ar\/sitio\/upload\/Publicacion_-_Nivel_Inicial_en_juego_II_1.pdf<\/a>\u00a0Mar del Plata, Argentina: ISFD Almafuerte. ISBN 978-987-23743-9-6<\/span><\/p>\n<p><span style=\"font-size: 10pt;\"><strong>Publicaci\u00f3n: Cazaux, P., Galluzzi, M. C. y Quercia, M. C.<\/strong>\u00a0(2015)\u00a0<em>Acuerdos y contradicciones en las estrategias de evaluaci\u00f3n en la Educaci\u00f3n Primaria. La evaluaci\u00f3n aut\u00e9ntica como propuesta superadora.<\/em>\u00a0[Versi\u00f3n para lector digital]. Disponible en\u00a0<a title=\"Investigaci\u00f3n\" href=\"upload\/INVESTIGACION_ISFODOM.doc\" target=\"_blank\" rel=\"noopener\">http:\/\/isfdalmafuerte.bue.infd.edu.ar\/sitio\/upload\/INVESTIGACION_ISFODOM.doc<\/a>\u00a0Mar del Plata, Argentina: ISFD Almafuerte. ISBN978-987-23743-8-9<\/span><\/p>\n<p><span style=\"font-size: 10pt;\"><strong>Publicaci\u00f3n: Correa, I., P\u00e9rez, F. y P\u00e9rez, L.<\/strong>\u00a0(2015)\u00a0<em>Las pr\u00e1cticas del lenguaje en \u00e1mbitos de estudio. Elementos favorecedores y obstaculizadores en la formaci\u00f3n de estudiantes en el \u00e1rea de Ciencias Sociales.<\/em>\u00a0[Versi\u00f3n para lector digital]. Disponible en\u00a0<a href=\"upload\/Publicacion_-_Practicas_del_lenguaje_en_el_ambito_de_estudio_-_Informe_para_publicar_1.pdf\">http:\/\/isfdalmafuerte.bue.infd.edu.ar\/sitio\/upload\/Publicacion_-_Practicas_del_lenguaje_en_el_ambito_de_estudio_-_Informe_para_publicar_1.pdf<\/a>Mar del Plata, Argentina: ISFD Almafuerte. ISBN 978-987-23743-7-2<\/span><\/p>\n<p><span style=\"font-size: 10pt;\"><strong>Publicaci\u00f3n:<\/strong> Lombardi, Claudia; Rustoyburu, Cecilia. <a title=\"Repensando CSD\" href=\"upload\/repensando_CSD.pdf\" target=\"_blank\" rel=\"noopener\"><strong>\u00ab<em>Repensando el concepto de desfavorabilidad social en el escenario de las pol\u00edticas educativas actuales<\/em><\/strong><strong> \u00ab.<\/strong><\/a> Instituto Superior de Formaci\u00f3n Docente Municipal \u00abAlmafuerte\u00bb. Mar del Plata. 2011. <strong> ISBN-978-987-23743-3-3.<\/strong><\/span><\/p>\n<p><span style=\"font-size: 10pt;\"><strong>Publicaci\u00f3n:<\/strong> Lombardi, Claudia; Rustoyburu, Cecilia y\u00a0Torrecilla, Mar\u00eda Luz. <strong>\u00ab<em>Diagn\u00f3stico de la constituci\u00f3n y comportamientos familiares de los\u00a0 alumnos de las Instituciones de EPB dependientes de la Secretar\u00eda de Educaci\u00f3n del Municipio de Gral. Pueyrred\u00f3n <\/em>\u00ab.<\/strong> Instituto Superior de Formaci\u00f3n Docente Municipal \u00abAlmafuerte\u00bb. Mar del Plata. 2008. <strong> ISBN-978-987-23743-2-7. <\/strong><\/span><\/p>\n<p><span style=\"font-size: 10pt;\"><strong>Publicaci\u00f3n: <\/strong> Lespada Juan Carlos (Comp.) \u00bb <em>Ense\u00f1ar y aprender en Comunidades Socialmente desfavorecidas\u00bb <\/em>. Propuestas transformadoras para la acci\u00f3n docente. Editorial ISFD. Almafuerte. Mar del Plata. 2007. <strong>ISBN-13 978-987-23743-1-0 <\/strong><\/span><\/p>\n<p><span style=\"font-size: 10pt;\"><strong>Publicaci\u00f3n <\/strong><strong>: <\/strong> Lespada Juan Carlos. Torrecilla, Mar\u00eda Luz; (coord.) <em>\u00bb <strong>Acerca del concepto \u00abcomunidades socialmente desfavorecidas\u00bb. <\/strong><\/em>Editorial del Instituto Superior de Formaci\u00f3n Docente Municipal \u00abAlmafuerte\u00bb. Mar del Plata. 2005. <strong>ISBN-10 987-23743-0-9.<\/strong><\/span><\/p>\n","protected":false},"excerpt":{"rendered":"<p>Publicaci\u00f3n: Ayciriet, F., Chaet, D&#8217;Antonio, S, G, Fernandez, G. y Pedrini, N.\u00a0(2015)\u00a0L@s chic@s en primera plana. Discursos vigentes sobre la ni\u00f1ez en escuelas primarias municipales del Partido de Gral. Pueyrredon y medios gr\u00e1ficos marplatenses. [Versi\u00f3n para lector digital]. Disponible en\u00a0http:\/\/isfdalmafuerte.bue.infd.edu.ar\/sitio\/upload\/Publicacion-_Informe_de_Investigacion_-_Ls_chics_en_primera_plana_1.pdf\u00a0Mar del Plata, Argentina: ISFD Almafuerte. ISBN 978-987-46082-0-8 Publicaci\u00f3n: Migliorata, P. y P\u00e9rez, F.\u00a0(2015)\u00a0El nivel inicial &#8230; <a title=\"Publicaciones\" class=\"read-more\" href=\"https:\/\/isfdalmafuerte-bue.infd.edu.ar\/sitio\/publicaciones-2\/\" aria-label=\"More on Publicaciones\">[+]<\/a><\/p>\n","protected":false},"author":140,"featured_media":0,"parent":0,"menu_order":0,"comment_status":"closed","ping_status":"closed","template":"","meta":[],"acf":[],"_links":{"self":[{"href":"https:\/\/isfdalmafuerte-bue.infd.edu.ar\/sitio\/wp-json\/wp\/v2\/pages\/1222"}],"collection":[{"href":"https:\/\/isfdalmafuerte-bue.infd.edu.ar\/sitio\/wp-json\/wp\/v2\/pages"}],"about":[{"href":"https:\/\/isfdalmafuerte-bue.infd.edu.ar\/sitio\/wp-json\/wp\/v2\/types\/page"}],"author":[{"embeddable":true,"href":"https:\/\/isfdalmafuerte-bue.infd.edu.ar\/sitio\/wp-json\/wp\/v2\/users\/140"}],"replies":[{"embeddable":true,"href":"https:\/\/isfdalmafuerte-bue.infd.edu.ar\/sitio\/wp-json\/wp\/v2\/comments?post=1222"}],"version-history":[{"count":1,"href":"https:\/\/isfdalmafuerte-bue.infd.edu.ar\/sitio\/wp-json\/wp\/v2\/pages\/1222\/revisions"}],"predecessor-version":[{"id":2946,"href":"https:\/\/isfdalmafuerte-bue.infd.edu.ar\/sitio\/wp-json\/wp\/v2\/pages\/1222\/revisions\/2946"}],"wp:attachment":[{"href":"https:\/\/isfdalmafuerte-bue.infd.edu.ar\/sitio\/wp-json\/wp\/v2\/media?parent=1222"}],"curies":[{"name":"wp","href":"https:\/\/api.w.org\/{rel}","templated":true}]}}