{"id":1210,"date":"2018-08-29T19:19:32","date_gmt":"2018-08-29T22:19:32","guid":{"rendered":"https:\/\/isfdalmafuerte-bue.infd.edu.ar\/sitio\/historia-2\/"},"modified":"2021-10-28T10:13:52","modified_gmt":"2021-10-28T13:13:52","slug":"historia-2","status":"publish","type":"page","link":"https:\/\/isfdalmafuerte-bue.infd.edu.ar\/sitio\/historia-2\/","title":{"rendered":"Historia"},"content":{"rendered":"\n<p class=\"has-text-align-left\"><strong style=\"font-family: Verdana; font-size: 10pt;\">El Instituto Superior de Formaci\u00f3n Docente Almafuerte<\/strong><span style=\"font-family: Verdana; font-size: 10pt;\">\u00a0pertenece al Nivel Superior de la Secretar\u00eda de Educaci\u00f3n de la Municipalidad de General Pueyrredon.<\/span><\/p>\n\n\n\n<figure class=\"wp-block-embed is-type-video is-provider-youtube wp-block-embed-youtube wp-embed-aspect-16-9 wp-has-aspect-ratio\"><div class=\"wp-block-embed__wrapper\">\n<iframe loading=\"lazy\" title=\"Documental &quot;Almafuerte 25 a\u00f1os de historia&quot;\" width=\"1200\" height=\"675\" src=\"https:\/\/www.youtube.com\/embed\/K2fsQRd_GSw?feature=oembed\" frameborder=\"0\" allow=\"accelerometer; autoplay; clipboard-write; encrypted-media; gyroscope; picture-in-picture\" allowfullscreen><\/iframe>\n<\/div><\/figure>\n\n\n\n<figure class=\"wp-block-table\"><table><tbody><tr><td><img decoding=\"async\" loading=\"lazy\" class=\"alignnone size-medium wp-image-1288\" src=\"https:\/\/isfdalmafuerte-bue.infd.edu.ar\/sitio\/wp-content\/uploads\/2018\/08\/asamblea_almafuerte-1000x502.jpg\" alt=\"\" width=\"1000\" height=\"502\" srcset=\"https:\/\/isfdalmafuerte-bue.infd.edu.ar\/sitio\/wp-content\/uploads\/2018\/08\/asamblea_almafuerte-1000x502.jpg 1000w, https:\/\/isfdalmafuerte-bue.infd.edu.ar\/sitio\/wp-content\/uploads\/2018\/08\/asamblea_almafuerte-768x386.jpg 768w, https:\/\/isfdalmafuerte-bue.infd.edu.ar\/sitio\/wp-content\/uploads\/2018\/08\/asamblea_almafuerte.jpg 1261w\" sizes=\"(max-width: 1000px) 100vw, 1000px\" \/><\/td><td>\n<p style=\"margin-top: 1px; margin-bottom: 1px;\"><span style=\"font-family: Verdana; font-size: 10pt;\">Hace m\u00e1s de cuarenta a\u00f1os, autoridades municipales bajo el gobierno del Intendente Lombardo dan origen al Sistema Educativo Municipal. <\/span><\/p>\n<p style=\"margin-top: 1px; margin-bottom: 1px;\"><span style=\"font-family: Verdana; font-size: 10pt;\">El <strong>IMES<\/strong> Instituto Municipal de Estudios Superiores surge como una de las primeras Instituciones de Formaci\u00f3n Municipal de nivel superior, luego el <strong>Centro de Capacitaci\u00f3n y Perfeccionamiento Municipal. <\/strong><\/span><\/p>\n<p style=\"margin-top: 1px; margin-bottom: 1px;\"><span style=\"font-family: Verdana; font-size: 10pt;\">Los establecimientos crecieron al paso del tiempo y del inter\u00e9s de las autoridades comunales de todos los signos pol\u00edticos y con ellos el n\u00famero de docentes. <\/span><\/p>\n<\/td><\/tr><\/tbody><\/table><\/figure>\n\n\n\n<figure class=\"wp-block-table\"><table><tbody><tr><td><span style=\"font-family: Verdana; font-size: 10pt;\">Identificados con la creciente necesidad de colaborar efectivamente con el desarrollo y progreso del Sistema Educativo Municipal en especial y del partido de General Pueyrredon, en general, en 1992, la Secretar\u00eda de Educaci\u00f3n decide crear el <strong>I.S.P.A.C (Instituto Superior de Perfeccionamiento, Actualizaci\u00f3n y Capacitaci\u00f3n Docente)<\/strong> para mejorar la calidad educativa apuntando a la formaci\u00f3n docente.<br><\/span> <p class=\"Estilo1\"><span style=\"font-family: Verdana; font-size: 10pt;\">Para realizar esta tarea, son convocados dos Directores en ejercicio en el sistema, la Profesora Susana Capparelli y el Licenciado Juan Carlos Lespada. <\/span><span style=\"font-family: Verdana; font-size: 10pt; font-weight: inherit;\">En el a\u00f1o 1994, se conforma el Equipo Directivo de la Institutci\u00f3n, a partir de los resultados del Concurso de Antecedentes y oposici\u00f3n: Director: Lic. Juan Carlos Lespada<\/span><span style=\"background-color: rgba(58, 58, 58, 0.2); font-family: Verdana; font-size: 10pt; font-weight: inherit;\">, Regentes: Susana Pruneda, Susana Capparelli y Alicia Rocamora.<\/span><\/p><p class=\"Estilo1\"><\/td><td><p><img decoding=\"async\" loading=\"lazy\" width=\"600\" height=\"306\" class=\"alignnone size-full wp-image-1110\" src=\"https:\/\/isfdalmafuerte-bue.infd.edu.ar\/sitio\/wp-content\/uploads\/2018\/08\/home.jpg\" alt=\"\" style=\"font-family: inherit; font-size: inherit; font-weight: inherit; width: 1000px;\"><\/p><img decoding=\"async\" loading=\"lazy\" width=\"600\" height=\"327\" class=\"alignnone size-full wp-image-1079\" src=\"https:\/\/isfdalmafuerte-bue.infd.edu.ar\/sitio\/wp-content\/uploads\/2018\/08\/colacion.jpg\" alt=\"\" style=\"font-family: inherit; font-size: inherit; font-weight: inherit;\"> <\/td><\/tr><\/tbody><\/table><\/figure>\n\n\n\n<p><span style=\"font-family: Verdana; font-size: 10pt;\">En base a la organizaci\u00f3n de cursos cuatrimestrales y anuales;&nbsp; presenciales y a distancia desarroll\u00f3 una intensa actividad:&nbsp; que poco a poco le van dando prestigio, valor y trascendencia,&nbsp; facilitando la formaci\u00f3n de t\u00e9cnicos, docentes municipales y de otras jurisdicciones de la ciudad y de la zona. <\/span><\/p>\n\n\n\n<p class=\"Estilo1\"><span style=\"font-family: Verdana; font-size: 10pt;\">El 26 de diciembre de 2001 se reconoce oficialmente al Instituto como <strong>Instituto Superior de Formaci\u00f3n Docente Almafuerte&nbsp; 6006<\/strong>;&nbsp; y en 2004 pasa a ser de supervisi\u00f3n de la Direcci\u00f3n de Educaci\u00f3n de Gesti\u00f3n Privada, como todos los servicios municipales y tomando el nombre que actualmente lleva <strong>Instituto Superior de Formaci\u00f3n Docente &nbsp;Almafuerte &nbsp;N\u00b0 6393.<\/strong><\/span><\/p>\n\n\n\n<p class=\"Estilo1\"><span style=\"font-family: Verdana; font-size: 10pt;\">Se inicia entonces una nueva etapa de la Instituci\u00f3n,&nbsp; donde se desarrollan carreras de Formaci\u00f3n como el Post\u00edtulo de formaci\u00f3n docente para EGB 3 y Polimodal, el Post\u00edtulo de formaci\u00f3n docente para superior entre el 2002 y el 2004 y las carreras Profesorado para EGB 1 y 2 y <a title=\"Profesorado de Educaci\u00f3n Primaria\" href=\"index.cgi?wid_seccion=2\">Profesorado de Educaci\u00f3n Primaria <em>con orientaci\u00f3n para la atenci\u00f3n de Comunidades Socialmente Desfavorecidas.<\/em><\/a><\/span><\/p>\n\n\n\n<p class=\"Estilo1\"><span style=\"font-family: Verdana; font-size: 10pt;\">Adem\u00e1s del espacio de formaci\u00f3n el Instituto continu\u00f3 desarrollando actividades de extensi\u00f3n a trav\u00e9s de capacitaciones en los diferentes niveles y charlas donde se trabajaron diferentes temas de inter\u00e9s de \u00e9sta y otras Secretar\u00edas municipales,&nbsp; adem\u00e1s, se cre\u00f3 el <a title=\"Investigaci\u00f3n\" href=\"index.cgi?wid_seccion=6\">departamento de investigaci\u00f3n<\/a> a trav\u00e9s del cual se realizaron diferentes trabajos y publicicaciones.<br><\/span><\/p>\n","protected":false},"excerpt":{"rendered":"<p>El Instituto Superior de Formaci\u00f3n Docente Almafuerte\u00a0pertenece al Nivel Superior de la Secretar\u00eda de Educaci\u00f3n de la Municipalidad de General Pueyrredon. Hace m\u00e1s de cuarenta a\u00f1os, autoridades municipales bajo el gobierno del Intendente Lombardo dan origen al Sistema Educativo Municipal. El IMES Instituto Municipal de Estudios Superiores surge como una de las primeras Instituciones de &#8230; <a title=\"Historia\" class=\"read-more\" href=\"https:\/\/isfdalmafuerte-bue.infd.edu.ar\/sitio\/historia-2\/\" aria-label=\"More on Historia\">[+]<\/a><\/p>\n","protected":false},"author":1269,"featured_media":0,"parent":0,"menu_order":0,"comment_status":"closed","ping_status":"closed","template":"","meta":[],"acf":[],"_links":{"self":[{"href":"https:\/\/isfdalmafuerte-bue.infd.edu.ar\/sitio\/wp-json\/wp\/v2\/pages\/1210"}],"collection":[{"href":"https:\/\/isfdalmafuerte-bue.infd.edu.ar\/sitio\/wp-json\/wp\/v2\/pages"}],"about":[{"href":"https:\/\/isfdalmafuerte-bue.infd.edu.ar\/sitio\/wp-json\/wp\/v2\/types\/page"}],"author":[{"embeddable":true,"href":"https:\/\/isfdalmafuerte-bue.infd.edu.ar\/sitio\/wp-json\/wp\/v2\/users\/1269"}],"replies":[{"embeddable":true,"href":"https:\/\/isfdalmafuerte-bue.infd.edu.ar\/sitio\/wp-json\/wp\/v2\/comments?post=1210"}],"version-history":[{"count":3,"href":"https:\/\/isfdalmafuerte-bue.infd.edu.ar\/sitio\/wp-json\/wp\/v2\/pages\/1210\/revisions"}],"predecessor-version":[{"id":2339,"href":"https:\/\/isfdalmafuerte-bue.infd.edu.ar\/sitio\/wp-json\/wp\/v2\/pages\/1210\/revisions\/2339"}],"wp:attachment":[{"href":"https:\/\/isfdalmafuerte-bue.infd.edu.ar\/sitio\/wp-json\/wp\/v2\/media?parent=1210"}],"curies":[{"name":"wp","href":"https:\/\/api.w.org\/{rel}","templated":true}]}}