{"id":1208,"date":"2018-08-29T19:19:32","date_gmt":"2018-08-29T22:19:32","guid":{"rendered":"https:\/\/isfdalmafuerte-bue.infd.edu.ar\/sitio\/autoridades\/"},"modified":"2025-06-25T08:54:44","modified_gmt":"2025-06-25T11:54:44","slug":"autoridades","status":"publish","type":"page","link":"https:\/\/isfdalmafuerte-bue.infd.edu.ar\/sitio\/autoridades\/","title":{"rendered":"Autoridades"},"content":{"rendered":"<table style=\"width: 100%; height: 544px;\" border=\"0\">\n<tbody>\n<tr>\n<td style=\"text-align: center;\">\n<h1><span style=\"font-size: 10pt;\">\u00a0<\/span><img decoding=\"async\" src=\"https:\/\/isfdalmafuerte-bue.infd.edu.ar\/sitio\/wp-content\/uploads\/2018\/08\/punto.jpg\" border=\"0\" \/>\u00a0 <span style=\"font-size: 12pt;\">Secretar\u00eda de Educaci\u00f3n<\/span><\/h1>\n<p style=\"text-align: center; text-indent: 10.0pt;\"><span style=\"font-family: Verdana,sans-serif;\"> <span style=\"font-size: 10pt;\"><strong>Intendente Municipal:<\/strong><br \/>\n<\/span><\/span><span style=\"font-family: Verdana,sans-serif;\"><span style=\"font-size: 10pt;\">Dr Guillermo Montenegro<\/span><\/span><\/p>\n<p style=\"text-align: center; text-indent: 10.0pt;\"><span style=\"font-family: Verdana,sans-serif;\"> <span style=\"font-size: 10pt;\"><strong>Secretario de Educaci\u00f3n:<\/strong><br \/>\n<\/span><\/span><span style=\"font-size: 10pt; font-family: Verdana, sans-serif; text-indent: 10pt;\">\u00a0<\/span><span style=\"font-size: 10pt; font-family: Verdana, sans-serif; text-indent: 10pt;\">\u00a0 Lic Fernando Rizzi<\/span><span class=\"tdenca1\" style=\"font-size: 10pt; font-family: Verdana, sans-serif; text-indent: 10pt;\"><br \/>\n<\/span><\/p>\n<p style=\"text-align: center; text-indent: 10.0pt;\"><span style=\"font-family: Verdana,sans-serif;\"> <span style=\"font-size: 10pt;\"><strong>Director de Educaci\u00f3n:<\/strong><br \/>\nProf. Pablo Landi<span class=\"tdenca1\"><br \/>\n<\/span><\/span><\/span><\/p>\n<p class=\"MsoNormal\" style=\"text-align: center;\"><span style=\"font-family: Verdana,sans-serif;\"><span style=\"font-size: 10pt;\">\u00a0<\/span><\/span><\/p>\n<h2><span style=\"font-size: 12pt;\">\u00a0<img decoding=\"async\" src=\"https:\/\/isfdalmafuerte-bue.infd.edu.ar\/sitio\/wp-content\/uploads\/2018\/08\/punto.jpg\" border=\"0\" \/>\u00a0Institucional<\/span><\/h2>\n<h2><span style=\"font-size: 12pt;\"><span style=\"font-family: 'arial black', 'avant garde';\">\u00a0 \u00a0 \u00a0 \u00a0Directora \u00a0 \u00a0 \u00a0 \u00a0 \u00a0\u00a0<\/span><\/span><\/h2>\n<pre style=\"text-align: center;\"><span style=\"font-family: Verdana, sans-serif;\"><span style=\"font-size: 13.3333px;\">Prof. Luz Castro<\/span><\/span><\/pre>\n<h2><span style=\"font-family: 'arial black', 'avant garde'; font-size: 12pt;\"><strong>Regente\u00a0<\/strong><\/span><\/h2>\n<pre>Prof. Anal\u00eda Messina<\/pre>\n<h2><span style=\"font-size: 12pt;\"><strong><span style=\"font-family: 'arial black', 'avant garde';\">Secretario<\/span><\/strong><\/span><\/h2>\n<pre style=\"text-align: center;\">\u00a0<span style=\"font-family: verdana, geneva; font-size: 10pt;\">Prof. Pablo Cazaux<\/span><\/pre>\n<\/td>\n<td><\/td>\n<\/tr>\n<\/tbody>\n<\/table>\n","protected":false},"excerpt":{"rendered":"<p>\u00a0\u00a0 Secretar\u00eda de Educaci\u00f3n Intendente Municipal: Dr Guillermo Montenegro Secretario de Educaci\u00f3n: \u00a0\u00a0 Lic Fernando Rizzi Director de Educaci\u00f3n: Prof. Pablo Landi \u00a0 \u00a0\u00a0Institucional \u00a0 \u00a0 \u00a0 \u00a0Directora \u00a0 \u00a0 \u00a0 \u00a0 \u00a0\u00a0 Prof. Luz Castro Regente\u00a0 Prof. Anal\u00eda Messina Secretario \u00a0Prof. Pablo Cazaux<\/p>\n","protected":false},"author":140,"featured_media":0,"parent":0,"menu_order":0,"comment_status":"closed","ping_status":"closed","template":"","meta":[],"acf":[],"_links":{"self":[{"href":"https:\/\/isfdalmafuerte-bue.infd.edu.ar\/sitio\/wp-json\/wp\/v2\/pages\/1208"}],"collection":[{"href":"https:\/\/isfdalmafuerte-bue.infd.edu.ar\/sitio\/wp-json\/wp\/v2\/pages"}],"about":[{"href":"https:\/\/isfdalmafuerte-bue.infd.edu.ar\/sitio\/wp-json\/wp\/v2\/types\/page"}],"author":[{"embeddable":true,"href":"https:\/\/isfdalmafuerte-bue.infd.edu.ar\/sitio\/wp-json\/wp\/v2\/users\/140"}],"replies":[{"embeddable":true,"href":"https:\/\/isfdalmafuerte-bue.infd.edu.ar\/sitio\/wp-json\/wp\/v2\/comments?post=1208"}],"version-history":[{"count":6,"href":"https:\/\/isfdalmafuerte-bue.infd.edu.ar\/sitio\/wp-json\/wp\/v2\/pages\/1208\/revisions"}],"predecessor-version":[{"id":3032,"href":"https:\/\/isfdalmafuerte-bue.infd.edu.ar\/sitio\/wp-json\/wp\/v2\/pages\/1208\/revisions\/3032"}],"wp:attachment":[{"href":"https:\/\/isfdalmafuerte-bue.infd.edu.ar\/sitio\/wp-json\/wp\/v2\/media?parent=1208"}],"curies":[{"name":"wp","href":"https:\/\/api.w.org\/{rel}","templated":true}]}}