{"id":1204,"date":"2018-08-29T19:19:30","date_gmt":"2018-08-29T22:19:30","guid":{"rendered":"https:\/\/isfdalmafuerte-bue.infd.edu.ar\/sitio\/personal-2\/"},"modified":"2025-11-17T22:11:04","modified_gmt":"2025-11-18T01:11:04","slug":"personal-2","status":"publish","type":"page","link":"https:\/\/isfdalmafuerte-bue.infd.edu.ar\/sitio\/personal-2\/","title":{"rendered":"Personal"},"content":{"rendered":"<p><img decoding=\"async\" loading=\"lazy\" class=\"size-full wp-image-747 aligncenter\" src=\"https:\/\/isfdalmafuerte-bue.infd.edu.ar\/sitio\/wp-content\/uploads\/2018\/08\/foto_colacion.jpg\" alt=\"\" width=\"644\" height=\"275\" \/><\/p>\n<table style=\"width: 100%; height: 560px;\" border=\"0\">\n<tbody>\n<tr>\n<td>\n<h3 style=\"text-align: left;\"><span style=\"font-size: 12pt;\"><img decoding=\"async\" src=\"https:\/\/isfdalmafuerte-bue.infd.edu.ar\/sitio\/wp-content\/uploads\/2018\/08\/punto.jpg\" border=\"0\" \/>\u00a0Docentes<\/span><\/h3>\n<p><span style=\"font-size: 10pt;\">AYCIRIET, Federico Manuel<br \/>\nBARBERIS, Mafalda<br \/>\nBARGAS, Esteban<br \/>\n<\/span><span style=\"font-size: 10pt;\">BARRAL S\u00c1NCHEZ, Paula<br \/>\n<\/span><span style=\"font-size: 10pt;\">BERGAMASCHI, Hern\u00e1n<br \/>\nBRESSAN, David\u00a0<\/span><br \/>\n<span style=\"font-size: 10pt;\">CAZAUX, Pablo M. <\/span><br \/>\n<span style=\"font-size: 10pt;\">CEPEDA, Agustina<\/span><br \/>\n<span style=\"font-size: 10pt;\">COLOMBO, Mar\u00eda Laura<\/span><br \/>\n<span style=\"font-size: 10pt;\">D\u00b4AGOSTINO, Catherine <\/span><br \/>\n<span style=\"font-size: 10pt;\">D\u00b4ANGELO, Ana <\/span><br \/>\n<span style=\"font-size: 10pt;\">DARWICH, Mar\u00eda Paula <\/span><br \/>\n<span style=\"font-size: 10pt;\">DI LORETO, Valeria <\/span><br \/>\n<span style=\"font-size: 10pt;\">DI SCALA, Virginia<br \/>\nDISTEFANO, Mar\u00eda L\u00eda<br \/>\nDUHALDE, Paula<br \/>\n<\/span><span style=\"font-size: 10pt;\">FERNANDEZ, Luis M.<br \/>\nFERREYRA, Adri\u00e1n<\/span><br \/>\n<span style=\"font-size: 10pt;\">FUERTES, Constanza<br \/>\nGARCIA BERRO, Teresa\u00a0 (Fonoaudi\u00f3loga)<br \/>\nGARCIA, Paula<br \/>\n<\/span><span style=\"font-size: 10pt;\">GIORDANO, Mar\u00eda In\u00e9s <\/span><br \/>\n<span style=\"font-size: 10pt;\">GIORDANO, Mariana<\/span><br \/>\n<span style=\"font-size: 10pt;\">IZURIETA, Liliana<br \/>\nLONGO,, Claudia<\/span><br \/>\n<span style=\"font-size: 10pt;\">LUCIFORA, Yamila<\/span><br \/>\n<span style=\"font-size: 10pt;\">MEJ\u00cdA, Elena<br \/>\n<\/span><span style=\"font-size: 10pt;\">MONTIEL, Roc\u00edo<br \/>\nOJEDA, Pablo<br \/>\nOLIVERI, Ariel<br \/>\nPONS, Dami\u00e1n<\/span><br \/>\n<span style=\"font-size: 10pt;\">RUSTOYBURU, Cecilia<br \/>\nTRUCCO PEDRINI, Alfonsina<br \/>\nULZURRUN, Mar\u00eda Marta<br \/>\nVITALE, Guillermina<br \/>\nVITALI, Soledad<br \/>\nYNOUB, Yamil<br \/>\nZOLOTARCHUK, Lorena<\/span><\/td>\n<td>\n<table style=\"width: 283px; height: 536px;\" border=\"0\">\n<tbody>\n<tr>\n<td>\n<h3 style=\"text-align: left;\"><span style=\"font-size: 12pt;\"><img decoding=\"async\" src=\"https:\/\/isfdalmafuerte-bue.infd.edu.ar\/sitio\/wp-content\/uploads\/2018\/08\/punto.jpg\" border=\"0\" \/> Equipo Directivo<\/span><\/h3>\n<p><span style=\"font-size: 10pt;\"><strong>Directora<\/strong>: Castro, Luz<br \/>\n<\/span><span style=\"font-size: 10pt;\"><strong>Regente:<\/strong> Messina, Anal\u00eda<br \/>\n<strong>Secretario:<\/strong> CAZAUX, Pablo<\/span><\/p>\n<p><span style=\"font-size: 12pt;\">\u00a0<img decoding=\"async\" src=\"https:\/\/isfdalmafuerte-bue.infd.edu.ar\/sitio\/wp-content\/uploads\/2018\/08\/punto.jpg\" border=\"0\" \/> <\/span><span style=\"font-size: 10pt;\"><strong><span style=\"font-family: Verdana,sans-serif;\">Supervisor Administrativo <\/span><\/strong><\/span> <span style=\"font-family: Verdana,sans-serif;\"><span style=\"font-size: 10pt;\"><br \/>\nESCALANTE, Rodrigo<\/span><\/span><\/p>\n<p><span style=\"font-size: 12pt;\">\u00a0<img decoding=\"async\" src=\"https:\/\/isfdalmafuerte-bue.infd.edu.ar\/sitio\/wp-content\/uploads\/2018\/08\/punto.jpg\" border=\"0\" \/> <\/span><span style=\"font-size: 10pt;\"><strong><span style=\"font-family: Verdana,sans-serif;\">Preceptor<\/span><\/strong><\/span>\u00a0<span style=\"font-family: Verdana,sans-serif;\"><span style=\"font-size: 10pt;\"><br \/>\nPEREYRA, Ignacio<\/span><\/span><\/p>\n<p><span style=\"font-size: 12pt;\">\u00a0<img decoding=\"async\" src=\"https:\/\/isfdalmafuerte-bue.infd.edu.ar\/sitio\/wp-content\/uploads\/2018\/08\/punto.jpg\" border=\"0\" \/> <\/span><span style=\"font-size: 10pt;\"><strong><span style=\"font-family: Verdana,sans-serif;\">Auxiliares de Servicio<\/span><\/strong><\/span><span style=\"font-family: Verdana,sans-serif;\"><span style=\"font-size: 10pt;\"><br \/>\nRIVAS, Leonardo<br \/>\nRIVAS, Nara<\/span><\/span><\/td>\n<\/tr>\n<\/tbody>\n<\/table>\n<p class=\"MsoNormal\" style=\"margin: 0cm 30.45pt .0001pt 35.4pt;\"><span style=\"font-family: Verdana, sans-serif; color: black; font-size: 10pt;\">\u00a0<\/span><\/p>\n<\/td>\n<\/tr>\n<\/tbody>\n<tbody>\n<tr>\n<td align=\"center\"><\/td>\n<td align=\"center\"><\/td>\n<\/tr>\n<\/tbody>\n<\/table>\n","protected":false},"excerpt":{"rendered":"<p>\u00a0Docentes AYCIRIET, Federico Manuel BARBERIS, Mafalda BARGAS, Esteban BARRAL S\u00c1NCHEZ, Paula BERGAMASCHI, Hern\u00e1n BRESSAN, David\u00a0 CAZAUX, Pablo M. CEPEDA, Agustina COLOMBO, Mar\u00eda Laura D\u00b4AGOSTINO, Catherine D\u00b4ANGELO, Ana DARWICH, Mar\u00eda Paula DI LORETO, Valeria DI SCALA, Virginia DISTEFANO, Mar\u00eda L\u00eda DUHALDE, Paula FERNANDEZ, Luis M. FERREYRA, Adri\u00e1n FUERTES, Constanza GARCIA BERRO, Teresa\u00a0 (Fonoaudi\u00f3loga) GARCIA, Paula GIORDANO, &#8230; <a title=\"Personal\" class=\"read-more\" href=\"https:\/\/isfdalmafuerte-bue.infd.edu.ar\/sitio\/personal-2\/\" aria-label=\"More on Personal\">[+]<\/a><\/p>\n","protected":false},"author":1269,"featured_media":0,"parent":0,"menu_order":0,"comment_status":"closed","ping_status":"closed","template":"","meta":[],"acf":[],"_links":{"self":[{"href":"https:\/\/isfdalmafuerte-bue.infd.edu.ar\/sitio\/wp-json\/wp\/v2\/pages\/1204"}],"collection":[{"href":"https:\/\/isfdalmafuerte-bue.infd.edu.ar\/sitio\/wp-json\/wp\/v2\/pages"}],"about":[{"href":"https:\/\/isfdalmafuerte-bue.infd.edu.ar\/sitio\/wp-json\/wp\/v2\/types\/page"}],"author":[{"embeddable":true,"href":"https:\/\/isfdalmafuerte-bue.infd.edu.ar\/sitio\/wp-json\/wp\/v2\/users\/1269"}],"replies":[{"embeddable":true,"href":"https:\/\/isfdalmafuerte-bue.infd.edu.ar\/sitio\/wp-json\/wp\/v2\/comments?post=1204"}],"version-history":[{"count":13,"href":"https:\/\/isfdalmafuerte-bue.infd.edu.ar\/sitio\/wp-json\/wp\/v2\/pages\/1204\/revisions"}],"predecessor-version":[{"id":3068,"href":"https:\/\/isfdalmafuerte-bue.infd.edu.ar\/sitio\/wp-json\/wp\/v2\/pages\/1204\/revisions\/3068"}],"wp:attachment":[{"href":"https:\/\/isfdalmafuerte-bue.infd.edu.ar\/sitio\/wp-json\/wp\/v2\/media?parent=1204"}],"curies":[{"name":"wp","href":"https:\/\/api.w.org\/{rel}","templated":true}]}}